{"id":36688,"date":"2026-02-27T00:35:31","date_gmt":"2026-02-27T00:35:31","guid":{"rendered":"https:\/\/nordicmart.andreevmaster.com\/product\/koristeellinen-maapallo-glb-2098\/"},"modified":"2026-02-27T09:53:03","modified_gmt":"2026-02-27T09:53:03","slug":"koristeellinen-maapallo-glb-2098","status":"publish","type":"product","link":"https:\/\/nordicmart.andreevmaster.com\/fi\/tuote\/koristeellinen-maapallo-glb-2098\/","title":{"rendered":"Koristeellinen maapallo GLB-2098"},"content":{"rendered":"<p>Koristeellinen maapallo GLB-2098&nbsp;&nbsp;Retro-vintage-tyylinen koristeellinen maapallo rikastuttaa huoneen matkustamisen ja suurten l\u00f6yt\u00f6jen ilmapiirill\u00e4. Maapallo voi auttaa seuraavien seikkailujen suunnittelussa. Se on loistava lahja matkailun yst\u00e4v\u00e4lle, historian harrastajalle ja maantieteilij\u00e4lle.&nbsp;Ruskean ja beigen s\u00e4vyinen maapallo, joka on asetettu puualustalle, sopii hyvin kolonialistisen, englantilaisen tai retrotyylisen toimiston ty\u00f6p\u00f6yd\u00e4lle.&nbsp;&nbsp;Tuotetiedot:&nbsp;Mitat: Korkeus 15 cm, jalustan halkaisija 9 cm, maapallon halkaisija 7,5 cm Materiaali: muovi, puu, metalli V\u00e4ri: ruskean ja beigen s\u00e4vyj\u00e4 Jalusta: puu&nbsp;&nbsp;&nbsp;<\/p>\n","protected":false},"excerpt":{"rendered":"<p>Koristeellinen maapallo GLB-2098&nbsp;&nbsp;Retro-vintage-tyylinen koristeellinen maapallo rikastuttaa huoneen matkustamisen ja suurten l\u00f6yt\u00f6jen ilmapiirill\u00e4. Maapallo voi auttaa seuraavien seikkailujen suunnittelussa. Se on loistava lahja matkailun yst\u00e4v\u00e4lle, historian harrastajalle ja maantieteilij\u00e4lle.&nbsp;Ruskean ja beigen s\u00e4vyinen maapallo, joka on asetettu puualustalle, sopii hyvin kolonialistisen, englantilaisen tai retrotyylisen toimiston ty\u00f6p\u00f6yd\u00e4lle.&nbsp;&nbsp;Tuotetiedot:&nbsp;Mitat: Korkeus 15 cm, jalustan halkaisija 9 cm, maapallon halkaisija 7,5 cm [&hellip;]<\/p>\n","protected":false},"featured_media":44902,"comment_status":"open","ping_status":"closed","template":"","meta":[],"product_brand":[],"product_cat":[32],"product_tag":[],"class_list":{"0":"post-36688","1":"product","2":"type-product","3":"status-publish","4":"has-post-thumbnail","6":"product_cat-uncategorized-fi","8":"first","9":"instock","10":"shipping-taxable","11":"purchasable","12":"product-type-simple"},"_links":{"self":[{"href":"https:\/\/nordicmart.andreevmaster.com\/fi\/wp-json\/wp\/v2\/product\/36688","targetHints":{"allow":["GET"]}}],"collection":[{"href":"https:\/\/nordicmart.andreevmaster.com\/fi\/wp-json\/wp\/v2\/product"}],"about":[{"href":"https:\/\/nordicmart.andreevmaster.com\/fi\/wp-json\/wp\/v2\/types\/product"}],"replies":[{"embeddable":true,"href":"https:\/\/nordicmart.andreevmaster.com\/fi\/wp-json\/wp\/v2\/comments?post=36688"}],"wp:featuredmedia":[{"embeddable":true,"href":"https:\/\/nordicmart.andreevmaster.com\/fi\/wp-json\/wp\/v2\/media\/44902"}],"wp:attachment":[{"href":"https:\/\/nordicmart.andreevmaster.com\/fi\/wp-json\/wp\/v2\/media?parent=36688"}],"wp:term":[{"taxonomy":"product_brand","embeddable":true,"href":"https:\/\/nordicmart.andreevmaster.com\/fi\/wp-json\/wp\/v2\/product_brand?post=36688"},{"taxonomy":"product_cat","embeddable":true,"href":"https:\/\/nordicmart.andreevmaster.com\/fi\/wp-json\/wp\/v2\/product_cat?post=36688"},{"taxonomy":"product_tag","embeddable":true,"href":"https:\/\/nordicmart.andreevmaster.com\/fi\/wp-json\/wp\/v2\/product_tag?post=36688"}],"curies":[{"name":"wp","href":"https:\/\/api.w.org\/{rel}","templated":true}]}}