{"id":36687,"date":"2026-02-27T00:35:31","date_gmt":"2026-02-27T00:35:31","guid":{"rendered":"https:\/\/nordicmart.andreevmaster.com\/product\/yacht-avaimenpera-1078\/"},"modified":"2026-02-27T09:53:03","modified_gmt":"2026-02-27T09:53:03","slug":"yacht-avaimenpera-1078","status":"publish","type":"product","link":"https:\/\/nordicmart.andreevmaster.com\/fi\/tuote\/yacht-avaimenpera-1078\/","title":{"rendered":"Yacht-avaimenper\u00e4 1078"},"content":{"rendered":"<p>Yacht-avaimenper\u00e4 1078&nbsp;&nbsp;Yacht-muotoinen avaimenper\u00e4 on t\u00e4ydellinen, edullinen lahja merenkulkijayst\u00e4v\u00e4llesi. Laiva symboloi el\u00e4m\u00e4nmatkaa, seikkailua ja maailmaa, joten se sopii edulliseksi lahjaksi matkailijalle ja vaeltajalle.&nbsp;Avaimenper\u00e4 on valmistettu messingist\u00e4. Kiinnitet\u00e4\u00e4n avaimiin irrotettavalla karabiinilla.&nbsp;&nbsp;Tiedot:&nbsp;&bull; Mitat: 10,5 cm&bull; Materiaali: messinki&bull; V\u00e4ri: messinki&nbsp;Yacht-avaimenper\u00e4 sopii erinomaisesti:&nbsp;&bull; Edulliseksi lahjaksi merimiehelle&bull; Lahjaksi matkailijalle&bull; Lahjaksi vaeltajalle &bull; Gadget merikarhulle&nbsp;<\/p>\n","protected":false},"excerpt":{"rendered":"<p>Yacht-avaimenper\u00e4 1078&nbsp;&nbsp;Yacht-muotoinen avaimenper\u00e4 on t\u00e4ydellinen, edullinen lahja merenkulkijayst\u00e4v\u00e4llesi. Laiva symboloi el\u00e4m\u00e4nmatkaa, seikkailua ja maailmaa, joten se sopii edulliseksi lahjaksi matkailijalle ja vaeltajalle.&nbsp;Avaimenper\u00e4 on valmistettu messingist\u00e4. Kiinnitet\u00e4\u00e4n avaimiin irrotettavalla karabiinilla.&nbsp;&nbsp;Tiedot:&nbsp;&bull; Mitat: 10,5 cm&bull; Materiaali: messinki&bull; V\u00e4ri: messinki&nbsp;Yacht-avaimenper\u00e4 sopii erinomaisesti:&nbsp;&bull; Edulliseksi lahjaksi merimiehelle&bull; Lahjaksi matkailijalle&bull; Lahjaksi vaeltajalle &bull; Gadget merikarhulle&nbsp;<\/p>\n","protected":false},"featured_media":44901,"comment_status":"open","ping_status":"closed","template":"","meta":[],"product_brand":[],"product_cat":[32],"product_tag":[],"class_list":{"0":"post-36687","1":"product","2":"type-product","3":"status-publish","4":"has-post-thumbnail","6":"product_cat-uncategorized-fi","8":"first","9":"instock","10":"shipping-taxable","11":"purchasable","12":"product-type-simple"},"_links":{"self":[{"href":"https:\/\/nordicmart.andreevmaster.com\/fi\/wp-json\/wp\/v2\/product\/36687","targetHints":{"allow":["GET"]}}],"collection":[{"href":"https:\/\/nordicmart.andreevmaster.com\/fi\/wp-json\/wp\/v2\/product"}],"about":[{"href":"https:\/\/nordicmart.andreevmaster.com\/fi\/wp-json\/wp\/v2\/types\/product"}],"replies":[{"embeddable":true,"href":"https:\/\/nordicmart.andreevmaster.com\/fi\/wp-json\/wp\/v2\/comments?post=36687"}],"wp:featuredmedia":[{"embeddable":true,"href":"https:\/\/nordicmart.andreevmaster.com\/fi\/wp-json\/wp\/v2\/media\/44901"}],"wp:attachment":[{"href":"https:\/\/nordicmart.andreevmaster.com\/fi\/wp-json\/wp\/v2\/media?parent=36687"}],"wp:term":[{"taxonomy":"product_brand","embeddable":true,"href":"https:\/\/nordicmart.andreevmaster.com\/fi\/wp-json\/wp\/v2\/product_brand?post=36687"},{"taxonomy":"product_cat","embeddable":true,"href":"https:\/\/nordicmart.andreevmaster.com\/fi\/wp-json\/wp\/v2\/product_cat?post=36687"},{"taxonomy":"product_tag","embeddable":true,"href":"https:\/\/nordicmart.andreevmaster.com\/fi\/wp-json\/wp\/v2\/product_tag?post=36687"}],"curies":[{"name":"wp","href":"https:\/\/api.w.org\/{rel}","templated":true}]}}