{"id":36686,"date":"2026-02-27T00:35:31","date_gmt":"2026-02-27T00:35:31","guid":{"rendered":"https:\/\/nordicmart.andreevmaster.com\/product\/messinkinen-kompassi-aurinkokellolla-puulaatikossa-1058\/"},"modified":"2026-02-27T09:53:03","modified_gmt":"2026-02-27T09:53:03","slug":"messinkinen-kompassi-aurinkokellolla-puulaatikossa-1058","status":"publish","type":"product","link":"https:\/\/nordicmart.andreevmaster.com\/fi\/tuote\/messinkinen-kompassi-aurinkokellolla-puulaatikossa-1058\/","title":{"rendered":"Messinkinen kompassi aurinkokellolla puulaatikossa 1058"},"content":{"rendered":"<p>Messinkinen kompassi aurinkokellolla puulaatikossa 1058&nbsp;&nbsp;&nbsp;Messinkinen kompassi aurinkokellolla on navigointiv\u00e4line, joka on valmistettu huolella yksityiskohtiin ja viimeistelty retrotyylill\u00e4. Se on hy\u00f6dyllinen retkill\u00e4, vaelluksilla tai mets\u00e4k\u00e4velyill\u00e4. Se auttaa sinua suunnistamaan alueella, lukemaan karttaa ja asettamaan paikallisen ajan. Kompassi aurinkokellolla on hy\u00f6dyllinen lahja matkailijalle, vaelluksen yst\u00e4v\u00e4lle ja kaikille, jotka pit\u00e4v\u00e4t ajoittaisesta vaeltelusta. Kompassin kotelo on valmistettu messingist\u00e4. Kellotaulun arabialaiset numerot osoittavat kellon tunnit. Laitteen avaamisen j\u00e4lkeen k\u00f6ysim\u00e4inen gnomon avautuu automaattisesti. Aurinkokello tulee sijoittaa niin, ett\u00e4 se on auringonvalossa. Gnomon heitt\u00e4\u00e4 varjon paikalliselle ajalle. Kellotaulun alla on kompassi. Koteloon kiinnitetty rengas mahdollistaa ketjun tai hihnan kiinnitt\u00e4misen kompassiin. Kompassi toimitetaan puulaatikossa. Tiedot: Mitat: &Oslash; 4,5 cm Materiaali: messinki, lasi V\u00e4ri: messinki Kirjoitukset: musta Magneettineula Lukittava kompassi Kirjoitus yl\u00e4osassa: The Mary Rose, London 1511-1545 Laatikko: Mitat: 7,5&#215;7,5&#215;3,5cm V\u00e4ri: luonnollinen mango Materiaali: mangopuu<\/p>\n","protected":false},"excerpt":{"rendered":"<p>Messinkinen kompassi aurinkokellolla puulaatikossa 1058&nbsp;&nbsp;&nbsp;Messinkinen kompassi aurinkokellolla on navigointiv\u00e4line, joka on valmistettu huolella yksityiskohtiin ja viimeistelty retrotyylill\u00e4. Se on hy\u00f6dyllinen retkill\u00e4, vaelluksilla tai mets\u00e4k\u00e4velyill\u00e4. Se auttaa sinua suunnistamaan alueella, lukemaan karttaa ja asettamaan paikallisen ajan. Kompassi aurinkokellolla on hy\u00f6dyllinen lahja matkailijalle, vaelluksen yst\u00e4v\u00e4lle ja kaikille, jotka pit\u00e4v\u00e4t ajoittaisesta vaeltelusta. Kompassin kotelo on valmistettu messingist\u00e4. Kellotaulun [&hellip;]<\/p>\n","protected":false},"featured_media":44900,"comment_status":"open","ping_status":"closed","template":"","meta":[],"product_brand":[],"product_cat":[32],"product_tag":[],"class_list":{"0":"post-36686","1":"product","2":"type-product","3":"status-publish","4":"has-post-thumbnail","6":"product_cat-uncategorized-fi","8":"first","9":"instock","10":"shipping-taxable","11":"purchasable","12":"product-type-simple"},"_links":{"self":[{"href":"https:\/\/nordicmart.andreevmaster.com\/fi\/wp-json\/wp\/v2\/product\/36686","targetHints":{"allow":["GET"]}}],"collection":[{"href":"https:\/\/nordicmart.andreevmaster.com\/fi\/wp-json\/wp\/v2\/product"}],"about":[{"href":"https:\/\/nordicmart.andreevmaster.com\/fi\/wp-json\/wp\/v2\/types\/product"}],"replies":[{"embeddable":true,"href":"https:\/\/nordicmart.andreevmaster.com\/fi\/wp-json\/wp\/v2\/comments?post=36686"}],"wp:featuredmedia":[{"embeddable":true,"href":"https:\/\/nordicmart.andreevmaster.com\/fi\/wp-json\/wp\/v2\/media\/44900"}],"wp:attachment":[{"href":"https:\/\/nordicmart.andreevmaster.com\/fi\/wp-json\/wp\/v2\/media?parent=36686"}],"wp:term":[{"taxonomy":"product_brand","embeddable":true,"href":"https:\/\/nordicmart.andreevmaster.com\/fi\/wp-json\/wp\/v2\/product_brand?post=36686"},{"taxonomy":"product_cat","embeddable":true,"href":"https:\/\/nordicmart.andreevmaster.com\/fi\/wp-json\/wp\/v2\/product_cat?post=36686"},{"taxonomy":"product_tag","embeddable":true,"href":"https:\/\/nordicmart.andreevmaster.com\/fi\/wp-json\/wp\/v2\/product_tag?post=36686"}],"curies":[{"name":"wp","href":"https:\/\/api.w.org\/{rel}","templated":true}]}}