{"id":36685,"date":"2026-02-27T00:35:31","date_gmt":"2026-02-27T00:35:31","guid":{"rendered":"https:\/\/nordicmart.andreevmaster.com\/product\/domino-setti-br157\/"},"modified":"2026-02-27T09:53:02","modified_gmt":"2026-02-27T09:53:02","slug":"domino-setti-br157","status":"publish","type":"product","link":"https:\/\/nordicmart.andreevmaster.com\/fi\/tuote\/domino-setti-br157\/","title":{"rendered":"Domino-setti BR157"},"content":{"rendered":"<p>Domino-setti BR157&nbsp;Domino-setti on perinteinen peli, joka tekee perheillanvietosta entist\u00e4 miellytt\u00e4v\u00e4mm\u00e4n. Domino on peli, jonka s\u00e4\u00e4nn\u00f6t ovat yksinkertaiset, mink\u00e4 ansiosta my\u00f6s perheen nuorimmat j\u00e4senet voivat nauttia siit\u00e4.&nbsp;Dominon pelaaminen vaikuttaa positiivisesti muistia, loogista ajattelua, havainnointikyky\u00e4 ja keskittymiskyky\u00e4 kehitt\u00e4viin taitoihin. Se voi olla my\u00f6s hauska tapa opettaa lapsille laskemista.&nbsp;Dominopalikoista voi rakentaa erilaisia rakennelmia, ja pystysuoraan aseteltujen palikoiden ty\u00f6nt\u00e4minen k\u00e4ynnist\u00e4\u00e4 dominoefektin, joka on hauskaa etenkin pienimmille.&nbsp;&nbsp;Tiedot:&nbsp;&nbsp;Domino:&nbsp;Materiaali: puu \u2013 mangoMessinkikoristeet28 dominopalikkaa&nbsp;Laatikko:&nbsp;Laatikon mitat: 15 x 8 x 4,5 cmPuinen laatikkoSymbolinen domino-palikka kannessa&nbsp;Peli:&nbsp;Peli 2\u20134 hengelleVakiopeli kest\u00e4\u00e4 noin 10 minuuttia&nbsp;&nbsp;Huomio! T\u00e4m\u00e4 tuote ei ole lelu, eik\u00e4 se sovellu alle 14-vuotiaille lapsille. &nbsp;<\/p>\n","protected":false},"excerpt":{"rendered":"<p>Domino-setti BR157&nbsp;Domino-setti on perinteinen peli, joka tekee perheillanvietosta entist\u00e4 miellytt\u00e4v\u00e4mm\u00e4n. Domino on peli, jonka s\u00e4\u00e4nn\u00f6t ovat yksinkertaiset, mink\u00e4 ansiosta my\u00f6s perheen nuorimmat j\u00e4senet voivat nauttia siit\u00e4.&nbsp;Dominon pelaaminen vaikuttaa positiivisesti muistia, loogista ajattelua, havainnointikyky\u00e4 ja keskittymiskyky\u00e4 kehitt\u00e4viin taitoihin. Se voi olla my\u00f6s hauska tapa opettaa lapsille laskemista.&nbsp;Dominopalikoista voi rakentaa erilaisia rakennelmia, ja pystysuoraan aseteltujen palikoiden ty\u00f6nt\u00e4minen [&hellip;]<\/p>\n","protected":false},"featured_media":44899,"comment_status":"open","ping_status":"closed","template":"","meta":[],"product_brand":[],"product_cat":[32],"product_tag":[],"class_list":{"0":"post-36685","1":"product","2":"type-product","3":"status-publish","4":"has-post-thumbnail","6":"product_cat-uncategorized-fi","8":"first","9":"instock","10":"shipping-taxable","11":"purchasable","12":"product-type-simple"},"_links":{"self":[{"href":"https:\/\/nordicmart.andreevmaster.com\/fi\/wp-json\/wp\/v2\/product\/36685","targetHints":{"allow":["GET"]}}],"collection":[{"href":"https:\/\/nordicmart.andreevmaster.com\/fi\/wp-json\/wp\/v2\/product"}],"about":[{"href":"https:\/\/nordicmart.andreevmaster.com\/fi\/wp-json\/wp\/v2\/types\/product"}],"replies":[{"embeddable":true,"href":"https:\/\/nordicmart.andreevmaster.com\/fi\/wp-json\/wp\/v2\/comments?post=36685"}],"wp:featuredmedia":[{"embeddable":true,"href":"https:\/\/nordicmart.andreevmaster.com\/fi\/wp-json\/wp\/v2\/media\/44899"}],"wp:attachment":[{"href":"https:\/\/nordicmart.andreevmaster.com\/fi\/wp-json\/wp\/v2\/media?parent=36685"}],"wp:term":[{"taxonomy":"product_brand","embeddable":true,"href":"https:\/\/nordicmart.andreevmaster.com\/fi\/wp-json\/wp\/v2\/product_brand?post=36685"},{"taxonomy":"product_cat","embeddable":true,"href":"https:\/\/nordicmart.andreevmaster.com\/fi\/wp-json\/wp\/v2\/product_cat?post=36685"},{"taxonomy":"product_tag","embeddable":true,"href":"https:\/\/nordicmart.andreevmaster.com\/fi\/wp-json\/wp\/v2\/product_tag?post=36685"}],"curies":[{"name":"wp","href":"https:\/\/api.w.org\/{rel}","templated":true}]}}