{"id":36684,"date":"2026-02-27T00:35:31","date_gmt":"2026-02-27T00:35:31","guid":{"rendered":"https:\/\/nordicmart.andreevmaster.com\/product\/suurennuslasi-nc2203\/"},"modified":"2026-02-27T09:53:02","modified_gmt":"2026-02-27T09:53:02","slug":"suurennuslasi-nc2203","status":"publish","type":"product","link":"https:\/\/nordicmart.andreevmaster.com\/fi\/tuote\/suurennuslasi-nc2203\/","title":{"rendered":"Suurennuslasi NC2203"},"content":{"rendered":"<p>Suurennuslasi NC2203Tyylik\u00e4s kahvalla varustettu suurennuslasi auttaa sinua ratkaisemaan pienell\u00e4 painetulla tekstill\u00e4 kirjoitettuja pulmia, tutkimaan postimerkkej\u00e4 ja kolikoita sek\u00e4 l\u00f6yt\u00e4m\u00e4\u00e4n vaikeasti havaittavia yksityiskohtia. Suurennuslasi takaa lukemisen mukavuuden ja poistaa n\u00e4k\u00f6vamman aiheuttamat rajoitukset. Suurennuslasi on tyylik\u00e4s lahja postimerkkien ja kolikoiden ker\u00e4ilij\u00f6ille sek\u00e4 kaikille, jotka etsiv\u00e4t piilotettuja yksityiskohtia. Se on my\u00f6s hy\u00f6dyllinen lahja iso\u00e4idille ja isois\u00e4lle.&nbsp;Suurennuslasin linssi on sijoitettu messinkikehykseen luukahvassa.&nbsp;&nbsp;Suurennuslasi NC2203 tiedot:&nbsp;Materiaali: lasi, messinkiV\u00e4ri: kulta, ruskeaLuukahvaMitat: 30 cm x &Oslash; 10 cm, suurennus x3,5Huomautus: Puhvelinsarvi on luonnollinen materiaali \u2013 sarven v\u00e4ri, muoto ja mitat voivat poiketa hieman yll\u00e4 esitetyist\u00e4.&nbsp;&nbsp;<\/p>\n","protected":false},"excerpt":{"rendered":"<p>Suurennuslasi NC2203Tyylik\u00e4s kahvalla varustettu suurennuslasi auttaa sinua ratkaisemaan pienell\u00e4 painetulla tekstill\u00e4 kirjoitettuja pulmia, tutkimaan postimerkkej\u00e4 ja kolikoita sek\u00e4 l\u00f6yt\u00e4m\u00e4\u00e4n vaikeasti havaittavia yksityiskohtia. Suurennuslasi takaa lukemisen mukavuuden ja poistaa n\u00e4k\u00f6vamman aiheuttamat rajoitukset. Suurennuslasi on tyylik\u00e4s lahja postimerkkien ja kolikoiden ker\u00e4ilij\u00f6ille sek\u00e4 kaikille, jotka etsiv\u00e4t piilotettuja yksityiskohtia. Se on my\u00f6s hy\u00f6dyllinen lahja iso\u00e4idille ja isois\u00e4lle.&nbsp;Suurennuslasin linssi on [&hellip;]<\/p>\n","protected":false},"featured_media":44898,"comment_status":"open","ping_status":"closed","template":"","meta":[],"product_brand":[],"product_cat":[32],"product_tag":[],"class_list":{"0":"post-36684","1":"product","2":"type-product","3":"status-publish","4":"has-post-thumbnail","6":"product_cat-uncategorized-fi","8":"first","9":"instock","10":"shipping-taxable","11":"purchasable","12":"product-type-simple"},"_links":{"self":[{"href":"https:\/\/nordicmart.andreevmaster.com\/fi\/wp-json\/wp\/v2\/product\/36684","targetHints":{"allow":["GET"]}}],"collection":[{"href":"https:\/\/nordicmart.andreevmaster.com\/fi\/wp-json\/wp\/v2\/product"}],"about":[{"href":"https:\/\/nordicmart.andreevmaster.com\/fi\/wp-json\/wp\/v2\/types\/product"}],"replies":[{"embeddable":true,"href":"https:\/\/nordicmart.andreevmaster.com\/fi\/wp-json\/wp\/v2\/comments?post=36684"}],"wp:featuredmedia":[{"embeddable":true,"href":"https:\/\/nordicmart.andreevmaster.com\/fi\/wp-json\/wp\/v2\/media\/44898"}],"wp:attachment":[{"href":"https:\/\/nordicmart.andreevmaster.com\/fi\/wp-json\/wp\/v2\/media?parent=36684"}],"wp:term":[{"taxonomy":"product_brand","embeddable":true,"href":"https:\/\/nordicmart.andreevmaster.com\/fi\/wp-json\/wp\/v2\/product_brand?post=36684"},{"taxonomy":"product_cat","embeddable":true,"href":"https:\/\/nordicmart.andreevmaster.com\/fi\/wp-json\/wp\/v2\/product_cat?post=36684"},{"taxonomy":"product_tag","embeddable":true,"href":"https:\/\/nordicmart.andreevmaster.com\/fi\/wp-json\/wp\/v2\/product_tag?post=36684"}],"curies":[{"name":"wp","href":"https:\/\/api.w.org\/{rel}","templated":true}]}}