{"id":36683,"date":"2026-02-27T00:35:30","date_gmt":"2026-02-27T00:35:30","guid":{"rendered":"https:\/\/nordicmart.andreevmaster.com\/product\/iso-eksklusiivinen-kullattu-metallinen-shakkipeli-53x53-cm-n137\/"},"modified":"2026-02-27T09:53:02","modified_gmt":"2026-02-27T09:53:02","slug":"iso-eksklusiivinen-kullattu-metallinen-shakkipeli-53x53-cm-n137","status":"publish","type":"product","link":"https:\/\/nordicmart.andreevmaster.com\/fi\/tuote\/iso-eksklusiivinen-kullattu-metallinen-shakkipeli-53x53-cm-n137\/","title":{"rendered":"Iso eksklusiivinen kullattu metallinen shakkipeli 53&#215;53 cm \u2013 N137"},"content":{"rendered":"<p>Iso eksklusiivinen kullattu metallinen shakkipeli 53&#215;53 cm \u2013 N137&nbsp;&nbsp;Esittelemme teille italialaisen Italfama-yrityksen valmistaman eksklusiivisen shakkipelin. Valmistuksessa k\u00e4ytettyjen materiaalien korkea laatu tekee niist\u00e4 kest\u00e4vi\u00e4 ja pitk\u00e4ik\u00e4isi\u00e4, ja niiden valmistus takaa, ett\u00e4 ne kest\u00e4v\u00e4t useita vuosia. Valmistettu huolella jokaiseen yksityiskohtaan. Eritt\u00e4in suuri 53 x 53 cm:n shakkilauta, joka on valmistettu kauniista tummanruskeasta villiruusupuun puusta, ja kullatusta metallista valmistetut shakkipalat ovat yhdistelm\u00e4, joka ilahduttaa kaikkia shakkia rakastavia.&nbsp;T\u00e4m\u00e4 eksklusiivinen shakkipeli on enemm\u00e4n kuin pelkk\u00e4 shakkipeli. Se on my\u00f6s kaunis koriste, joka sopii upeasti mihin tahansa huoneeseen. Shakkipalojen ajaton muotoilu lis\u00e4\u00e4 klassista eleganssia ja tyyli\u00e4, mik\u00e4 tekee niist\u00e4 t\u00e4ydellisen lahjan pomolle tai liikekumppaneille. T\u00e4m\u00e4 shakki on suunniteltu hienostuneen maun omaaville, ja se on t\u00e4ydellinen valinta niille, jotka arvostavat ylellisyytt\u00e4 ja korkeaa laatua. Shakin pelaaminen ei ole vain mielenkiintoinen ja mukaansatempaava tapa viett\u00e4\u00e4 vapaa-aikaa, vaan sill\u00e4 on my\u00f6s monia etuja mielelle ja terveydelle. Shakki auttaa kehitt\u00e4m\u00e4\u00e4n taitoja, kuten luovuutta, loogista ajattelua, strategiaa, keskittymiskyky\u00e4 ja muistia. Lis\u00e4ksi s\u00e4\u00e4nn\u00f6llinen shakkipelaaminen parantaa kognitiivisia kykyj\u00e4, mik\u00e4 voi olla erityisen hy\u00f6dyllist\u00e4 ik\u00e4\u00e4ntyville ihmisille. &nbsp;&nbsp;Shakkilauta:&nbsp;Shakkilaudan mitat: 53 x 53 x 9,5 cmShakkilauta valmistettu villiruusupuustaShakkilaudan v\u00e4ri &#8211; ruskean ja valkoisen s\u00e4vytK\u00e4sin upotettuLaatikko nappuloiden s\u00e4ilytt\u00e4mist\u00e4 varten&nbsp;Shakkipalat:&nbsp;Palat valmistettu sinkist\u00e4 \u2013 kullattu 24 karaatin kullalla ja hopeoitu 925 hopealla. Huippulaatuinen k\u00e4sin viimeistely. Kuninkaan korkeus: 7,5 cm. Palojen v\u00e4ri \u2013 kulta\/hopea.&nbsp;<\/p>\n","protected":false},"excerpt":{"rendered":"<p>Iso eksklusiivinen kullattu metallinen shakkipeli 53&#215;53 cm \u2013 N137&nbsp;&nbsp;Esittelemme teille italialaisen Italfama-yrityksen valmistaman eksklusiivisen shakkipelin. Valmistuksessa k\u00e4ytettyjen materiaalien korkea laatu tekee niist\u00e4 kest\u00e4vi\u00e4 ja pitk\u00e4ik\u00e4isi\u00e4, ja niiden valmistus takaa, ett\u00e4 ne kest\u00e4v\u00e4t useita vuosia. Valmistettu huolella jokaiseen yksityiskohtaan. Eritt\u00e4in suuri 53 x 53 cm:n shakkilauta, joka on valmistettu kauniista tummanruskeasta villiruusupuun puusta, ja kullatusta metallista [&hellip;]<\/p>\n","protected":false},"featured_media":44897,"comment_status":"open","ping_status":"closed","template":"","meta":[],"product_brand":[],"product_cat":[32],"product_tag":[],"class_list":{"0":"post-36683","1":"product","2":"type-product","3":"status-publish","4":"has-post-thumbnail","6":"product_cat-uncategorized-fi","8":"first","9":"instock","10":"shipping-taxable","11":"purchasable","12":"product-type-simple"},"_links":{"self":[{"href":"https:\/\/nordicmart.andreevmaster.com\/fi\/wp-json\/wp\/v2\/product\/36683","targetHints":{"allow":["GET"]}}],"collection":[{"href":"https:\/\/nordicmart.andreevmaster.com\/fi\/wp-json\/wp\/v2\/product"}],"about":[{"href":"https:\/\/nordicmart.andreevmaster.com\/fi\/wp-json\/wp\/v2\/types\/product"}],"replies":[{"embeddable":true,"href":"https:\/\/nordicmart.andreevmaster.com\/fi\/wp-json\/wp\/v2\/comments?post=36683"}],"wp:featuredmedia":[{"embeddable":true,"href":"https:\/\/nordicmart.andreevmaster.com\/fi\/wp-json\/wp\/v2\/media\/44897"}],"wp:attachment":[{"href":"https:\/\/nordicmart.andreevmaster.com\/fi\/wp-json\/wp\/v2\/media?parent=36683"}],"wp:term":[{"taxonomy":"product_brand","embeddable":true,"href":"https:\/\/nordicmart.andreevmaster.com\/fi\/wp-json\/wp\/v2\/product_brand?post=36683"},{"taxonomy":"product_cat","embeddable":true,"href":"https:\/\/nordicmart.andreevmaster.com\/fi\/wp-json\/wp\/v2\/product_cat?post=36683"},{"taxonomy":"product_tag","embeddable":true,"href":"https:\/\/nordicmart.andreevmaster.com\/fi\/wp-json\/wp\/v2\/product_tag?post=36683"}],"curies":[{"name":"wp","href":"https:\/\/api.w.org\/{rel}","templated":true}]}}