{"id":36682,"date":"2026-02-27T00:35:30","date_gmt":"2026-02-27T00:35:30","guid":{"rendered":"https:\/\/nordicmart.andreevmaster.com\/product\/merisaaasema-fischer-1508bth-45-6\/"},"modified":"2026-02-27T09:53:02","modified_gmt":"2026-02-27T09:53:02","slug":"merisaaasema-fischer-1508bth-45-6","status":"publish","type":"product","link":"https:\/\/nordicmart.andreevmaster.com\/fi\/tuote\/merisaaasema-fischer-1508bth-45-6\/","title":{"rendered":"Meris\u00e4\u00e4asema Fischer 1508BTH-45.6"},"content":{"rendered":"<p>Meris\u00e4\u00e4asema Fischer 1508BTH-45.6&nbsp;&nbsp;Esittelemme teille saksalaisen Fischer-yhti\u00f6n valmistaman tyylikk\u00e4\u00e4n ja eritt\u00e4in tarkan s\u00e4\u00e4aseman. Sarja sis\u00e4lt\u00e4\u00e4 barometrin, kosteusmittarin ja l\u00e4mp\u00f6mittarin. Fisherin s\u00e4\u00e4aseman ansiosta voit hallita kotisi mikroilmastoa. Barometrin avulla voit seurata paineen laskuja ja nousuja. Kosteusmittari n\u00e4ytt\u00e4\u00e4 kodin ilmankosteuden, ja l\u00e4mp\u00f6mittarista voit lukea l\u00e4mp\u00f6tilan. Tuote on valmistettu merihenkisess\u00e4 tyyliss\u00e4. Kaunis kultainen kotelo n\u00e4ytt\u00e4\u00e4 upealta. Kultaisen kotelon ja mustan kellotaulun yhdistelm\u00e4 kultaisilla korostuksilla n\u00e4ytt\u00e4\u00e4 eritt\u00e4in tyylikk\u00e4\u00e4lt\u00e4 ja tuo tyyli\u00e4 huoneeseesi. T\u00e4m\u00e4 tuote on sek\u00e4 kaunis ett\u00e4 eritt\u00e4in hy\u00f6dyllinen. Se on tunnettujen Fischer-yhti\u00f6n valmistama korkealaatuinen tuote. Fischer-yhti\u00f6 perustettiin vuonna 1945 Drebachissa, Saksassa, ja se on valmistanut siell\u00e4 barometrej\u00e4, kosteusmittareita ja l\u00e4mp\u00f6mittareita siit\u00e4 l\u00e4htien. Yhti\u00f6ll\u00e4 on yli 70 vuoden kokemus alalta. Nyky\u00e4\u00e4n Fischer on tunnettu ja arvostettu korkealaatuisten tuotteiden toimittaja. Kaikki tuotteet valmistetaan k\u00e4sity\u00f6n\u00e4 yksinomaan Saksan Erzgebirge-vuoristossa. Mitat: Halkaisija 12,5 cm. Muita tuotteen ominaisuuksia: Nimet kilviss\u00e4 englanniksi. Barometrin mittaustarkkuus: \u00b1 3 hPa, kosteusmittarin mittaustarkkuus: \u00b1 3 % r.h. (20 &#8230; 100 %), +1 asteikko L\u00e4mp\u00f6mittarin mittaustarkkuus: \u00b1 1 K Huomio! Barometrin, l\u00e4mp\u00f6mittarin ja kosteusmittarin asteikko on asetettu tehtaalla. Voimakkaiden iskujen vuoksi uusi s\u00e4\u00e4t\u00f6 voi kuitenkin olla tarpeen. T\u00e4t\u00e4 varten barometrin ja kosteusmittarin tapauksessa k\u00e4yt\u00e4 ruuvimeisseli\u00e4 ja s\u00e4\u00e4d\u00e4 laitteen takana olevaa ruuvia mukana toimitetun k\u00e4ytt\u00f6ohjeen ohjeiden mukaisesti. L\u00e4mp\u00f6mittarin tapauksessa, kun elohopeapylv\u00e4s on repeytynyt, se voidaan korjata nyk\u00e4isem\u00e4ll\u00e4 pylv\u00e4st\u00e4 useita kertoja voimakkaasti.<\/p>\n","protected":false},"excerpt":{"rendered":"<p>Meris\u00e4\u00e4asema Fischer 1508BTH-45.6&nbsp;&nbsp;Esittelemme teille saksalaisen Fischer-yhti\u00f6n valmistaman tyylikk\u00e4\u00e4n ja eritt\u00e4in tarkan s\u00e4\u00e4aseman. Sarja sis\u00e4lt\u00e4\u00e4 barometrin, kosteusmittarin ja l\u00e4mp\u00f6mittarin. Fisherin s\u00e4\u00e4aseman ansiosta voit hallita kotisi mikroilmastoa. Barometrin avulla voit seurata paineen laskuja ja nousuja. Kosteusmittari n\u00e4ytt\u00e4\u00e4 kodin ilmankosteuden, ja l\u00e4mp\u00f6mittarista voit lukea l\u00e4mp\u00f6tilan. Tuote on valmistettu merihenkisess\u00e4 tyyliss\u00e4. Kaunis kultainen kotelo n\u00e4ytt\u00e4\u00e4 upealta. Kultaisen kotelon ja [&hellip;]<\/p>\n","protected":false},"featured_media":44896,"comment_status":"open","ping_status":"closed","template":"","meta":[],"product_brand":[],"product_cat":[32],"product_tag":[],"class_list":{"0":"post-36682","1":"product","2":"type-product","3":"status-publish","4":"has-post-thumbnail","6":"product_cat-uncategorized-fi","8":"first","9":"instock","10":"shipping-taxable","11":"purchasable","12":"product-type-simple"},"_links":{"self":[{"href":"https:\/\/nordicmart.andreevmaster.com\/fi\/wp-json\/wp\/v2\/product\/36682","targetHints":{"allow":["GET"]}}],"collection":[{"href":"https:\/\/nordicmart.andreevmaster.com\/fi\/wp-json\/wp\/v2\/product"}],"about":[{"href":"https:\/\/nordicmart.andreevmaster.com\/fi\/wp-json\/wp\/v2\/types\/product"}],"replies":[{"embeddable":true,"href":"https:\/\/nordicmart.andreevmaster.com\/fi\/wp-json\/wp\/v2\/comments?post=36682"}],"wp:featuredmedia":[{"embeddable":true,"href":"https:\/\/nordicmart.andreevmaster.com\/fi\/wp-json\/wp\/v2\/media\/44896"}],"wp:attachment":[{"href":"https:\/\/nordicmart.andreevmaster.com\/fi\/wp-json\/wp\/v2\/media?parent=36682"}],"wp:term":[{"taxonomy":"product_brand","embeddable":true,"href":"https:\/\/nordicmart.andreevmaster.com\/fi\/wp-json\/wp\/v2\/product_brand?post=36682"},{"taxonomy":"product_cat","embeddable":true,"href":"https:\/\/nordicmart.andreevmaster.com\/fi\/wp-json\/wp\/v2\/product_cat?post=36682"},{"taxonomy":"product_tag","embeddable":true,"href":"https:\/\/nordicmart.andreevmaster.com\/fi\/wp-json\/wp\/v2\/product_tag?post=36682"}],"curies":[{"name":"wp","href":"https:\/\/api.w.org\/{rel}","templated":true}]}}