{"id":36681,"date":"2026-02-27T00:35:30","date_gmt":"2026-02-27T00:35:30","guid":{"rendered":"https:\/\/nordicmart.andreevmaster.com\/product\/exclusive-chess-28-x-28-cm-s3bblu-2\/"},"modified":"2026-02-27T09:53:01","modified_gmt":"2026-02-27T09:53:01","slug":"exclusive-chess-28-x-28-cm-s3bblu-2","status":"publish","type":"product","link":"https:\/\/nordicmart.andreevmaster.com\/fi\/tuote\/exclusive-chess-28-x-28-cm-s3bblu-2\/","title":{"rendered":"Exclusive Chess 28 x 28 cm &#8211; S3BBLU"},"content":{"rendered":"<p>Exclusive Chess &#8211; Shakkilaudat 28 x 28 cm &nbsp;&nbsp;Etsitk\u00f6 jotain muuta kuin tavallisia shakkipaloja? Haluatko sarjan, joka on paitsi toimiva, my\u00f6s sisustuksen koriste? Meill\u00e4 on sinulle t\u00e4ydellinen ehdotus \u2013 kaunis, eksklusiivinen shakkipeli, joka ilahduttaa kaikkia pelin yst\u00e4vi\u00e4.&nbsp;Sarjan v\u00e4rimaailma on suunniteltu tarjoamaan erinomainen kontrasti ja esteettisyys. Antiikkimessinkiset nappulat sopivat t\u00e4ydellisesti shakkilaudan tummansinisiin ja kultaisiin ruutuihin. Lis\u00e4ksi toinen armeijoista on sinisen s\u00e4vyiss\u00e4, mik\u00e4 antaa koko nappulalle entist\u00e4 elegantimman ilmeen.&nbsp;T\u00e4m\u00e4 shakkipeli viittaa 2. vuosisadan eKr. kreikkalais-roomalaisten sotien aikaan. Kasvava Rooma voitti Kreikan, mutta kuten Horatius tapasi sanoa: Valloitettu Kreikka valloitti villit voittajat. Tarkoitamme tietysti kreikkalaisen kulttuurin ja tieteen ylivoimaa, jonka roomalaiset alkoivat nopeasti omaksua.&nbsp;&nbsp;Tuotetiedot:&nbsp;Shakkilaudan mitat: 28 x 28 cm \u2013 valmistettu messingist\u00e4 Kuninkaan korkeus: 5,4 cm Messinkiset nappulat Sarjan paino: 3,4 kg V\u00e4rimaailma: nappulat \u2013 antiikkimessinki, toinen armeija \u2013 sinisen s\u00e4vyt hyv\u00e4n kontrastin luomiseksi; shakkilauta \u2013 tummansininen ja kultaiset ruudut Korkealaatuinen k\u00e4sintehty viimeistely. Shakkipalat on pakattu kauniiseen, ylelliseen puulaatikkoon. Sis\u00e4ll\u00e4 on huolellisesti valmistettu muotti nappuloiden pinoamista ja turvallista s\u00e4ilytt\u00e4mist\u00e4 varten. Laatikko on suojattu koristeellisella mustalla ja kultaisella pahvilaatikolla. Tuote on eritt\u00e4in eksklusiivinen, kaunis lahja. &nbsp;&nbsp;<\/p>\n","protected":false},"excerpt":{"rendered":"<p>Exclusive Chess &#8211; Shakkilaudat 28 x 28 cm &nbsp;&nbsp;Etsitk\u00f6 jotain muuta kuin tavallisia shakkipaloja? Haluatko sarjan, joka on paitsi toimiva, my\u00f6s sisustuksen koriste? Meill\u00e4 on sinulle t\u00e4ydellinen ehdotus \u2013 kaunis, eksklusiivinen shakkipeli, joka ilahduttaa kaikkia pelin yst\u00e4vi\u00e4.&nbsp;Sarjan v\u00e4rimaailma on suunniteltu tarjoamaan erinomainen kontrasti ja esteettisyys. Antiikkimessinkiset nappulat sopivat t\u00e4ydellisesti shakkilaudan tummansinisiin ja kultaisiin ruutuihin. Lis\u00e4ksi [&hellip;]<\/p>\n","protected":false},"featured_media":44895,"comment_status":"open","ping_status":"closed","template":"","meta":[],"product_brand":[],"product_cat":[32],"product_tag":[],"class_list":{"0":"post-36681","1":"product","2":"type-product","3":"status-publish","4":"has-post-thumbnail","6":"product_cat-uncategorized-fi","8":"first","9":"instock","10":"shipping-taxable","11":"purchasable","12":"product-type-simple"},"_links":{"self":[{"href":"https:\/\/nordicmart.andreevmaster.com\/fi\/wp-json\/wp\/v2\/product\/36681","targetHints":{"allow":["GET"]}}],"collection":[{"href":"https:\/\/nordicmart.andreevmaster.com\/fi\/wp-json\/wp\/v2\/product"}],"about":[{"href":"https:\/\/nordicmart.andreevmaster.com\/fi\/wp-json\/wp\/v2\/types\/product"}],"replies":[{"embeddable":true,"href":"https:\/\/nordicmart.andreevmaster.com\/fi\/wp-json\/wp\/v2\/comments?post=36681"}],"wp:featuredmedia":[{"embeddable":true,"href":"https:\/\/nordicmart.andreevmaster.com\/fi\/wp-json\/wp\/v2\/media\/44895"}],"wp:attachment":[{"href":"https:\/\/nordicmart.andreevmaster.com\/fi\/wp-json\/wp\/v2\/media?parent=36681"}],"wp:term":[{"taxonomy":"product_brand","embeddable":true,"href":"https:\/\/nordicmart.andreevmaster.com\/fi\/wp-json\/wp\/v2\/product_brand?post=36681"},{"taxonomy":"product_cat","embeddable":true,"href":"https:\/\/nordicmart.andreevmaster.com\/fi\/wp-json\/wp\/v2\/product_cat?post=36681"},{"taxonomy":"product_tag","embeddable":true,"href":"https:\/\/nordicmart.andreevmaster.com\/fi\/wp-json\/wp\/v2\/product_tag?post=36681"}],"curies":[{"name":"wp","href":"https:\/\/api.w.org\/{rel}","templated":true}]}}