{"id":36680,"date":"2026-02-27T00:35:29","date_gmt":"2026-02-27T00:35:29","guid":{"rendered":"https:\/\/nordicmart.andreevmaster.com\/product\/retro-world-map-reprint-52-x-39-cm-john-speed-vuosi-1651-m1651\/"},"modified":"2026-02-27T09:53:01","modified_gmt":"2026-02-27T09:53:01","slug":"retro-world-map-reprint-52-x-39-cm-john-speed-vuosi-1651-m1651","status":"publish","type":"product","link":"https:\/\/nordicmart.andreevmaster.com\/fi\/tuote\/retro-world-map-reprint-52-x-39-cm-john-speed-vuosi-1651-m1651\/","title":{"rendered":"Retro World Map Reprint &#8211; 52 x 39 cm &#8211; John Speed, vuosi 1651 &#8211; M1651"},"content":{"rendered":"<p>Retro-maailmankartta, uusintapainos \u2013 52 x 39 cm \u2013 John Speed, vuosi 1651 \u2013 M1651&nbsp;&nbsp;Mitat: 52 x 39,3 cm&nbsp;Vintage-kartat ovat ainutlaatuinen ja mielenkiintoinen sisustusvalinta, joka tuo ripauksen historiaa ja luonnetta mihin tahansa huoneeseen. Ne voivat olla my\u00f6s merkityksellisi\u00e4 lahjoja, sill\u00e4 ne voivat her\u00e4tt\u00e4\u00e4 muistoja menneist\u00e4 matkoista tai toimia inspiraationa tuleville matkoille. Lis\u00e4ksi vintage-kartat ovat usein kauniisti suunniteltuja ja voivat toimia itsess\u00e4\u00e4n taideteoksina.&nbsp;T\u00e4m\u00e4 uusintapainos John Speedin eritt\u00e4in harvinaisesta maailmankartasta vuodelta 1651 on v\u00e4rik\u00e4s ja silm\u00e4\u00e4npist\u00e4v\u00e4 sisustuselementti, jota voi tutkia tuntikausia. Se oli yksi varhaisimmista englanninkielisist\u00e4 kartoista. Uusintapainos on valmistettu huolella alkuper\u00e4ist\u00e4 karttaa muistuttavaksi. Paperin tekstuuri ja v\u00e4ri on tarkoitettu j\u00e4ljittelem\u00e4\u00e4n materiaalia, jolle alkuper\u00e4iset kartat on painettu. 1700-luvun maailmankartta on edelleen t\u00e4ynn\u00e4 mysteerej\u00e4. Ainutlaatuisesti koristeltu, v\u00e4rillinen kartta on upea lahja matkailijalle, historioitsijalle ja kaikille, jotka tuntevat seikkailun kutsun. Retrohenkinen maailmankartta on upea koriste-esine ty\u00f6huoneeseen, toimistoon tai olohuoneeseen, ja se tuo huoneeseen maailmanmatkaajan tunnelmaa.&nbsp;&nbsp;<\/p>\n","protected":false},"excerpt":{"rendered":"<p>Retro-maailmankartta, uusintapainos \u2013 52 x 39 cm \u2013 John Speed, vuosi 1651 \u2013 M1651&nbsp;&nbsp;Mitat: 52 x 39,3 cm&nbsp;Vintage-kartat ovat ainutlaatuinen ja mielenkiintoinen sisustusvalinta, joka tuo ripauksen historiaa ja luonnetta mihin tahansa huoneeseen. Ne voivat olla my\u00f6s merkityksellisi\u00e4 lahjoja, sill\u00e4 ne voivat her\u00e4tt\u00e4\u00e4 muistoja menneist\u00e4 matkoista tai toimia inspiraationa tuleville matkoille. Lis\u00e4ksi vintage-kartat ovat usein kauniisti [&hellip;]<\/p>\n","protected":false},"featured_media":44894,"comment_status":"open","ping_status":"closed","template":"","meta":[],"product_brand":[],"product_cat":[32],"product_tag":[],"class_list":{"0":"post-36680","1":"product","2":"type-product","3":"status-publish","4":"has-post-thumbnail","6":"product_cat-uncategorized-fi","8":"first","9":"instock","10":"shipping-taxable","11":"purchasable","12":"product-type-simple"},"_links":{"self":[{"href":"https:\/\/nordicmart.andreevmaster.com\/fi\/wp-json\/wp\/v2\/product\/36680","targetHints":{"allow":["GET"]}}],"collection":[{"href":"https:\/\/nordicmart.andreevmaster.com\/fi\/wp-json\/wp\/v2\/product"}],"about":[{"href":"https:\/\/nordicmart.andreevmaster.com\/fi\/wp-json\/wp\/v2\/types\/product"}],"replies":[{"embeddable":true,"href":"https:\/\/nordicmart.andreevmaster.com\/fi\/wp-json\/wp\/v2\/comments?post=36680"}],"wp:featuredmedia":[{"embeddable":true,"href":"https:\/\/nordicmart.andreevmaster.com\/fi\/wp-json\/wp\/v2\/media\/44894"}],"wp:attachment":[{"href":"https:\/\/nordicmart.andreevmaster.com\/fi\/wp-json\/wp\/v2\/media?parent=36680"}],"wp:term":[{"taxonomy":"product_brand","embeddable":true,"href":"https:\/\/nordicmart.andreevmaster.com\/fi\/wp-json\/wp\/v2\/product_brand?post=36680"},{"taxonomy":"product_cat","embeddable":true,"href":"https:\/\/nordicmart.andreevmaster.com\/fi\/wp-json\/wp\/v2\/product_cat?post=36680"},{"taxonomy":"product_tag","embeddable":true,"href":"https:\/\/nordicmart.andreevmaster.com\/fi\/wp-json\/wp\/v2\/product_tag?post=36680"}],"curies":[{"name":"wp","href":"https:\/\/api.w.org\/{rel}","templated":true}]}}