{"id":36679,"date":"2026-02-27T00:35:29","date_gmt":"2026-02-27T00:35:29","guid":{"rendered":"https:\/\/nordicmart.andreevmaster.com\/product\/historiallinen-maailmankartta-56-x-45-cm-piscator-1652-m1652\/"},"modified":"2026-02-27T09:53:01","modified_gmt":"2026-02-27T09:53:01","slug":"historiallinen-maailmankartta-56-x-45-cm-piscator-1652-m1652","status":"publish","type":"product","link":"https:\/\/nordicmart.andreevmaster.com\/fi\/tuote\/historiallinen-maailmankartta-56-x-45-cm-piscator-1652-m1652\/","title":{"rendered":"Historiallinen maailmankartta \u2013 56 x 45 cm \u2013 Piscator 1652 \u2013 M1652"},"content":{"rendered":"<p>Historiallinen maailmankartta \u2013 Nova Totius Terrarum -uudelleenpainos \u2013 N. I. Piscator, 1652 &#8211; M1652 &nbsp;&nbsp;&nbsp;&nbsp;&nbsp;&nbsp;&nbsp;&nbsp;&nbsp;&nbsp;&nbsp;&nbsp;&nbsp;Mitat: 56 x 45 cm&nbsp;Vintage-kartat ovat ainutlaatuinen ja mielenkiintoinen sisustusvalinta, joka tuo ripauksen historiaa ja luonnetta mihin tahansa huoneeseen. &nbsp;Ne voivat olla my\u00f6s merkityksellisi\u00e4 lahjoja, sill\u00e4 ne voivat her\u00e4tt\u00e4\u00e4 muistoja menneist\u00e4 matkoista tai toimia inspiraationa tuleville matkoille. Lis\u00e4ksi vintage-kartat ovat usein kauniisti suunniteltuja ja voivat toimia itsess\u00e4\u00e4n taideteoksina.&nbsp;N. I. Piscatorin historiallisen maailmankartan uusintapainos vuodelta 1652 on rikkaasti koristeltu sisustuselementti, joka tuo tutkimusmatkailijoiden hengen kotiisi. Kartta Nova Totius Terrarum Orbis Geographica Ac Hydrographica Tabula on 1600-luvulta per\u00e4isin oleva, yh\u00e4 tarkempi n\u00e4kemys maailmastamme. T\u00e4t\u00e4 karttaa kutsutaan kahdentoista keisarin kartaksi, koska sen koristeellisessa reunuksessa on kuvattu Rooman keisareita. Kartan tunnetuin koriste on kahdentoista Rooman keisarin hahmot, jotka ratsastavat hevosillaan pukeutuneina eritt\u00e4in hienoihin haarniskoihin ja esittelev\u00e4t kuninkaallisia arvomerkkej\u00e4\u00e4n. Historiallinen maailmankartta on ainutlaatuinen koriste, joka koristaa mit\u00e4 tahansa huonetta paljastavalla ilmapiirill\u00e4. Se sopii erinomaisesti lahjaksi matkailijalle ja historioitsijalle. Uusintapainos on valmistettu huolellisesti alkuper\u00e4ist\u00e4 karttaa vastaavaksi. Paperin rakenne ja v\u00e4ri on tarkoitettu j\u00e4ljittelem\u00e4\u00e4n materiaalia, jolle alkuper\u00e4iset kartat on painettu.&nbsp;&nbsp;<\/p>\n","protected":false},"excerpt":{"rendered":"<p>Historiallinen maailmankartta \u2013 Nova Totius Terrarum -uudelleenpainos \u2013 N. I. Piscator, 1652 &#8211; M1652 &nbsp;&nbsp;&nbsp;&nbsp;&nbsp;&nbsp;&nbsp;&nbsp;&nbsp;&nbsp;&nbsp;&nbsp;&nbsp;Mitat: 56 x 45 cm&nbsp;Vintage-kartat ovat ainutlaatuinen ja mielenkiintoinen sisustusvalinta, joka tuo ripauksen historiaa ja luonnetta mihin tahansa huoneeseen. &nbsp;Ne voivat olla my\u00f6s merkityksellisi\u00e4 lahjoja, sill\u00e4 ne voivat her\u00e4tt\u00e4\u00e4 muistoja menneist\u00e4 matkoista tai toimia inspiraationa tuleville matkoille. Lis\u00e4ksi vintage-kartat ovat usein [&hellip;]<\/p>\n","protected":false},"featured_media":44893,"comment_status":"open","ping_status":"closed","template":"","meta":[],"product_brand":[],"product_cat":[32],"product_tag":[],"class_list":{"0":"post-36679","1":"product","2":"type-product","3":"status-publish","4":"has-post-thumbnail","6":"product_cat-uncategorized-fi","8":"first","9":"instock","10":"shipping-taxable","11":"purchasable","12":"product-type-simple"},"_links":{"self":[{"href":"https:\/\/nordicmart.andreevmaster.com\/fi\/wp-json\/wp\/v2\/product\/36679","targetHints":{"allow":["GET"]}}],"collection":[{"href":"https:\/\/nordicmart.andreevmaster.com\/fi\/wp-json\/wp\/v2\/product"}],"about":[{"href":"https:\/\/nordicmart.andreevmaster.com\/fi\/wp-json\/wp\/v2\/types\/product"}],"replies":[{"embeddable":true,"href":"https:\/\/nordicmart.andreevmaster.com\/fi\/wp-json\/wp\/v2\/comments?post=36679"}],"wp:featuredmedia":[{"embeddable":true,"href":"https:\/\/nordicmart.andreevmaster.com\/fi\/wp-json\/wp\/v2\/media\/44893"}],"wp:attachment":[{"href":"https:\/\/nordicmart.andreevmaster.com\/fi\/wp-json\/wp\/v2\/media?parent=36679"}],"wp:term":[{"taxonomy":"product_brand","embeddable":true,"href":"https:\/\/nordicmart.andreevmaster.com\/fi\/wp-json\/wp\/v2\/product_brand?post=36679"},{"taxonomy":"product_cat","embeddable":true,"href":"https:\/\/nordicmart.andreevmaster.com\/fi\/wp-json\/wp\/v2\/product_cat?post=36679"},{"taxonomy":"product_tag","embeddable":true,"href":"https:\/\/nordicmart.andreevmaster.com\/fi\/wp-json\/wp\/v2\/product_tag?post=36679"}],"curies":[{"name":"wp","href":"https:\/\/api.w.org\/{rel}","templated":true}]}}