{"id":36678,"date":"2026-02-27T00:35:29","date_gmt":"2026-02-27T00:35:29","guid":{"rendered":"https:\/\/nordicmart.andreevmaster.com\/product\/vanha-maailmankartta-orbis-terrarum-uudelleenpainos-p-plancius-1594-m1594\/"},"modified":"2026-02-27T09:53:01","modified_gmt":"2026-02-27T09:53:01","slug":"vanha-maailmankartta-orbis-terrarum-uudelleenpainos-p-plancius-1594-m1594","status":"publish","type":"product","link":"https:\/\/nordicmart.andreevmaster.com\/fi\/tuote\/vanha-maailmankartta-orbis-terrarum-uudelleenpainos-p-plancius-1594-m1594\/","title":{"rendered":"Vanha maailmankartta \u2013 Orbis Terrarum -uudelleenpainos \u2013 P. Plancius, 1594. \u2013 M1594"},"content":{"rendered":"<p>Vanha maailmankartta &#8211; Orbis Terrarum -uudelleenpainos &#8211; P. Plancius, 1594. &#8211; M1594&nbsp;&nbsp;&nbsp;Mitat: 57,5 x 38,9 cm&nbsp;&nbsp;Vintage-kartat ovat erinomaisia lahjoja tai koristeita, koska ne ovat harvinaisia ja tuovat tilaan historiallista tunnelmaa. Ne voivat my\u00f6s muistuttaa menneist\u00e4 matkoista tai inspiroida tulevia matkasuunnitelmia. Lis\u00e4ksi ne ovat usein kauniisti suunniteltuja ja niit\u00e4 voidaan pit\u00e4\u00e4 taideteoksina.&nbsp;T\u00e4m\u00e4 Petrus Planciuksen (1552-1622) historiallisen kartan uusintapainos vuodelta 1594 on koriste-esine, jota on vaikea ohittaa. Orbis Terrarum Typus De Integro Multis In Locis Emendatus -maailmankartta on silm\u00e4nilo. Kartta on t\u00e4ynn\u00e4 v\u00e4rej\u00e4, tietoa ja allegorisia hahmoja, ja se kannustaa toistuvaan tutkimiseen. Uusintapainos on valmistettu eritt\u00e4in huolellisesti, jotta se muistuttaisi alkuper\u00e4ist\u00e4 karttaa. Paperin rakenne ja v\u00e4ri on valittu siten, ett\u00e4 ne vastaavat alkuper\u00e4isen kartan materiaalia. Petrus Planciuksen kartta on aikansa maantieteellinen aarre \u2013 hollantilaisen It\u00e4-Intian kauppakomppanian palveluksessa ty\u00f6skennelleen Planciuksen ansiosta kartoitettiin arktinen alue ja Kaukoit\u00e4. Kartta sis\u00e4lt\u00e4\u00e4 my\u00f6s yrityksen kartoittaa Luoteisv\u00e4yl\u00e4 \u2013 Plancius seurasi Willem Barentsin kolmea tutkimusmatkaa alueella.&nbsp;&nbsp;<\/p>\n","protected":false},"excerpt":{"rendered":"<p>Vanha maailmankartta &#8211; Orbis Terrarum -uudelleenpainos &#8211; P. Plancius, 1594. &#8211; M1594&nbsp;&nbsp;&nbsp;Mitat: 57,5 x 38,9 cm&nbsp;&nbsp;Vintage-kartat ovat erinomaisia lahjoja tai koristeita, koska ne ovat harvinaisia ja tuovat tilaan historiallista tunnelmaa. Ne voivat my\u00f6s muistuttaa menneist\u00e4 matkoista tai inspiroida tulevia matkasuunnitelmia. Lis\u00e4ksi ne ovat usein kauniisti suunniteltuja ja niit\u00e4 voidaan pit\u00e4\u00e4 taideteoksina.&nbsp;T\u00e4m\u00e4 Petrus Planciuksen (1552-1622) historiallisen [&hellip;]<\/p>\n","protected":false},"featured_media":44892,"comment_status":"open","ping_status":"closed","template":"","meta":[],"product_brand":[],"product_cat":[32],"product_tag":[],"class_list":{"0":"post-36678","1":"product","2":"type-product","3":"status-publish","4":"has-post-thumbnail","6":"product_cat-uncategorized-fi","8":"first","9":"instock","10":"shipping-taxable","11":"purchasable","12":"product-type-simple"},"_links":{"self":[{"href":"https:\/\/nordicmart.andreevmaster.com\/fi\/wp-json\/wp\/v2\/product\/36678","targetHints":{"allow":["GET"]}}],"collection":[{"href":"https:\/\/nordicmart.andreevmaster.com\/fi\/wp-json\/wp\/v2\/product"}],"about":[{"href":"https:\/\/nordicmart.andreevmaster.com\/fi\/wp-json\/wp\/v2\/types\/product"}],"replies":[{"embeddable":true,"href":"https:\/\/nordicmart.andreevmaster.com\/fi\/wp-json\/wp\/v2\/comments?post=36678"}],"wp:featuredmedia":[{"embeddable":true,"href":"https:\/\/nordicmart.andreevmaster.com\/fi\/wp-json\/wp\/v2\/media\/44892"}],"wp:attachment":[{"href":"https:\/\/nordicmart.andreevmaster.com\/fi\/wp-json\/wp\/v2\/media?parent=36678"}],"wp:term":[{"taxonomy":"product_brand","embeddable":true,"href":"https:\/\/nordicmart.andreevmaster.com\/fi\/wp-json\/wp\/v2\/product_brand?post=36678"},{"taxonomy":"product_cat","embeddable":true,"href":"https:\/\/nordicmart.andreevmaster.com\/fi\/wp-json\/wp\/v2\/product_cat?post=36678"},{"taxonomy":"product_tag","embeddable":true,"href":"https:\/\/nordicmart.andreevmaster.com\/fi\/wp-json\/wp\/v2\/product_tag?post=36678"}],"curies":[{"name":"wp","href":"https:\/\/api.w.org\/{rel}","templated":true}]}}