{"id":36677,"date":"2026-02-27T00:35:28","date_gmt":"2026-02-27T00:35:28","guid":{"rendered":"https:\/\/nordicmart.andreevmaster.com\/product\/themis-patsas-lahja-lakimiehelle-mc-90037\/"},"modified":"2026-02-27T09:53:01","modified_gmt":"2026-02-27T09:53:01","slug":"themis-patsas-lahja-lakimiehelle-mc-90037","status":"publish","type":"product","link":"https:\/\/nordicmart.andreevmaster.com\/fi\/tuote\/themis-patsas-lahja-lakimiehelle-mc-90037\/","title":{"rendered":"Themis-patsas &#8211; Lahja lakimiehelle &#8211; MC-90037"},"content":{"rendered":"<p>Themis-patsas &#8211; Lahja lakimiehelle &#8211; MC-90037&nbsp;&nbsp;&nbsp;Themis &#8211; lain ja oikeuden symboli. Kreikkalaisen mytologian mukaan Themis oli oikeuden, lain ja ikuisen j\u00e4rjestyksen jumalatar ja henkil\u00f6itym\u00e4. Themisin silmill\u00e4 oleva tyypillinen silm\u00e4side on puolueettomuuden symboli. Themis kuvataan my\u00f6s kolmen muun attribuutin kanssa: vaa&#8217;alla, jolla h\u00e4n punnitsee tuomittavien hyv\u00e4t ja pahat teot, miekalla, joka symboloi halua lopettaa riita ja suojella jumalattarta itse\u00e4\u00e4n, sek\u00e4 k\u00e4\u00e4rmeell\u00e4 h\u00e4nen jalkojensa alla, joka kuvastaa voittoa pahuudesta.&nbsp;Patsas on valmistettu hartsikonglomeraatista ja koristeltu kultaisilla v\u00e4reill\u00e4. Themis on yksi suosituimmista symboleista oikeusmaailmassa. Jumalattaren pienoispatsas on loistava lahja lakimiehelle ja tuomarille. Se on t\u00e4ydellinen koriste lakiasiaintoimistoon tai tuomarin virkahuoneeseen.&nbsp;&nbsp;&nbsp;Tuotetiedot:&nbsp;Materiaali: polyresiinia (hartsikonglomeraatti)V\u00e4ri: kultaMitat: korkeus 35 cm&nbsp;&nbsp;<\/p>\n","protected":false},"excerpt":{"rendered":"<p>Themis-patsas &#8211; Lahja lakimiehelle &#8211; MC-90037&nbsp;&nbsp;&nbsp;Themis &#8211; lain ja oikeuden symboli. Kreikkalaisen mytologian mukaan Themis oli oikeuden, lain ja ikuisen j\u00e4rjestyksen jumalatar ja henkil\u00f6itym\u00e4. Themisin silmill\u00e4 oleva tyypillinen silm\u00e4side on puolueettomuuden symboli. Themis kuvataan my\u00f6s kolmen muun attribuutin kanssa: vaa&#8217;alla, jolla h\u00e4n punnitsee tuomittavien hyv\u00e4t ja pahat teot, miekalla, joka symboloi halua lopettaa riita ja [&hellip;]<\/p>\n","protected":false},"featured_media":44891,"comment_status":"open","ping_status":"closed","template":"","meta":[],"product_brand":[],"product_cat":[32],"product_tag":[],"class_list":{"0":"post-36677","1":"product","2":"type-product","3":"status-publish","4":"has-post-thumbnail","6":"product_cat-uncategorized-fi","8":"first","9":"instock","10":"shipping-taxable","11":"purchasable","12":"product-type-simple"},"_links":{"self":[{"href":"https:\/\/nordicmart.andreevmaster.com\/fi\/wp-json\/wp\/v2\/product\/36677","targetHints":{"allow":["GET"]}}],"collection":[{"href":"https:\/\/nordicmart.andreevmaster.com\/fi\/wp-json\/wp\/v2\/product"}],"about":[{"href":"https:\/\/nordicmart.andreevmaster.com\/fi\/wp-json\/wp\/v2\/types\/product"}],"replies":[{"embeddable":true,"href":"https:\/\/nordicmart.andreevmaster.com\/fi\/wp-json\/wp\/v2\/comments?post=36677"}],"wp:featuredmedia":[{"embeddable":true,"href":"https:\/\/nordicmart.andreevmaster.com\/fi\/wp-json\/wp\/v2\/media\/44891"}],"wp:attachment":[{"href":"https:\/\/nordicmart.andreevmaster.com\/fi\/wp-json\/wp\/v2\/media?parent=36677"}],"wp:term":[{"taxonomy":"product_brand","embeddable":true,"href":"https:\/\/nordicmart.andreevmaster.com\/fi\/wp-json\/wp\/v2\/product_brand?post=36677"},{"taxonomy":"product_cat","embeddable":true,"href":"https:\/\/nordicmart.andreevmaster.com\/fi\/wp-json\/wp\/v2\/product_cat?post=36677"},{"taxonomy":"product_tag","embeddable":true,"href":"https:\/\/nordicmart.andreevmaster.com\/fi\/wp-json\/wp\/v2\/product_tag?post=36677"}],"curies":[{"name":"wp","href":"https:\/\/api.w.org\/{rel}","templated":true}]}}