{"id":36676,"date":"2026-02-27T00:35:28","date_gmt":"2026-02-27T00:35:28","guid":{"rendered":"https:\/\/nordicmart.andreevmaster.com\/product\/messinkikompassi-h40\/"},"modified":"2026-02-27T09:53:01","modified_gmt":"2026-02-27T09:53:01","slug":"messinkikompassi-h40","status":"publish","type":"product","link":"https:\/\/nordicmart.andreevmaster.com\/fi\/tuote\/messinkikompassi-h40\/","title":{"rendered":"Messinkikompassi &#8211; H40"},"content":{"rendered":"<p>Messinkinen kompassi &#8211; H40&nbsp;&nbsp;Merikompassit olivat k\u00e4yt\u00f6ss\u00e4 jo 1500-luvulla. Niiden merkityst\u00e4 maantieteellisten l\u00f6yt\u00f6retkien aikana ei voi yliarvioida. Ne edistiv\u00e4t navigointia ja kartografian kehityst\u00e4. &nbsp;T\u00e4m\u00e4 malli on kompassin ja aurinkokellon yhdistelm\u00e4. Kompassin kellotaulun gnomonin ansiosta voimme helposti m\u00e4\u00e4ritt\u00e4\u00e4 aurinkoaikaa. Mittausta varten laite asetetaan tasaiselle pinnalle, v\u00e4ltt\u00e4en magneettisia h\u00e4iri\u00f6it\u00e4, jotka voivat vaikuttaa laitteen toimintaan. Gnomon osoittaa pohjoisen suunnan heitt\u00e4en varjon nykyiselle aurinkojolle.&nbsp;Yksityiskohtaisesti valmistettu aurinkokompassi on koristeltu renessanssin tyylisill\u00e4 ornamenteilla. Se sopii hyvin hienostuneeksi lahjaksi matkailijalle ja vintage-tyylin yst\u00e4v\u00e4lle. Kompassi on pakattu tyylikk\u00e4\u00e4seen lahjapakkaukseen, jossa on muovattu kotelo. Tuotetiedot: Materiaali: messinki, znal, lasi. Mitat: 4,5 cm, halkaisija 8,5 cm V\u00e4ri: messinki Kellotaulun v\u00e4ri: beige, punainen, vihre\u00e4 ja sininen s\u00e4vyj\u00e4 Koristeltu, vanhennettu kellotaulu Rikkaasti koristeltu kansi Renessanssityyli<\/p>\n","protected":false},"excerpt":{"rendered":"<p>Messinkinen kompassi &#8211; H40&nbsp;&nbsp;Merikompassit olivat k\u00e4yt\u00f6ss\u00e4 jo 1500-luvulla. Niiden merkityst\u00e4 maantieteellisten l\u00f6yt\u00f6retkien aikana ei voi yliarvioida. Ne edistiv\u00e4t navigointia ja kartografian kehityst\u00e4. &nbsp;T\u00e4m\u00e4 malli on kompassin ja aurinkokellon yhdistelm\u00e4. Kompassin kellotaulun gnomonin ansiosta voimme helposti m\u00e4\u00e4ritt\u00e4\u00e4 aurinkoaikaa. Mittausta varten laite asetetaan tasaiselle pinnalle, v\u00e4ltt\u00e4en magneettisia h\u00e4iri\u00f6it\u00e4, jotka voivat vaikuttaa laitteen toimintaan. Gnomon osoittaa pohjoisen suunnan [&hellip;]<\/p>\n","protected":false},"featured_media":44890,"comment_status":"open","ping_status":"closed","template":"","meta":[],"product_brand":[],"product_cat":[32],"product_tag":[],"class_list":{"0":"post-36676","1":"product","2":"type-product","3":"status-publish","4":"has-post-thumbnail","6":"product_cat-uncategorized-fi","8":"first","9":"instock","10":"shipping-taxable","11":"purchasable","12":"product-type-simple"},"_links":{"self":[{"href":"https:\/\/nordicmart.andreevmaster.com\/fi\/wp-json\/wp\/v2\/product\/36676","targetHints":{"allow":["GET"]}}],"collection":[{"href":"https:\/\/nordicmart.andreevmaster.com\/fi\/wp-json\/wp\/v2\/product"}],"about":[{"href":"https:\/\/nordicmart.andreevmaster.com\/fi\/wp-json\/wp\/v2\/types\/product"}],"replies":[{"embeddable":true,"href":"https:\/\/nordicmart.andreevmaster.com\/fi\/wp-json\/wp\/v2\/comments?post=36676"}],"wp:featuredmedia":[{"embeddable":true,"href":"https:\/\/nordicmart.andreevmaster.com\/fi\/wp-json\/wp\/v2\/media\/44890"}],"wp:attachment":[{"href":"https:\/\/nordicmart.andreevmaster.com\/fi\/wp-json\/wp\/v2\/media?parent=36676"}],"wp:term":[{"taxonomy":"product_brand","embeddable":true,"href":"https:\/\/nordicmart.andreevmaster.com\/fi\/wp-json\/wp\/v2\/product_brand?post=36676"},{"taxonomy":"product_cat","embeddable":true,"href":"https:\/\/nordicmart.andreevmaster.com\/fi\/wp-json\/wp\/v2\/product_cat?post=36676"},{"taxonomy":"product_tag","embeddable":true,"href":"https:\/\/nordicmart.andreevmaster.com\/fi\/wp-json\/wp\/v2\/product_tag?post=36676"}],"curies":[{"name":"wp","href":"https:\/\/api.w.org\/{rel}","templated":true}]}}