{"id":36675,"date":"2026-02-27T00:35:28","date_gmt":"2026-02-27T00:35:28","guid":{"rendered":"https:\/\/nordicmart.andreevmaster.com\/product\/metallinen-kompassiavaimenpera-nc2050\/"},"modified":"2026-02-27T09:53:00","modified_gmt":"2026-02-27T09:53:00","slug":"metallinen-kompassiavaimenpera-nc2050","status":"publish","type":"product","link":"https:\/\/nordicmart.andreevmaster.com\/fi\/tuote\/metallinen-kompassiavaimenpera-nc2050\/","title":{"rendered":"Metallinen kompassiavaimenper\u00e4 NC2050"},"content":{"rendered":"<p>Metallinen kompassiavaimenper\u00e4 NC2050&nbsp;&nbsp;&nbsp;Metallinen kompassiavaimenper\u00e4 on hy\u00f6dyllinen gadget partiolaisille, matkailijoille ja bushcraft-harrastajille. Kompassi auttaa suunnistuksessa osoittamalla pohjoisen suunnan. Sen voi kiinnitt\u00e4\u00e4 avaimiin tai reppuun ja ottaa mukaan niin pienille kuin suurillekin retkille. Kompassikotelo on valmistettu messingist\u00e4. Musta kompassikiekko. Tuotetiedot: Materiaali: messinki, lasi Kiinnitys: alppikerho V\u00e4ri: kulta, musta Mitat: halkaisija &#8211; 3,5 cm<\/p>\n","protected":false},"excerpt":{"rendered":"<p>Metallinen kompassiavaimenper\u00e4 NC2050&nbsp;&nbsp;&nbsp;Metallinen kompassiavaimenper\u00e4 on hy\u00f6dyllinen gadget partiolaisille, matkailijoille ja bushcraft-harrastajille. Kompassi auttaa suunnistuksessa osoittamalla pohjoisen suunnan. Sen voi kiinnitt\u00e4\u00e4 avaimiin tai reppuun ja ottaa mukaan niin pienille kuin suurillekin retkille. Kompassikotelo on valmistettu messingist\u00e4. Musta kompassikiekko. Tuotetiedot: Materiaali: messinki, lasi Kiinnitys: alppikerho V\u00e4ri: kulta, musta Mitat: halkaisija &#8211; 3,5 cm<\/p>\n","protected":false},"featured_media":44889,"comment_status":"open","ping_status":"closed","template":"","meta":[],"product_brand":[],"product_cat":[32],"product_tag":[],"class_list":{"0":"post-36675","1":"product","2":"type-product","3":"status-publish","4":"has-post-thumbnail","6":"product_cat-uncategorized-fi","8":"first","9":"instock","10":"shipping-taxable","11":"purchasable","12":"product-type-simple"},"_links":{"self":[{"href":"https:\/\/nordicmart.andreevmaster.com\/fi\/wp-json\/wp\/v2\/product\/36675","targetHints":{"allow":["GET"]}}],"collection":[{"href":"https:\/\/nordicmart.andreevmaster.com\/fi\/wp-json\/wp\/v2\/product"}],"about":[{"href":"https:\/\/nordicmart.andreevmaster.com\/fi\/wp-json\/wp\/v2\/types\/product"}],"replies":[{"embeddable":true,"href":"https:\/\/nordicmart.andreevmaster.com\/fi\/wp-json\/wp\/v2\/comments?post=36675"}],"wp:featuredmedia":[{"embeddable":true,"href":"https:\/\/nordicmart.andreevmaster.com\/fi\/wp-json\/wp\/v2\/media\/44889"}],"wp:attachment":[{"href":"https:\/\/nordicmart.andreevmaster.com\/fi\/wp-json\/wp\/v2\/media?parent=36675"}],"wp:term":[{"taxonomy":"product_brand","embeddable":true,"href":"https:\/\/nordicmart.andreevmaster.com\/fi\/wp-json\/wp\/v2\/product_brand?post=36675"},{"taxonomy":"product_cat","embeddable":true,"href":"https:\/\/nordicmart.andreevmaster.com\/fi\/wp-json\/wp\/v2\/product_cat?post=36675"},{"taxonomy":"product_tag","embeddable":true,"href":"https:\/\/nordicmart.andreevmaster.com\/fi\/wp-json\/wp\/v2\/product_tag?post=36675"}],"curies":[{"name":"wp","href":"https:\/\/api.w.org\/{rel}","templated":true}]}}