{"id":36674,"date":"2026-02-27T00:35:27","date_gmt":"2026-02-27T00:35:27","guid":{"rendered":"https:\/\/nordicmart.andreevmaster.com\/product\/pieni-messinkinen-armeijan-trumpetti-ketjulla-miw135-sumutorvi\/"},"modified":"2026-02-27T09:53:00","modified_gmt":"2026-02-27T09:53:00","slug":"pieni-messinkinen-armeijan-trumpetti-ketjulla-miw135-sumutorvi","status":"publish","type":"product","link":"https:\/\/nordicmart.andreevmaster.com\/fi\/tuote\/pieni-messinkinen-armeijan-trumpetti-ketjulla-miw135-sumutorvi\/","title":{"rendered":"Pieni messinkinen armeijan trumpetti ketjulla &#8211; MIW135 sumutorvi"},"content":{"rendered":"<p>Pieni messinkinen armeijan trumpetti ketjulla &#8211; MIW135 sumutorvi&nbsp;&nbsp;Armeijan trumpettia k\u00e4ytet\u00e4\u00e4n useimmiten fanfaareiden tai \u00e4\u00e4nimerkkien soittamiseen mets\u00e4styksess\u00e4, partiossa tai armeijassa. Se on loistava lahja partiolaiselle, mets\u00e4st\u00e4j\u00e4lle tai sotilaalle.&nbsp;Valmistettu messingist\u00e4. Siin\u00e4 on kiinnitetty ketju, jonka ansiosta se voidaan ripustaa esimerkiksi sein\u00e4lle. Trumpetti antaa \u00e4\u00e4nen, mutta se on p\u00e4\u00e4asiassa koriste-esine.&nbsp;&nbsp;Armeijan trumpetti MIW135 tekniset tiedot:&nbsp;Mitat: Pituus 15 cmMateriaali: messinkiV\u00e4ri: kulta&nbsp;<\/p>\n","protected":false},"excerpt":{"rendered":"<p>Pieni messinkinen armeijan trumpetti ketjulla &#8211; MIW135 sumutorvi&nbsp;&nbsp;Armeijan trumpettia k\u00e4ytet\u00e4\u00e4n useimmiten fanfaareiden tai \u00e4\u00e4nimerkkien soittamiseen mets\u00e4styksess\u00e4, partiossa tai armeijassa. Se on loistava lahja partiolaiselle, mets\u00e4st\u00e4j\u00e4lle tai sotilaalle.&nbsp;Valmistettu messingist\u00e4. Siin\u00e4 on kiinnitetty ketju, jonka ansiosta se voidaan ripustaa esimerkiksi sein\u00e4lle. Trumpetti antaa \u00e4\u00e4nen, mutta se on p\u00e4\u00e4asiassa koriste-esine.&nbsp;&nbsp;Armeijan trumpetti MIW135 tekniset tiedot:&nbsp;Mitat: Pituus 15 cmMateriaali: messinkiV\u00e4ri: [&hellip;]<\/p>\n","protected":false},"featured_media":44888,"comment_status":"open","ping_status":"closed","template":"","meta":[],"product_brand":[],"product_cat":[32],"product_tag":[],"class_list":{"0":"post-36674","1":"product","2":"type-product","3":"status-publish","4":"has-post-thumbnail","6":"product_cat-uncategorized-fi","8":"first","9":"instock","10":"shipping-taxable","11":"purchasable","12":"product-type-simple"},"_links":{"self":[{"href":"https:\/\/nordicmart.andreevmaster.com\/fi\/wp-json\/wp\/v2\/product\/36674","targetHints":{"allow":["GET"]}}],"collection":[{"href":"https:\/\/nordicmart.andreevmaster.com\/fi\/wp-json\/wp\/v2\/product"}],"about":[{"href":"https:\/\/nordicmart.andreevmaster.com\/fi\/wp-json\/wp\/v2\/types\/product"}],"replies":[{"embeddable":true,"href":"https:\/\/nordicmart.andreevmaster.com\/fi\/wp-json\/wp\/v2\/comments?post=36674"}],"wp:featuredmedia":[{"embeddable":true,"href":"https:\/\/nordicmart.andreevmaster.com\/fi\/wp-json\/wp\/v2\/media\/44888"}],"wp:attachment":[{"href":"https:\/\/nordicmart.andreevmaster.com\/fi\/wp-json\/wp\/v2\/media?parent=36674"}],"wp:term":[{"taxonomy":"product_brand","embeddable":true,"href":"https:\/\/nordicmart.andreevmaster.com\/fi\/wp-json\/wp\/v2\/product_brand?post=36674"},{"taxonomy":"product_cat","embeddable":true,"href":"https:\/\/nordicmart.andreevmaster.com\/fi\/wp-json\/wp\/v2\/product_cat?post=36674"},{"taxonomy":"product_tag","embeddable":true,"href":"https:\/\/nordicmart.andreevmaster.com\/fi\/wp-json\/wp\/v2\/product_tag?post=36674"}],"curies":[{"name":"wp","href":"https:\/\/api.w.org\/{rel}","templated":true}]}}