{"id":36673,"date":"2026-02-27T00:35:27","date_gmt":"2026-02-27T00:35:27","guid":{"rendered":"https:\/\/nordicmart.andreevmaster.com\/product\/messinkinen-kasikello-hb70-3\/"},"modified":"2026-02-27T09:53:00","modified_gmt":"2026-02-27T09:53:00","slug":"messinkinen-kasikello-hb70-3","status":"publish","type":"product","link":"https:\/\/nordicmart.andreevmaster.com\/fi\/tuote\/messinkinen-kasikello-hb70-3\/","title":{"rendered":"Messinkinen k\u00e4sikello HB70\/3"},"content":{"rendered":"<p>Messinkinen k\u00e4sikello puukahvalla \u2013 retrotyylinen \u2013 HB70\/3&nbsp;&nbsp;Messinkinen k\u00e4sikello puukahvalla, klassisessa retrotyyliss\u00e4. Perinteinen muoto tuo mieleen siirtomaa-ajan estetiikan, joten se sopii koristeeksi tai toiminnalliseksi ty\u00f6kaluksi erilaisiin kaupallisiin ja teemallisiin ymp\u00e4rist\u00f6ihin. Tuottaa selke\u00e4n, voimakkaan \u00e4\u00e4nen.&nbsp;&nbsp;Tuotetiedot:&nbsp;Materiaalit: messinki, puuHalkaisija: 7,5 cmV\u00e4ri: kulta, ruskeaTyyli: retro, vintage, siirtomaa-aika\u00c4\u00e4ni: voimakas ja kaikuva&nbsp;Sopii erinomaisesti:&nbsp;Koriste-elementti vintage-, rustiikki- tai siirtomaa-sisustuksiinTeatterituotantojen, elokuvien tai tapahtumien rekvisiittaToiminnallinen lis\u00e4varuste ravintoloihin, hotelleihin tai vastaanottoihinLahja ker\u00e4ilij\u00f6ille tai historiallisten esineiden harrastajille&nbsp;<\/p>\n","protected":false},"excerpt":{"rendered":"<p>Messinkinen k\u00e4sikello puukahvalla \u2013 retrotyylinen \u2013 HB70\/3&nbsp;&nbsp;Messinkinen k\u00e4sikello puukahvalla, klassisessa retrotyyliss\u00e4. Perinteinen muoto tuo mieleen siirtomaa-ajan estetiikan, joten se sopii koristeeksi tai toiminnalliseksi ty\u00f6kaluksi erilaisiin kaupallisiin ja teemallisiin ymp\u00e4rist\u00f6ihin. Tuottaa selke\u00e4n, voimakkaan \u00e4\u00e4nen.&nbsp;&nbsp;Tuotetiedot:&nbsp;Materiaalit: messinki, puuHalkaisija: 7,5 cmV\u00e4ri: kulta, ruskeaTyyli: retro, vintage, siirtomaa-aika\u00c4\u00e4ni: voimakas ja kaikuva&nbsp;Sopii erinomaisesti:&nbsp;Koriste-elementti vintage-, rustiikki- tai siirtomaa-sisustuksiinTeatterituotantojen, elokuvien tai tapahtumien rekvisiittaToiminnallinen lis\u00e4varuste [&hellip;]<\/p>\n","protected":false},"featured_media":44887,"comment_status":"open","ping_status":"closed","template":"","meta":[],"product_brand":[],"product_cat":[32],"product_tag":[],"class_list":{"0":"post-36673","1":"product","2":"type-product","3":"status-publish","4":"has-post-thumbnail","6":"product_cat-uncategorized-fi","8":"first","9":"instock","10":"shipping-taxable","11":"purchasable","12":"product-type-simple"},"_links":{"self":[{"href":"https:\/\/nordicmart.andreevmaster.com\/fi\/wp-json\/wp\/v2\/product\/36673","targetHints":{"allow":["GET"]}}],"collection":[{"href":"https:\/\/nordicmart.andreevmaster.com\/fi\/wp-json\/wp\/v2\/product"}],"about":[{"href":"https:\/\/nordicmart.andreevmaster.com\/fi\/wp-json\/wp\/v2\/types\/product"}],"replies":[{"embeddable":true,"href":"https:\/\/nordicmart.andreevmaster.com\/fi\/wp-json\/wp\/v2\/comments?post=36673"}],"wp:featuredmedia":[{"embeddable":true,"href":"https:\/\/nordicmart.andreevmaster.com\/fi\/wp-json\/wp\/v2\/media\/44887"}],"wp:attachment":[{"href":"https:\/\/nordicmart.andreevmaster.com\/fi\/wp-json\/wp\/v2\/media?parent=36673"}],"wp:term":[{"taxonomy":"product_brand","embeddable":true,"href":"https:\/\/nordicmart.andreevmaster.com\/fi\/wp-json\/wp\/v2\/product_brand?post=36673"},{"taxonomy":"product_cat","embeddable":true,"href":"https:\/\/nordicmart.andreevmaster.com\/fi\/wp-json\/wp\/v2\/product_cat?post=36673"},{"taxonomy":"product_tag","embeddable":true,"href":"https:\/\/nordicmart.andreevmaster.com\/fi\/wp-json\/wp\/v2\/product_tag?post=36673"}],"curies":[{"name":"wp","href":"https:\/\/api.w.org\/{rel}","templated":true}]}}