{"id":36672,"date":"2026-02-27T00:35:27","date_gmt":"2026-02-27T00:35:27","guid":{"rendered":"https:\/\/nordicmart.andreevmaster.com\/product\/mosiezny-kompas-w-drewnianym-pudelku-c35a-2\/"},"modified":"2026-02-27T09:53:00","modified_gmt":"2026-02-27T09:53:00","slug":"mosiezny-kompas-w-drewnianym-pudelku-c35a-2","status":"publish","type":"product","link":"https:\/\/nordicmart.andreevmaster.com\/fi\/tuote\/mosiezny-kompas-w-drewnianym-pudelku-c35a-2\/","title":{"rendered":"Mosi\u0119\u017cny kompas w drewnianym pude\u0142ku &#8211; C35A"},"content":{"rendered":"<p>Messinkinen kompassi puulaatikossa &#8211; C35A<\/p>\n<p>Tyylik\u00e4s messinkinen kompassi puulaatikossa on hyv\u00e4 lahjaidea merenkulun yst\u00e4ville.<\/p>\n<p>Kompassin mitat:<br \/>\nHalkaisija 7,5 cm<br \/>\nKorkeus 1,5 cm<\/p>\n<p>Laatikon mitat:<br \/>\n10 x 10 x 6 cm<\/p>\n","protected":false},"excerpt":{"rendered":"<p>Messinkinen kompassi puulaatikossa &#8211; C35A Tyylik\u00e4s messinkinen kompassi puulaatikossa on hyv\u00e4 lahjaidea merenkulun yst\u00e4ville. Kompassin mitat: Halkaisija 7,5 cm Korkeus 1,5 cm Laatikon mitat: 10 x 10 x 6 cm<\/p>\n","protected":false},"featured_media":44886,"comment_status":"open","ping_status":"closed","template":"","meta":[],"product_brand":[],"product_cat":[32],"product_tag":[],"class_list":{"0":"post-36672","1":"product","2":"type-product","3":"status-publish","4":"has-post-thumbnail","6":"product_cat-uncategorized-fi","8":"first","9":"instock","10":"shipping-taxable","11":"purchasable","12":"product-type-simple"},"_links":{"self":[{"href":"https:\/\/nordicmart.andreevmaster.com\/fi\/wp-json\/wp\/v2\/product\/36672","targetHints":{"allow":["GET"]}}],"collection":[{"href":"https:\/\/nordicmart.andreevmaster.com\/fi\/wp-json\/wp\/v2\/product"}],"about":[{"href":"https:\/\/nordicmart.andreevmaster.com\/fi\/wp-json\/wp\/v2\/types\/product"}],"replies":[{"embeddable":true,"href":"https:\/\/nordicmart.andreevmaster.com\/fi\/wp-json\/wp\/v2\/comments?post=36672"}],"wp:featuredmedia":[{"embeddable":true,"href":"https:\/\/nordicmart.andreevmaster.com\/fi\/wp-json\/wp\/v2\/media\/44886"}],"wp:attachment":[{"href":"https:\/\/nordicmart.andreevmaster.com\/fi\/wp-json\/wp\/v2\/media?parent=36672"}],"wp:term":[{"taxonomy":"product_brand","embeddable":true,"href":"https:\/\/nordicmart.andreevmaster.com\/fi\/wp-json\/wp\/v2\/product_brand?post=36672"},{"taxonomy":"product_cat","embeddable":true,"href":"https:\/\/nordicmart.andreevmaster.com\/fi\/wp-json\/wp\/v2\/product_cat?post=36672"},{"taxonomy":"product_tag","embeddable":true,"href":"https:\/\/nordicmart.andreevmaster.com\/fi\/wp-json\/wp\/v2\/product_tag?post=36672"}],"curies":[{"name":"wp","href":"https:\/\/api.w.org\/{rel}","templated":true}]}}