{"id":36671,"date":"2026-02-27T00:35:27","date_gmt":"2026-02-27T00:35:27","guid":{"rendered":"https:\/\/nordicmart.andreevmaster.com\/product\/mini-kitara-rolling-stones-uktongue-mgt-2301b\/"},"modified":"2026-02-27T09:52:59","modified_gmt":"2026-02-27T09:52:59","slug":"mini-kitara-rolling-stones-uktongue-mgt-2301b","status":"publish","type":"product","link":"https:\/\/nordicmart.andreevmaster.com\/fi\/tuote\/mini-kitara-rolling-stones-uktongue-mgt-2301b\/","title":{"rendered":"Mini-kitara Rolling Stones UK&#038;Tongue MGT-2301B"},"content":{"rendered":"<p>Mini Guitar Rolling Stones UK&#038;Tongue MGT-2301B&nbsp;Mini-kitara, joka on saanut inspiraationsa Keith Richardsin ty\u00f6st\u00e4 yhdess\u00e4 historian suosituimmista rock-yhtyeist\u00e4, The Rolling Stonesista, on musiikillinen gadget, joka vie t\u00e4m\u00e4n legendaarisen brittil\u00e4isen yhtyeen fanien syd\u00e4met. Kitara on loistava lahja Stonesin fanille, rockklassikoiden yst\u00e4v\u00e4lle ja kitaristille.&nbsp;Miniatyyri on valmistettu k\u00e4sin mahonki puusta mittakaavassa 1:4. T\u00e4m\u00e4 on ker\u00e4ilykohde. Kitara ei ole lelu. Ei soi.&nbsp;Rolling Stones UK&#038;Tongue Mini Guitar MGT-2301B -tuotteen tiedot:&nbsp;&bull; Mitat: K. 27,5 cm x L. 9 cm x S. 0,8 cm&bull; Mittakaava: 1:4&bull; Materiaali: mahonki&bull; V\u00e4ri: moniv\u00e4rinen&bull; Sarjaan kuuluu muovi-metallinen teline kitaran asettamista varten&nbsp;Rolling Stones UK&#038;Tongue MGT-2301B minikitarasta tulee loistava:&nbsp;&bull; Lahja Stones-fanille&bull; Gadget kitaravirtuoosille&bull; Lahja musiikin yst\u00e4v\u00e4lle&bull; Lahja Keith Richards -fanille&nbsp;Huomio! Myyj\u00e4 ei ole mill\u00e4\u00e4n tavalla yhteydess\u00e4 todellisten instrumenttien valmistajiin tai yksitt\u00e4isiin artisteihin. Mallien nimet tai artistien nimet ovat esimerkillisi\u00e4. Kuuluisat nimet palvelevat vain tietyn musiikkityylin esittelemist\u00e4. Mik\u00e4\u00e4n instrumenteista ei ole tarkka kopio mittasuhteiden, koon ja muotoilun suhteen.&nbsp;<\/p>\n","protected":false},"excerpt":{"rendered":"<p>Mini Guitar Rolling Stones UK&#038;Tongue MGT-2301B&nbsp;Mini-kitara, joka on saanut inspiraationsa Keith Richardsin ty\u00f6st\u00e4 yhdess\u00e4 historian suosituimmista rock-yhtyeist\u00e4, The Rolling Stonesista, on musiikillinen gadget, joka vie t\u00e4m\u00e4n legendaarisen brittil\u00e4isen yhtyeen fanien syd\u00e4met. Kitara on loistava lahja Stonesin fanille, rockklassikoiden yst\u00e4v\u00e4lle ja kitaristille.&nbsp;Miniatyyri on valmistettu k\u00e4sin mahonki puusta mittakaavassa 1:4. T\u00e4m\u00e4 on ker\u00e4ilykohde. Kitara ei ole lelu. [&hellip;]<\/p>\n","protected":false},"featured_media":44885,"comment_status":"open","ping_status":"closed","template":"","meta":[],"product_brand":[],"product_cat":[32],"product_tag":[],"class_list":{"0":"post-36671","1":"product","2":"type-product","3":"status-publish","4":"has-post-thumbnail","6":"product_cat-uncategorized-fi","8":"first","9":"instock","10":"shipping-taxable","11":"purchasable","12":"product-type-simple"},"_links":{"self":[{"href":"https:\/\/nordicmart.andreevmaster.com\/fi\/wp-json\/wp\/v2\/product\/36671","targetHints":{"allow":["GET"]}}],"collection":[{"href":"https:\/\/nordicmart.andreevmaster.com\/fi\/wp-json\/wp\/v2\/product"}],"about":[{"href":"https:\/\/nordicmart.andreevmaster.com\/fi\/wp-json\/wp\/v2\/types\/product"}],"replies":[{"embeddable":true,"href":"https:\/\/nordicmart.andreevmaster.com\/fi\/wp-json\/wp\/v2\/comments?post=36671"}],"wp:featuredmedia":[{"embeddable":true,"href":"https:\/\/nordicmart.andreevmaster.com\/fi\/wp-json\/wp\/v2\/media\/44885"}],"wp:attachment":[{"href":"https:\/\/nordicmart.andreevmaster.com\/fi\/wp-json\/wp\/v2\/media?parent=36671"}],"wp:term":[{"taxonomy":"product_brand","embeddable":true,"href":"https:\/\/nordicmart.andreevmaster.com\/fi\/wp-json\/wp\/v2\/product_brand?post=36671"},{"taxonomy":"product_cat","embeddable":true,"href":"https:\/\/nordicmart.andreevmaster.com\/fi\/wp-json\/wp\/v2\/product_cat?post=36671"},{"taxonomy":"product_tag","embeddable":true,"href":"https:\/\/nordicmart.andreevmaster.com\/fi\/wp-json\/wp\/v2\/product_tag?post=36671"}],"curies":[{"name":"wp","href":"https:\/\/api.w.org\/{rel}","templated":true}]}}