{"id":36670,"date":"2026-02-27T00:35:26","date_gmt":"2026-02-27T00:35:26","guid":{"rendered":"https:\/\/nordicmart.andreevmaster.com\/product\/avaimenpera-musta-sahkokitara-sgk-0031\/"},"modified":"2026-02-27T09:52:59","modified_gmt":"2026-02-27T09:52:59","slug":"avaimenpera-musta-sahkokitara-sgk-0031","status":"publish","type":"product","link":"https:\/\/nordicmart.andreevmaster.com\/fi\/tuote\/avaimenpera-musta-sahkokitara-sgk-0031\/","title":{"rendered":"Avaimenper\u00e4 &#8211; musta s\u00e4hk\u00f6kitara SGK-0031"},"content":{"rendered":"<p>Avaimenper\u00e4 &#8211; musta s\u00e4hk\u00f6kitara SGK-0031 &nbsp;&nbsp;Tuotetiedot:&nbsp;Pituus 8,5 cm x leveys 2,5 cm x 0,5 cm Pituus ketjulla 12,5 cm Valmistettu puusta&nbsp;<\/p>\n","protected":false},"excerpt":{"rendered":"<p>Avaimenper\u00e4 &#8211; musta s\u00e4hk\u00f6kitara SGK-0031 &nbsp;&nbsp;Tuotetiedot:&nbsp;Pituus 8,5 cm x leveys 2,5 cm x 0,5 cm Pituus ketjulla 12,5 cm Valmistettu puusta&nbsp;<\/p>\n","protected":false},"featured_media":44884,"comment_status":"open","ping_status":"closed","template":"","meta":[],"product_brand":[],"product_cat":[32],"product_tag":[],"class_list":{"0":"post-36670","1":"product","2":"type-product","3":"status-publish","4":"has-post-thumbnail","6":"product_cat-uncategorized-fi","8":"first","9":"instock","10":"shipping-taxable","11":"purchasable","12":"product-type-simple"},"_links":{"self":[{"href":"https:\/\/nordicmart.andreevmaster.com\/fi\/wp-json\/wp\/v2\/product\/36670","targetHints":{"allow":["GET"]}}],"collection":[{"href":"https:\/\/nordicmart.andreevmaster.com\/fi\/wp-json\/wp\/v2\/product"}],"about":[{"href":"https:\/\/nordicmart.andreevmaster.com\/fi\/wp-json\/wp\/v2\/types\/product"}],"replies":[{"embeddable":true,"href":"https:\/\/nordicmart.andreevmaster.com\/fi\/wp-json\/wp\/v2\/comments?post=36670"}],"wp:featuredmedia":[{"embeddable":true,"href":"https:\/\/nordicmart.andreevmaster.com\/fi\/wp-json\/wp\/v2\/media\/44884"}],"wp:attachment":[{"href":"https:\/\/nordicmart.andreevmaster.com\/fi\/wp-json\/wp\/v2\/media?parent=36670"}],"wp:term":[{"taxonomy":"product_brand","embeddable":true,"href":"https:\/\/nordicmart.andreevmaster.com\/fi\/wp-json\/wp\/v2\/product_brand?post=36670"},{"taxonomy":"product_cat","embeddable":true,"href":"https:\/\/nordicmart.andreevmaster.com\/fi\/wp-json\/wp\/v2\/product_cat?post=36670"},{"taxonomy":"product_tag","embeddable":true,"href":"https:\/\/nordicmart.andreevmaster.com\/fi\/wp-json\/wp\/v2\/product_tag?post=36670"}],"curies":[{"name":"wp","href":"https:\/\/api.w.org\/{rel}","templated":true}]}}