{"id":36669,"date":"2026-02-27T00:35:26","date_gmt":"2026-02-27T00:35:26","guid":{"rendered":"https:\/\/nordicmart.andreevmaster.com\/product\/elegantti-kyna-ja-laskin-puulaatikossa-g133h\/"},"modified":"2026-02-27T09:52:59","modified_gmt":"2026-02-27T09:52:59","slug":"elegantti-kyna-ja-laskin-puulaatikossa-g133h","status":"publish","type":"product","link":"https:\/\/nordicmart.andreevmaster.com\/fi\/tuote\/elegantti-kyna-ja-laskin-puulaatikossa-g133h\/","title":{"rendered":"Elegantti kyn\u00e4 ja laskin puulaatikossa | G133H"},"content":{"rendered":"<p>Elegantti kyn\u00e4 ja laskin puulaatikossa | G133H&nbsp;Esittelemme teille elegantin setin, joka sis\u00e4lt\u00e4\u00e4: kyn\u00e4n ja laskimen kauniissa puulaatikossa, jossa on kermanv\u00e4rinen sis\u00e4kansi. Laatikon kansi on puolipy\u00f6re\u00e4, mik\u00e4 antaa setille ainutlaatuisen luonteen.&nbsp;Mitat: &nbsp;210 x 120 x 40 mm&nbsp;&nbsp;Upea lahja! Sopii t\u00e4ydellisesti pomosi tai rakkaasi ty\u00f6p\u00f6yd\u00e4lle.&nbsp;<\/p>\n","protected":false},"excerpt":{"rendered":"<p>Elegantti kyn\u00e4 ja laskin puulaatikossa | G133H&nbsp;Esittelemme teille elegantin setin, joka sis\u00e4lt\u00e4\u00e4: kyn\u00e4n ja laskimen kauniissa puulaatikossa, jossa on kermanv\u00e4rinen sis\u00e4kansi. Laatikon kansi on puolipy\u00f6re\u00e4, mik\u00e4 antaa setille ainutlaatuisen luonteen.&nbsp;Mitat: &nbsp;210 x 120 x 40 mm&nbsp;&nbsp;Upea lahja! Sopii t\u00e4ydellisesti pomosi tai rakkaasi ty\u00f6p\u00f6yd\u00e4lle.&nbsp;<\/p>\n","protected":false},"featured_media":44883,"comment_status":"open","ping_status":"closed","template":"","meta":[],"product_brand":[],"product_cat":[32],"product_tag":[],"class_list":{"0":"post-36669","1":"product","2":"type-product","3":"status-publish","4":"has-post-thumbnail","6":"product_cat-uncategorized-fi","8":"first","9":"instock","10":"shipping-taxable","11":"purchasable","12":"product-type-simple"},"_links":{"self":[{"href":"https:\/\/nordicmart.andreevmaster.com\/fi\/wp-json\/wp\/v2\/product\/36669","targetHints":{"allow":["GET"]}}],"collection":[{"href":"https:\/\/nordicmart.andreevmaster.com\/fi\/wp-json\/wp\/v2\/product"}],"about":[{"href":"https:\/\/nordicmart.andreevmaster.com\/fi\/wp-json\/wp\/v2\/types\/product"}],"replies":[{"embeddable":true,"href":"https:\/\/nordicmart.andreevmaster.com\/fi\/wp-json\/wp\/v2\/comments?post=36669"}],"wp:featuredmedia":[{"embeddable":true,"href":"https:\/\/nordicmart.andreevmaster.com\/fi\/wp-json\/wp\/v2\/media\/44883"}],"wp:attachment":[{"href":"https:\/\/nordicmart.andreevmaster.com\/fi\/wp-json\/wp\/v2\/media?parent=36669"}],"wp:term":[{"taxonomy":"product_brand","embeddable":true,"href":"https:\/\/nordicmart.andreevmaster.com\/fi\/wp-json\/wp\/v2\/product_brand?post=36669"},{"taxonomy":"product_cat","embeddable":true,"href":"https:\/\/nordicmart.andreevmaster.com\/fi\/wp-json\/wp\/v2\/product_cat?post=36669"},{"taxonomy":"product_tag","embeddable":true,"href":"https:\/\/nordicmart.andreevmaster.com\/fi\/wp-json\/wp\/v2\/product_tag?post=36669"}],"curies":[{"name":"wp","href":"https:\/\/api.w.org\/{rel}","templated":true}]}}