{"id":36668,"date":"2026-02-27T00:35:26","date_gmt":"2026-02-27T00:35:26","guid":{"rendered":"https:\/\/nordicmart.andreevmaster.com\/product\/exclusive-brass-chess-staunton-28x28cm-s32bla-2\/"},"modified":"2026-02-27T09:52:59","modified_gmt":"2026-02-27T09:52:59","slug":"exclusive-brass-chess-staunton-28x28cm-s32bla-2","status":"publish","type":"product","link":"https:\/\/nordicmart.andreevmaster.com\/fi\/tuote\/exclusive-brass-chess-staunton-28x28cm-s32bla-2\/","title":{"rendered":"Exclusive brass Chess \u2013 Staunton &#8211; 28x28cm &#8211; S32BLA"},"content":{"rendered":"<p>Exclusive Staunton Chess 28 x 28 cm&nbsp;&nbsp;Tuotetiedot:&nbsp;Figuurit ja shakkilauta &#8211; messinkiShakkilautan mitat: 28x28cmKuningas korkeus: &nbsp;5cmSetin paino: 3,2kgV\u00e4rit: valkoinen ja musta ruutulauta, kultainen reunus &#8211; k\u00e4sinmaalattuKultaiset ja hopeiset figuurit&nbsp;Sir Howard Staunton oli 1800-luvulla yksi maailman parhaista shakkipelaajista. Vuosina 1843\u20131851 ep\u00e4virallisena maailmanmestarina toiminut Staunton ei ollut kiinnostunut pelk\u00e4st\u00e4\u00e4n shakin pelaamisesta. H\u00e4n oli my\u00f6s shakkiel\u00e4m\u00e4n j\u00e4rjest\u00e4j\u00e4, toimittaja ja shakkikirjojen kirjoittaja, tunnustettu shakkiteoreetikko sek\u00e4 shakkipelien s\u00e4\u00e4nt\u00f6jen ja pelitavan luoja. Vuodesta 1845 l\u00e4htien h\u00e4n toimitti 29 vuoden ajan shakkikolumnia Illustrated London News -lehdess\u00e4 ja nousi maailman vaikutusvaltaisimmaksi shakkikolumnistiksi. Vuonna 1847 h\u00e4n julkaisi Chess-Player&#8217;s Handbookin, joka on tunnetuin h\u00e4nen shakkikirjasarjastaan. Vuonna 1849 Staunton allekirjoitti Nathaniel Cookin suunnitteleman ja John Jaquesin valmistaman shakkimattojen sarjan. H\u00e4n suositteli nappuloita shakkilehdess\u00e4\u00e4n. Niiden muoto on tullut maailman suosituin shakk nappuloiden malli, jota k\u00e4ytet\u00e4\u00e4n edelleen useimmissa shakkiturnauksissa.&nbsp;Korkealaatuinen k\u00e4sin viimeistely.Shakkipalat on pakattu kauniiseen, ylelliseen puulaatikkoon. Sis\u00e4ll\u00e4 on huolellisesti valmistettu muovattu kotelo nappuloiden j\u00e4rjest\u00e4miseen ja turvalliseen s\u00e4ilytt\u00e4miseen.Laatikko on suojattu koristeellisella mustalla ja kultaisella pahvilaatikolla.Eritt\u00e4in eksklusiivinen tuote, kaunis lahja. Lahja shakkipelaajalle, kaunis koriste-esine. Valmistettu Kreikassa tunnetun Manopoulos-yrityksen toimesta, jolla on vuosikymmenten valmistusperinne. Manopoulos-shakkipalat ovat tunnettuja maailmanlaajuisesti pienin\u00e4 taideteoksina. &nbsp;<\/p>\n","protected":false},"excerpt":{"rendered":"<p>Exclusive Staunton Chess 28 x 28 cm&nbsp;&nbsp;Tuotetiedot:&nbsp;Figuurit ja shakkilauta &#8211; messinkiShakkilautan mitat: 28x28cmKuningas korkeus: &nbsp;5cmSetin paino: 3,2kgV\u00e4rit: valkoinen ja musta ruutulauta, kultainen reunus &#8211; k\u00e4sinmaalattuKultaiset ja hopeiset figuurit&nbsp;Sir Howard Staunton oli 1800-luvulla yksi maailman parhaista shakkipelaajista. Vuosina 1843\u20131851 ep\u00e4virallisena maailmanmestarina toiminut Staunton ei ollut kiinnostunut pelk\u00e4st\u00e4\u00e4n shakin pelaamisesta. H\u00e4n oli my\u00f6s shakkiel\u00e4m\u00e4n j\u00e4rjest\u00e4j\u00e4, toimittaja ja [&hellip;]<\/p>\n","protected":false},"featured_media":44882,"comment_status":"open","ping_status":"closed","template":"","meta":[],"product_brand":[],"product_cat":[32],"product_tag":[],"class_list":{"0":"post-36668","1":"product","2":"type-product","3":"status-publish","4":"has-post-thumbnail","6":"product_cat-uncategorized-fi","8":"first","9":"instock","10":"shipping-taxable","11":"purchasable","12":"product-type-simple"},"_links":{"self":[{"href":"https:\/\/nordicmart.andreevmaster.com\/fi\/wp-json\/wp\/v2\/product\/36668","targetHints":{"allow":["GET"]}}],"collection":[{"href":"https:\/\/nordicmart.andreevmaster.com\/fi\/wp-json\/wp\/v2\/product"}],"about":[{"href":"https:\/\/nordicmart.andreevmaster.com\/fi\/wp-json\/wp\/v2\/types\/product"}],"replies":[{"embeddable":true,"href":"https:\/\/nordicmart.andreevmaster.com\/fi\/wp-json\/wp\/v2\/comments?post=36668"}],"wp:featuredmedia":[{"embeddable":true,"href":"https:\/\/nordicmart.andreevmaster.com\/fi\/wp-json\/wp\/v2\/media\/44882"}],"wp:attachment":[{"href":"https:\/\/nordicmart.andreevmaster.com\/fi\/wp-json\/wp\/v2\/media?parent=36668"}],"wp:term":[{"taxonomy":"product_brand","embeddable":true,"href":"https:\/\/nordicmart.andreevmaster.com\/fi\/wp-json\/wp\/v2\/product_brand?post=36668"},{"taxonomy":"product_cat","embeddable":true,"href":"https:\/\/nordicmart.andreevmaster.com\/fi\/wp-json\/wp\/v2\/product_cat?post=36668"},{"taxonomy":"product_tag","embeddable":true,"href":"https:\/\/nordicmart.andreevmaster.com\/fi\/wp-json\/wp\/v2\/product_tag?post=36668"}],"curies":[{"name":"wp","href":"https:\/\/api.w.org\/{rel}","templated":true}]}}