{"id":36667,"date":"2026-02-27T00:35:26","date_gmt":"2026-02-27T00:35:26","guid":{"rendered":"https:\/\/nordicmart.andreevmaster.com\/product\/koristeellinen-maapallo-puukehyksessa-glb-40\/"},"modified":"2026-02-27T09:52:59","modified_gmt":"2026-02-27T09:52:59","slug":"koristeellinen-maapallo-puukehyksessa-glb-40","status":"publish","type":"product","link":"https:\/\/nordicmart.andreevmaster.com\/fi\/tuote\/koristeellinen-maapallo-puukehyksessa-glb-40\/","title":{"rendered":"Koristeellinen maapallo puukehyksess\u00e4 &#8211; GLB-40"},"content":{"rendered":"<p>Koristeellinen maapallo puukehyksess\u00e4 &#8211; GLB-40&nbsp;&nbsp;Alkuper\u00e4inen koristeellinen maapallo puukehyksess\u00e4 on vaihtoehto perinteisille maapalloille. Maapallo kehyksess\u00e4 on mielenkiintoinen koriste, joka tuo huoneeseen maailmallisen ilmeen. Kehyksen ja maapallon hillityt, mutta l\u00e4mpim\u00e4t v\u00e4rit sopivat t\u00e4ydellisesti moderneihin huoneisiin ja lis\u00e4\u00e4v\u00e4t niiden kodikkuutta. &nbsp;Puukehyksess\u00e4 oleva maapallo vieh\u00e4tt\u00e4\u00e4 ep\u00e4tavallisen muotoilun yst\u00e4vi\u00e4, matkailijoita ja maantieteilij\u00f6it\u00e4. &nbsp;T\u00e4m\u00e4 maapallo auttaa suunnittelemaan seuraavan ep\u00e4tavallisen matkan mihin tahansa maailman kolkkaan. Tuotetiedot: Materiaali: muovi Kehys: puu Kartta: sininen ja keltainen, hieman himme\u00e4t v\u00e4rit Maantieteelliset nimet englanniksi Mitat: Maapallon halkaisija \u2013 15 cm x Kehys \u2013 24 cm<\/p>\n","protected":false},"excerpt":{"rendered":"<p>Koristeellinen maapallo puukehyksess\u00e4 &#8211; GLB-40&nbsp;&nbsp;Alkuper\u00e4inen koristeellinen maapallo puukehyksess\u00e4 on vaihtoehto perinteisille maapalloille. Maapallo kehyksess\u00e4 on mielenkiintoinen koriste, joka tuo huoneeseen maailmallisen ilmeen. Kehyksen ja maapallon hillityt, mutta l\u00e4mpim\u00e4t v\u00e4rit sopivat t\u00e4ydellisesti moderneihin huoneisiin ja lis\u00e4\u00e4v\u00e4t niiden kodikkuutta. &nbsp;Puukehyksess\u00e4 oleva maapallo vieh\u00e4tt\u00e4\u00e4 ep\u00e4tavallisen muotoilun yst\u00e4vi\u00e4, matkailijoita ja maantieteilij\u00f6it\u00e4. &nbsp;T\u00e4m\u00e4 maapallo auttaa suunnittelemaan seuraavan ep\u00e4tavallisen matkan mihin [&hellip;]<\/p>\n","protected":false},"featured_media":44881,"comment_status":"open","ping_status":"closed","template":"","meta":[],"product_brand":[],"product_cat":[32],"product_tag":[],"class_list":{"0":"post-36667","1":"product","2":"type-product","3":"status-publish","4":"has-post-thumbnail","6":"product_cat-uncategorized-fi","8":"first","9":"instock","10":"shipping-taxable","11":"purchasable","12":"product-type-simple"},"_links":{"self":[{"href":"https:\/\/nordicmart.andreevmaster.com\/fi\/wp-json\/wp\/v2\/product\/36667","targetHints":{"allow":["GET"]}}],"collection":[{"href":"https:\/\/nordicmart.andreevmaster.com\/fi\/wp-json\/wp\/v2\/product"}],"about":[{"href":"https:\/\/nordicmart.andreevmaster.com\/fi\/wp-json\/wp\/v2\/types\/product"}],"replies":[{"embeddable":true,"href":"https:\/\/nordicmart.andreevmaster.com\/fi\/wp-json\/wp\/v2\/comments?post=36667"}],"wp:featuredmedia":[{"embeddable":true,"href":"https:\/\/nordicmart.andreevmaster.com\/fi\/wp-json\/wp\/v2\/media\/44881"}],"wp:attachment":[{"href":"https:\/\/nordicmart.andreevmaster.com\/fi\/wp-json\/wp\/v2\/media?parent=36667"}],"wp:term":[{"taxonomy":"product_brand","embeddable":true,"href":"https:\/\/nordicmart.andreevmaster.com\/fi\/wp-json\/wp\/v2\/product_brand?post=36667"},{"taxonomy":"product_cat","embeddable":true,"href":"https:\/\/nordicmart.andreevmaster.com\/fi\/wp-json\/wp\/v2\/product_cat?post=36667"},{"taxonomy":"product_tag","embeddable":true,"href":"https:\/\/nordicmart.andreevmaster.com\/fi\/wp-json\/wp\/v2\/product_tag?post=36667"}],"curies":[{"name":"wp","href":"https:\/\/api.w.org\/{rel}","templated":true}]}}