{"id":36666,"date":"2026-02-27T00:35:25","date_gmt":"2026-02-27T00:35:25","guid":{"rendered":"https:\/\/nordicmart.andreevmaster.com\/product\/voyager-koristeellinen-maapallo-marmori-ja-puualustalla-glb-108\/"},"modified":"2026-02-27T09:52:58","modified_gmt":"2026-02-27T09:52:58","slug":"voyager-koristeellinen-maapallo-marmori-ja-puualustalla-glb-108","status":"publish","type":"product","link":"https:\/\/nordicmart.andreevmaster.com\/fi\/tuote\/voyager-koristeellinen-maapallo-marmori-ja-puualustalla-glb-108\/","title":{"rendered":"Voyager-koristeellinen maapallo marmori- ja puualustalla &#8211; GLB-108"},"content":{"rendered":"<p>Voyager-koristeellinen maapallo marmori- ja puualustalla &#8211; GLB-108&nbsp;&nbsp;Voyager-koristeellinen maapallo marmori- ja puualustalla vie sinut maailman kaukaisimpiin kolkkiin. Lis\u00e4ksi se koristaa kauniisti asuntoasi ja t\u00e4ytt\u00e4\u00e4 sen maailmanmatkailijan tunnelman. Koristeellinen maapallo on tyylik\u00e4s koriste olohuoneeseen, makuuhuoneeseen ja toimistoon, ja se sopii erinomaisesti matkailun yst\u00e4v\u00e4n asuntoon. &nbsp;Maapallon kartta, jossa valkoinen v\u00e4ri (meret) on hallitseva, kontrastoi t\u00e4ydellisesti jalustan puuelementtien kanssa. Alkuper\u00e4inen kehys tekee maapallosta tyylikk\u00e4\u00e4n ja esteettisesti miellytt\u00e4v\u00e4n. &nbsp;&nbsp;Tuotetiedot:&nbsp;Materiaali: muoviKartta: valkoinen hallitseva, v\u00e4rilliset mantereetMaantieteelliset nimet englanniksi Kahva: puuJalusta: marmori ja puuMitat: halkaisija &#8211; 15 cm, jalustan halkaisija &#8211; 11 cm, korkeus &#8211; 32 cm&nbsp;<\/p>\n","protected":false},"excerpt":{"rendered":"<p>Voyager-koristeellinen maapallo marmori- ja puualustalla &#8211; GLB-108&nbsp;&nbsp;Voyager-koristeellinen maapallo marmori- ja puualustalla vie sinut maailman kaukaisimpiin kolkkiin. Lis\u00e4ksi se koristaa kauniisti asuntoasi ja t\u00e4ytt\u00e4\u00e4 sen maailmanmatkailijan tunnelman. Koristeellinen maapallo on tyylik\u00e4s koriste olohuoneeseen, makuuhuoneeseen ja toimistoon, ja se sopii erinomaisesti matkailun yst\u00e4v\u00e4n asuntoon. &nbsp;Maapallon kartta, jossa valkoinen v\u00e4ri (meret) on hallitseva, kontrastoi t\u00e4ydellisesti jalustan puuelementtien kanssa. [&hellip;]<\/p>\n","protected":false},"featured_media":44880,"comment_status":"open","ping_status":"closed","template":"","meta":[],"product_brand":[],"product_cat":[32],"product_tag":[],"class_list":{"0":"post-36666","1":"product","2":"type-product","3":"status-publish","4":"has-post-thumbnail","6":"product_cat-uncategorized-fi","8":"first","9":"instock","10":"shipping-taxable","11":"purchasable","12":"product-type-simple"},"_links":{"self":[{"href":"https:\/\/nordicmart.andreevmaster.com\/fi\/wp-json\/wp\/v2\/product\/36666","targetHints":{"allow":["GET"]}}],"collection":[{"href":"https:\/\/nordicmart.andreevmaster.com\/fi\/wp-json\/wp\/v2\/product"}],"about":[{"href":"https:\/\/nordicmart.andreevmaster.com\/fi\/wp-json\/wp\/v2\/types\/product"}],"replies":[{"embeddable":true,"href":"https:\/\/nordicmart.andreevmaster.com\/fi\/wp-json\/wp\/v2\/comments?post=36666"}],"wp:featuredmedia":[{"embeddable":true,"href":"https:\/\/nordicmart.andreevmaster.com\/fi\/wp-json\/wp\/v2\/media\/44880"}],"wp:attachment":[{"href":"https:\/\/nordicmart.andreevmaster.com\/fi\/wp-json\/wp\/v2\/media?parent=36666"}],"wp:term":[{"taxonomy":"product_brand","embeddable":true,"href":"https:\/\/nordicmart.andreevmaster.com\/fi\/wp-json\/wp\/v2\/product_brand?post=36666"},{"taxonomy":"product_cat","embeddable":true,"href":"https:\/\/nordicmart.andreevmaster.com\/fi\/wp-json\/wp\/v2\/product_cat?post=36666"},{"taxonomy":"product_tag","embeddable":true,"href":"https:\/\/nordicmart.andreevmaster.com\/fi\/wp-json\/wp\/v2\/product_tag?post=36666"}],"curies":[{"name":"wp","href":"https:\/\/api.w.org\/{rel}","templated":true}]}}