{"id":36665,"date":"2026-02-27T00:35:25","date_gmt":"2026-02-27T00:35:25","guid":{"rendered":"https:\/\/nordicmart.andreevmaster.com\/product\/messinkinen-retrokompassi-nahkakotelossa-c0006\/"},"modified":"2026-02-27T09:52:58","modified_gmt":"2026-02-27T09:52:58","slug":"messinkinen-retrokompassi-nahkakotelossa-c0006","status":"publish","type":"product","link":"https:\/\/nordicmart.andreevmaster.com\/fi\/tuote\/messinkinen-retrokompassi-nahkakotelossa-c0006\/","title":{"rendered":"Messinkinen retrokompassi nahkakotelossa &#8211; C0006"},"content":{"rendered":"<p>Messinkinen retrokompassi nahkakotelossa &#8211; C0006&nbsp;&nbsp;&nbsp;Messinkinen retrokompassi nahkakotelossa vieh\u00e4tt\u00e4\u00e4 suurten maantieteellisten l\u00f6yt\u00f6jen tarinoiden yst\u00e4vi\u00e4, matkailijoita ja vintage-tyylin faneja. Kompassi on t\u00e4ysin toimiva, joten se on k\u00e4tev\u00e4 vaelluksilla, partiomatkoilla ja tutkimusmatkoilla tuntemattomaan. &nbsp;Messinkikehyksinen kompassi on erityisesti vanhennettu, jotta se n\u00e4ytt\u00e4\u00e4 kuin toiselta aikakaudelta. Kompassissa on magneettinen neulan lukitus ja riipus, jolla sen voi kiinnitt\u00e4\u00e4 ketjuun. Kompassi on pakattu nahkakoteloon, joka suojaa sit\u00e4 naarmuilta. &nbsp;&nbsp;&nbsp;Tuotetiedot:&nbsp;&#8211; Materiaali: messinki, lasi- V\u00e4ri: messinki, ruskea- Mitat: kompassin halkaisija &#8211; 5,5 cm- Magneettinen neulan lukko- Riipus &#8211; Nahkakotelo (7,5 x 7 x 3 cm)- Viimeistely: retro&nbsp;<\/p>\n","protected":false},"excerpt":{"rendered":"<p>Messinkinen retrokompassi nahkakotelossa &#8211; C0006&nbsp;&nbsp;&nbsp;Messinkinen retrokompassi nahkakotelossa vieh\u00e4tt\u00e4\u00e4 suurten maantieteellisten l\u00f6yt\u00f6jen tarinoiden yst\u00e4vi\u00e4, matkailijoita ja vintage-tyylin faneja. Kompassi on t\u00e4ysin toimiva, joten se on k\u00e4tev\u00e4 vaelluksilla, partiomatkoilla ja tutkimusmatkoilla tuntemattomaan. &nbsp;Messinkikehyksinen kompassi on erityisesti vanhennettu, jotta se n\u00e4ytt\u00e4\u00e4 kuin toiselta aikakaudelta. Kompassissa on magneettinen neulan lukitus ja riipus, jolla sen voi kiinnitt\u00e4\u00e4 ketjuun. Kompassi on [&hellip;]<\/p>\n","protected":false},"featured_media":44879,"comment_status":"open","ping_status":"closed","template":"","meta":[],"product_brand":[],"product_cat":[32],"product_tag":[],"class_list":{"0":"post-36665","1":"product","2":"type-product","3":"status-publish","4":"has-post-thumbnail","6":"product_cat-uncategorized-fi","8":"first","9":"instock","10":"shipping-taxable","11":"purchasable","12":"product-type-simple"},"_links":{"self":[{"href":"https:\/\/nordicmart.andreevmaster.com\/fi\/wp-json\/wp\/v2\/product\/36665","targetHints":{"allow":["GET"]}}],"collection":[{"href":"https:\/\/nordicmart.andreevmaster.com\/fi\/wp-json\/wp\/v2\/product"}],"about":[{"href":"https:\/\/nordicmart.andreevmaster.com\/fi\/wp-json\/wp\/v2\/types\/product"}],"replies":[{"embeddable":true,"href":"https:\/\/nordicmart.andreevmaster.com\/fi\/wp-json\/wp\/v2\/comments?post=36665"}],"wp:featuredmedia":[{"embeddable":true,"href":"https:\/\/nordicmart.andreevmaster.com\/fi\/wp-json\/wp\/v2\/media\/44879"}],"wp:attachment":[{"href":"https:\/\/nordicmart.andreevmaster.com\/fi\/wp-json\/wp\/v2\/media?parent=36665"}],"wp:term":[{"taxonomy":"product_brand","embeddable":true,"href":"https:\/\/nordicmart.andreevmaster.com\/fi\/wp-json\/wp\/v2\/product_brand?post=36665"},{"taxonomy":"product_cat","embeddable":true,"href":"https:\/\/nordicmart.andreevmaster.com\/fi\/wp-json\/wp\/v2\/product_cat?post=36665"},{"taxonomy":"product_tag","embeddable":true,"href":"https:\/\/nordicmart.andreevmaster.com\/fi\/wp-json\/wp\/v2\/product_tag?post=36665"}],"curies":[{"name":"wp","href":"https:\/\/api.w.org\/{rel}","templated":true}]}}