{"id":36664,"date":"2026-02-27T00:35:25","date_gmt":"2026-02-27T00:35:25","guid":{"rendered":"https:\/\/nordicmart.andreevmaster.com\/product\/suurennuslasi-nahkakotelossa-c-60\/"},"modified":"2026-02-27T09:52:58","modified_gmt":"2026-02-27T09:52:58","slug":"suurennuslasi-nahkakotelossa-c-60","status":"publish","type":"product","link":"https:\/\/nordicmart.andreevmaster.com\/fi\/tuote\/suurennuslasi-nahkakotelossa-c-60\/","title":{"rendered":"Suurennuslasi nahkakotelossa &#8211; C-60"},"content":{"rendered":"<p>Suurennuslasi nahkakotelossa &#8211; C-60&nbsp;&nbsp;Matkasuurennuslasi, jonka voit ottaa mukaan minne tahansa. Taitettava, kompakti lukulasisuurennuslasi mahtuu helposti k\u00e4silaukkuun tai reppuun. Nahkakotelo suojaa suurennuslasia rikkoutumiselta ja naarmuuntumiselta, joten voit kantaa sit\u00e4 mukanasi minne tahansa ilman huolta. &nbsp;Matkasuurennuslasi sopii hyvin lahjaksi iso\u00e4idille tai isois\u00e4lle. My\u00f6s postimerkkien ja kolikoiden ker\u00e4ilij\u00e4t iloitsevat t\u00e4llaisesta lahjasta. Tiedot: Suurennus: 3,5x Materiaali: messinki Kotelon v\u00e4rit: tummanruskea Mitat: 17,5 x 5,5 x 1,5 cm Kotelo: nahkakotelo &#8211; mitat: 10 x 6,5 x 3 cm Taitettava suurennuslasi<\/p>\n","protected":false},"excerpt":{"rendered":"<p>Suurennuslasi nahkakotelossa &#8211; C-60&nbsp;&nbsp;Matkasuurennuslasi, jonka voit ottaa mukaan minne tahansa. Taitettava, kompakti lukulasisuurennuslasi mahtuu helposti k\u00e4silaukkuun tai reppuun. Nahkakotelo suojaa suurennuslasia rikkoutumiselta ja naarmuuntumiselta, joten voit kantaa sit\u00e4 mukanasi minne tahansa ilman huolta. &nbsp;Matkasuurennuslasi sopii hyvin lahjaksi iso\u00e4idille tai isois\u00e4lle. My\u00f6s postimerkkien ja kolikoiden ker\u00e4ilij\u00e4t iloitsevat t\u00e4llaisesta lahjasta. Tiedot: Suurennus: 3,5x Materiaali: messinki Kotelon v\u00e4rit: [&hellip;]<\/p>\n","protected":false},"featured_media":44878,"comment_status":"open","ping_status":"closed","template":"","meta":[],"product_brand":[],"product_cat":[32],"product_tag":[],"class_list":{"0":"post-36664","1":"product","2":"type-product","3":"status-publish","4":"has-post-thumbnail","6":"product_cat-uncategorized-fi","8":"first","9":"instock","10":"shipping-taxable","11":"purchasable","12":"product-type-simple"},"_links":{"self":[{"href":"https:\/\/nordicmart.andreevmaster.com\/fi\/wp-json\/wp\/v2\/product\/36664","targetHints":{"allow":["GET"]}}],"collection":[{"href":"https:\/\/nordicmart.andreevmaster.com\/fi\/wp-json\/wp\/v2\/product"}],"about":[{"href":"https:\/\/nordicmart.andreevmaster.com\/fi\/wp-json\/wp\/v2\/types\/product"}],"replies":[{"embeddable":true,"href":"https:\/\/nordicmart.andreevmaster.com\/fi\/wp-json\/wp\/v2\/comments?post=36664"}],"wp:featuredmedia":[{"embeddable":true,"href":"https:\/\/nordicmart.andreevmaster.com\/fi\/wp-json\/wp\/v2\/media\/44878"}],"wp:attachment":[{"href":"https:\/\/nordicmart.andreevmaster.com\/fi\/wp-json\/wp\/v2\/media?parent=36664"}],"wp:term":[{"taxonomy":"product_brand","embeddable":true,"href":"https:\/\/nordicmart.andreevmaster.com\/fi\/wp-json\/wp\/v2\/product_brand?post=36664"},{"taxonomy":"product_cat","embeddable":true,"href":"https:\/\/nordicmart.andreevmaster.com\/fi\/wp-json\/wp\/v2\/product_cat?post=36664"},{"taxonomy":"product_tag","embeddable":true,"href":"https:\/\/nordicmart.andreevmaster.com\/fi\/wp-json\/wp\/v2\/product_tag?post=36664"}],"curies":[{"name":"wp","href":"https:\/\/api.w.org\/{rel}","templated":true}]}}