{"id":36663,"date":"2026-02-27T00:35:25","date_gmt":"2026-02-27T00:35:25","guid":{"rendered":"https:\/\/nordicmart.andreevmaster.com\/product\/avaimenpera-krt30\/"},"modified":"2026-02-27T09:52:58","modified_gmt":"2026-02-27T09:52:58","slug":"avaimenpera-krt30","status":"publish","type":"product","link":"https:\/\/nordicmart.andreevmaster.com\/fi\/tuote\/avaimenpera-krt30\/","title":{"rendered":"Avaimenper\u00e4 &#8211; KRT30"},"content":{"rendered":"<p>Avaimenper\u00e4 &#8211; KRT30&nbsp;&nbsp;Ranskalainen avainper\u00e4 on hyv\u00e4 pieni lahja mekaanikolle, yleismiehelle tai putkimiehelle. T\u00e4m\u00e4 ty\u00f6kalu on v\u00e4ltt\u00e4m\u00e4t\u00f6n n\u00e4iss\u00e4 ammateissa, joten sen pienoismalli ilahduttaa varmasti vastaanottajaa. Avaimenper\u00e4 on valmistettu messingist\u00e4. Se kiinnitet\u00e4\u00e4n avaimiin kierrett\u00e4v\u00e4ll\u00e4 karabiinikoukulla.&nbsp;&nbsp;Tiedot:&nbsp;Materiaali: messinkiV\u00e4ri: messinkiKarabiinikoukku, jolla voi kiinnitt\u00e4\u00e4 esimerkiksi avaimetMitat: Ranskalaisen jakoavaimen pituus &#8211; 6,5 cm. Jakoavain 7\/5 mm. Kokonaispituus: 11,5 cm<\/p>\n","protected":false},"excerpt":{"rendered":"<p>Avaimenper\u00e4 &#8211; KRT30&nbsp;&nbsp;Ranskalainen avainper\u00e4 on hyv\u00e4 pieni lahja mekaanikolle, yleismiehelle tai putkimiehelle. T\u00e4m\u00e4 ty\u00f6kalu on v\u00e4ltt\u00e4m\u00e4t\u00f6n n\u00e4iss\u00e4 ammateissa, joten sen pienoismalli ilahduttaa varmasti vastaanottajaa. Avaimenper\u00e4 on valmistettu messingist\u00e4. Se kiinnitet\u00e4\u00e4n avaimiin kierrett\u00e4v\u00e4ll\u00e4 karabiinikoukulla.&nbsp;&nbsp;Tiedot:&nbsp;Materiaali: messinkiV\u00e4ri: messinkiKarabiinikoukku, jolla voi kiinnitt\u00e4\u00e4 esimerkiksi avaimetMitat: Ranskalaisen jakoavaimen pituus &#8211; 6,5 cm. Jakoavain 7\/5 mm. Kokonaispituus: 11,5 cm<\/p>\n","protected":false},"featured_media":44877,"comment_status":"open","ping_status":"closed","template":"","meta":[],"product_brand":[],"product_cat":[32],"product_tag":[],"class_list":{"0":"post-36663","1":"product","2":"type-product","3":"status-publish","4":"has-post-thumbnail","6":"product_cat-uncategorized-fi","8":"first","9":"instock","10":"shipping-taxable","11":"purchasable","12":"product-type-simple"},"_links":{"self":[{"href":"https:\/\/nordicmart.andreevmaster.com\/fi\/wp-json\/wp\/v2\/product\/36663","targetHints":{"allow":["GET"]}}],"collection":[{"href":"https:\/\/nordicmart.andreevmaster.com\/fi\/wp-json\/wp\/v2\/product"}],"about":[{"href":"https:\/\/nordicmart.andreevmaster.com\/fi\/wp-json\/wp\/v2\/types\/product"}],"replies":[{"embeddable":true,"href":"https:\/\/nordicmart.andreevmaster.com\/fi\/wp-json\/wp\/v2\/comments?post=36663"}],"wp:featuredmedia":[{"embeddable":true,"href":"https:\/\/nordicmart.andreevmaster.com\/fi\/wp-json\/wp\/v2\/media\/44877"}],"wp:attachment":[{"href":"https:\/\/nordicmart.andreevmaster.com\/fi\/wp-json\/wp\/v2\/media?parent=36663"}],"wp:term":[{"taxonomy":"product_brand","embeddable":true,"href":"https:\/\/nordicmart.andreevmaster.com\/fi\/wp-json\/wp\/v2\/product_brand?post=36663"},{"taxonomy":"product_cat","embeddable":true,"href":"https:\/\/nordicmart.andreevmaster.com\/fi\/wp-json\/wp\/v2\/product_cat?post=36663"},{"taxonomy":"product_tag","embeddable":true,"href":"https:\/\/nordicmart.andreevmaster.com\/fi\/wp-json\/wp\/v2\/product_tag?post=36663"}],"curies":[{"name":"wp","href":"https:\/\/api.w.org\/{rel}","templated":true}]}}