{"id":36662,"date":"2026-02-27T00:35:24","date_gmt":"2026-02-27T00:35:24","guid":{"rendered":"https:\/\/nordicmart.andreevmaster.com\/product\/avaimenpera-spade-krt28\/"},"modified":"2026-02-27T09:52:58","modified_gmt":"2026-02-27T09:52:58","slug":"avaimenpera-spade-krt28","status":"publish","type":"product","link":"https:\/\/nordicmart.andreevmaster.com\/fi\/tuote\/avaimenpera-spade-krt28\/","title":{"rendered":"Avaimenper\u00e4 Spade &#8211; KRT28"},"content":{"rendered":"<p>Avaimenper\u00e4 Spade &#8211; KRT28&nbsp;&nbsp;Avaimenper\u00e4 Spade on hyv\u00e4 idea pieneksi lahjaksi puutarhurille tai rakennusty\u00f6l\u00e4iselle. He eiv\u00e4t voi kaivaa sill\u00e4 liian syvi\u00e4 kuoppia, mutta avainten l\u00f6yt\u00e4minen repusta on helpompaa. Avaimenper\u00e4 on valmistettu kest\u00e4v\u00e4st\u00e4 messingist\u00e4. Se kiinnitet\u00e4\u00e4n avaimiin irrotettavalla karabiinikoukulla.&nbsp;&nbsp;Tiedot:&nbsp;Materiaali: messinkiV\u00e4ri: messinkiKarabiinikoukku, jolla voidaan kiinnitt\u00e4\u00e4 esimerkiksi avaimetMitat: 5,8 x 1,5 cm. Kokonaispituus 12 cm&nbsp;<\/p>\n","protected":false},"excerpt":{"rendered":"<p>Avaimenper\u00e4 Spade &#8211; KRT28&nbsp;&nbsp;Avaimenper\u00e4 Spade on hyv\u00e4 idea pieneksi lahjaksi puutarhurille tai rakennusty\u00f6l\u00e4iselle. He eiv\u00e4t voi kaivaa sill\u00e4 liian syvi\u00e4 kuoppia, mutta avainten l\u00f6yt\u00e4minen repusta on helpompaa. Avaimenper\u00e4 on valmistettu kest\u00e4v\u00e4st\u00e4 messingist\u00e4. Se kiinnitet\u00e4\u00e4n avaimiin irrotettavalla karabiinikoukulla.&nbsp;&nbsp;Tiedot:&nbsp;Materiaali: messinkiV\u00e4ri: messinkiKarabiinikoukku, jolla voidaan kiinnitt\u00e4\u00e4 esimerkiksi avaimetMitat: 5,8 x 1,5 cm. Kokonaispituus 12 cm&nbsp;<\/p>\n","protected":false},"featured_media":44876,"comment_status":"open","ping_status":"closed","template":"","meta":[],"product_brand":[],"product_cat":[32],"product_tag":[],"class_list":{"0":"post-36662","1":"product","2":"type-product","3":"status-publish","4":"has-post-thumbnail","6":"product_cat-uncategorized-fi","8":"first","9":"instock","10":"shipping-taxable","11":"purchasable","12":"product-type-simple"},"_links":{"self":[{"href":"https:\/\/nordicmart.andreevmaster.com\/fi\/wp-json\/wp\/v2\/product\/36662","targetHints":{"allow":["GET"]}}],"collection":[{"href":"https:\/\/nordicmart.andreevmaster.com\/fi\/wp-json\/wp\/v2\/product"}],"about":[{"href":"https:\/\/nordicmart.andreevmaster.com\/fi\/wp-json\/wp\/v2\/types\/product"}],"replies":[{"embeddable":true,"href":"https:\/\/nordicmart.andreevmaster.com\/fi\/wp-json\/wp\/v2\/comments?post=36662"}],"wp:featuredmedia":[{"embeddable":true,"href":"https:\/\/nordicmart.andreevmaster.com\/fi\/wp-json\/wp\/v2\/media\/44876"}],"wp:attachment":[{"href":"https:\/\/nordicmart.andreevmaster.com\/fi\/wp-json\/wp\/v2\/media?parent=36662"}],"wp:term":[{"taxonomy":"product_brand","embeddable":true,"href":"https:\/\/nordicmart.andreevmaster.com\/fi\/wp-json\/wp\/v2\/product_brand?post=36662"},{"taxonomy":"product_cat","embeddable":true,"href":"https:\/\/nordicmart.andreevmaster.com\/fi\/wp-json\/wp\/v2\/product_cat?post=36662"},{"taxonomy":"product_tag","embeddable":true,"href":"https:\/\/nordicmart.andreevmaster.com\/fi\/wp-json\/wp\/v2\/product_tag?post=36662"}],"curies":[{"name":"wp","href":"https:\/\/api.w.org\/{rel}","templated":true}]}}