{"id":36661,"date":"2026-02-27T00:35:24","date_gmt":"2026-02-27T00:35:24","guid":{"rendered":"https:\/\/nordicmart.andreevmaster.com\/product\/aksiksen-avaimenpera-krt27\/"},"modified":"2026-02-27T09:52:57","modified_gmt":"2026-02-27T09:52:57","slug":"aksiksen-avaimenpera-krt27","status":"publish","type":"product","link":"https:\/\/nordicmart.andreevmaster.com\/fi\/tuote\/aksiksen-avaimenpera-krt27\/","title":{"rendered":"Aksiksen avaimenper\u00e4 &#8211; KRT27"},"content":{"rendered":"<p>Aksiksen avaimenper\u00e4 &#8211; KRT27 Aksiksen avaimenper\u00e4 sopii hyvin lahjaksi metsuriin tai palomiehelle. Avaimenper\u00e4 on valmistettu kest\u00e4v\u00e4st\u00e4 messingist\u00e4. Se kiinnitet\u00e4\u00e4n avaimiin kierrett\u00e4v\u00e4ll\u00e4 karabiinikoukulla.&nbsp;&nbsp;Tiedot:&nbsp;Materiaali: messinkiV\u00e4ri: messinkiKarabiinikoukku, jolla voi kiinnitt\u00e4\u00e4 esimerkiksi avaimetMitat: 5,7 x 2,3 cm. Kokonaispituus: 11 cm<\/p>\n","protected":false},"excerpt":{"rendered":"<p>Aksiksen avaimenper\u00e4 &#8211; KRT27 Aksiksen avaimenper\u00e4 sopii hyvin lahjaksi metsuriin tai palomiehelle. Avaimenper\u00e4 on valmistettu kest\u00e4v\u00e4st\u00e4 messingist\u00e4. Se kiinnitet\u00e4\u00e4n avaimiin kierrett\u00e4v\u00e4ll\u00e4 karabiinikoukulla.&nbsp;&nbsp;Tiedot:&nbsp;Materiaali: messinkiV\u00e4ri: messinkiKarabiinikoukku, jolla voi kiinnitt\u00e4\u00e4 esimerkiksi avaimetMitat: 5,7 x 2,3 cm. Kokonaispituus: 11 cm<\/p>\n","protected":false},"featured_media":44875,"comment_status":"open","ping_status":"closed","template":"","meta":[],"product_brand":[],"product_cat":[32],"product_tag":[],"class_list":{"0":"post-36661","1":"product","2":"type-product","3":"status-publish","4":"has-post-thumbnail","6":"product_cat-uncategorized-fi","8":"first","9":"instock","10":"shipping-taxable","11":"purchasable","12":"product-type-simple"},"_links":{"self":[{"href":"https:\/\/nordicmart.andreevmaster.com\/fi\/wp-json\/wp\/v2\/product\/36661","targetHints":{"allow":["GET"]}}],"collection":[{"href":"https:\/\/nordicmart.andreevmaster.com\/fi\/wp-json\/wp\/v2\/product"}],"about":[{"href":"https:\/\/nordicmart.andreevmaster.com\/fi\/wp-json\/wp\/v2\/types\/product"}],"replies":[{"embeddable":true,"href":"https:\/\/nordicmart.andreevmaster.com\/fi\/wp-json\/wp\/v2\/comments?post=36661"}],"wp:featuredmedia":[{"embeddable":true,"href":"https:\/\/nordicmart.andreevmaster.com\/fi\/wp-json\/wp\/v2\/media\/44875"}],"wp:attachment":[{"href":"https:\/\/nordicmart.andreevmaster.com\/fi\/wp-json\/wp\/v2\/media?parent=36661"}],"wp:term":[{"taxonomy":"product_brand","embeddable":true,"href":"https:\/\/nordicmart.andreevmaster.com\/fi\/wp-json\/wp\/v2\/product_brand?post=36661"},{"taxonomy":"product_cat","embeddable":true,"href":"https:\/\/nordicmart.andreevmaster.com\/fi\/wp-json\/wp\/v2\/product_cat?post=36661"},{"taxonomy":"product_tag","embeddable":true,"href":"https:\/\/nordicmart.andreevmaster.com\/fi\/wp-json\/wp\/v2\/product_tag?post=36661"}],"curies":[{"name":"wp","href":"https:\/\/api.w.org\/{rel}","templated":true}]}}