{"id":36660,"date":"2026-02-27T00:35:24","date_gmt":"2026-02-27T00:35:24","guid":{"rendered":"https:\/\/nordicmart.andreevmaster.com\/product\/pihdit-avaimenpera-krt26\/"},"modified":"2026-02-27T09:52:57","modified_gmt":"2026-02-27T09:52:57","slug":"pihdit-avaimenpera-krt26","status":"publish","type":"product","link":"https:\/\/nordicmart.andreevmaster.com\/fi\/tuote\/pihdit-avaimenpera-krt26\/","title":{"rendered":"Pihdit-avaimenper\u00e4 &#8211; KRT26"},"content":{"rendered":"<p>Pihdit-avaimenper\u00e4 &#8211; KRT26&nbsp;&nbsp;Pihdit-avaimenper\u00e4 on gadget, joka miellytt\u00e4\u00e4 DIY-harrastajia, k\u00e4tevi\u00e4 k\u00e4sity\u00f6l\u00e4isi\u00e4 ja ty\u00f6kalujen ker\u00e4ilij\u00f6it\u00e4. Se sopii hyvin lahjaksi miehelle, joka ei voi istua kotona toimettomana. Pihdit-avaimenper\u00e4 on valmistettu messingist\u00e4. Pihdit ovat liikkuvat. Kiinnitet\u00e4\u00e4n avaimiin irrotettavalla karabiinikoukulla. &nbsp;&nbsp;Tuotetiedot:&nbsp;Materiaali: messinkiV\u00e4rit: messinkiMitat: 6 x 1,5 cm. Kokonaispituus: 12 cm<\/p>\n","protected":false},"excerpt":{"rendered":"<p>Pihdit-avaimenper\u00e4 &#8211; KRT26&nbsp;&nbsp;Pihdit-avaimenper\u00e4 on gadget, joka miellytt\u00e4\u00e4 DIY-harrastajia, k\u00e4tevi\u00e4 k\u00e4sity\u00f6l\u00e4isi\u00e4 ja ty\u00f6kalujen ker\u00e4ilij\u00f6it\u00e4. Se sopii hyvin lahjaksi miehelle, joka ei voi istua kotona toimettomana. Pihdit-avaimenper\u00e4 on valmistettu messingist\u00e4. Pihdit ovat liikkuvat. Kiinnitet\u00e4\u00e4n avaimiin irrotettavalla karabiinikoukulla. &nbsp;&nbsp;Tuotetiedot:&nbsp;Materiaali: messinkiV\u00e4rit: messinkiMitat: 6 x 1,5 cm. Kokonaispituus: 12 cm<\/p>\n","protected":false},"featured_media":44874,"comment_status":"open","ping_status":"closed","template":"","meta":[],"product_brand":[],"product_cat":[32],"product_tag":[],"class_list":{"0":"post-36660","1":"product","2":"type-product","3":"status-publish","4":"has-post-thumbnail","6":"product_cat-uncategorized-fi","8":"first","9":"instock","10":"shipping-taxable","11":"purchasable","12":"product-type-simple"},"_links":{"self":[{"href":"https:\/\/nordicmart.andreevmaster.com\/fi\/wp-json\/wp\/v2\/product\/36660","targetHints":{"allow":["GET"]}}],"collection":[{"href":"https:\/\/nordicmart.andreevmaster.com\/fi\/wp-json\/wp\/v2\/product"}],"about":[{"href":"https:\/\/nordicmart.andreevmaster.com\/fi\/wp-json\/wp\/v2\/types\/product"}],"replies":[{"embeddable":true,"href":"https:\/\/nordicmart.andreevmaster.com\/fi\/wp-json\/wp\/v2\/comments?post=36660"}],"wp:featuredmedia":[{"embeddable":true,"href":"https:\/\/nordicmart.andreevmaster.com\/fi\/wp-json\/wp\/v2\/media\/44874"}],"wp:attachment":[{"href":"https:\/\/nordicmart.andreevmaster.com\/fi\/wp-json\/wp\/v2\/media?parent=36660"}],"wp:term":[{"taxonomy":"product_brand","embeddable":true,"href":"https:\/\/nordicmart.andreevmaster.com\/fi\/wp-json\/wp\/v2\/product_brand?post=36660"},{"taxonomy":"product_cat","embeddable":true,"href":"https:\/\/nordicmart.andreevmaster.com\/fi\/wp-json\/wp\/v2\/product_cat?post=36660"},{"taxonomy":"product_tag","embeddable":true,"href":"https:\/\/nordicmart.andreevmaster.com\/fi\/wp-json\/wp\/v2\/product_tag?post=36660"}],"curies":[{"name":"wp","href":"https:\/\/api.w.org\/{rel}","templated":true}]}}