{"id":36659,"date":"2026-02-27T00:35:23","date_gmt":"2026-02-27T00:35:23","guid":{"rendered":"https:\/\/nordicmart.andreevmaster.com\/product\/avaimenpera-hammer-krt23\/"},"modified":"2026-02-27T09:52:57","modified_gmt":"2026-02-27T09:52:57","slug":"avaimenpera-hammer-krt23","status":"publish","type":"product","link":"https:\/\/nordicmart.andreevmaster.com\/fi\/tuote\/avaimenpera-hammer-krt23\/","title":{"rendered":"Avaimenper\u00e4 Hammer &#8211; KRT23"},"content":{"rendered":"<p>Avaimenper\u00e4 Hammer &#8211; KRT23&nbsp;&nbsp;Hammer-avaimenper\u00e4 sopii erinomaisesti edulliseksi gadgetiksi k\u00e4teville k\u00e4sity\u00f6l\u00e4isille, rakentajille ja DIY-harrastajille. Avaimenper\u00e4 on valmistettu messingist\u00e4.&nbsp;&nbsp;Tiedot:&nbsp;Materiaali: messinkiV\u00e4ri: messinkiKarabiinihaka, jonka avulla avaimenper\u00e4n voi kiinnitt\u00e4\u00e4 esimerkiksi avaimiinMitat: 5 x 2,7 cm. Kokonaispituus &#8211; 11 cm<\/p>\n","protected":false},"excerpt":{"rendered":"<p>Avaimenper\u00e4 Hammer &#8211; KRT23&nbsp;&nbsp;Hammer-avaimenper\u00e4 sopii erinomaisesti edulliseksi gadgetiksi k\u00e4teville k\u00e4sity\u00f6l\u00e4isille, rakentajille ja DIY-harrastajille. Avaimenper\u00e4 on valmistettu messingist\u00e4.&nbsp;&nbsp;Tiedot:&nbsp;Materiaali: messinkiV\u00e4ri: messinkiKarabiinihaka, jonka avulla avaimenper\u00e4n voi kiinnitt\u00e4\u00e4 esimerkiksi avaimiinMitat: 5 x 2,7 cm. Kokonaispituus &#8211; 11 cm<\/p>\n","protected":false},"featured_media":44873,"comment_status":"open","ping_status":"closed","template":"","meta":[],"product_brand":[],"product_cat":[32],"product_tag":[],"class_list":{"0":"post-36659","1":"product","2":"type-product","3":"status-publish","4":"has-post-thumbnail","6":"product_cat-uncategorized-fi","8":"first","9":"instock","10":"shipping-taxable","11":"purchasable","12":"product-type-simple"},"_links":{"self":[{"href":"https:\/\/nordicmart.andreevmaster.com\/fi\/wp-json\/wp\/v2\/product\/36659","targetHints":{"allow":["GET"]}}],"collection":[{"href":"https:\/\/nordicmart.andreevmaster.com\/fi\/wp-json\/wp\/v2\/product"}],"about":[{"href":"https:\/\/nordicmart.andreevmaster.com\/fi\/wp-json\/wp\/v2\/types\/product"}],"replies":[{"embeddable":true,"href":"https:\/\/nordicmart.andreevmaster.com\/fi\/wp-json\/wp\/v2\/comments?post=36659"}],"wp:featuredmedia":[{"embeddable":true,"href":"https:\/\/nordicmart.andreevmaster.com\/fi\/wp-json\/wp\/v2\/media\/44873"}],"wp:attachment":[{"href":"https:\/\/nordicmart.andreevmaster.com\/fi\/wp-json\/wp\/v2\/media?parent=36659"}],"wp:term":[{"taxonomy":"product_brand","embeddable":true,"href":"https:\/\/nordicmart.andreevmaster.com\/fi\/wp-json\/wp\/v2\/product_brand?post=36659"},{"taxonomy":"product_cat","embeddable":true,"href":"https:\/\/nordicmart.andreevmaster.com\/fi\/wp-json\/wp\/v2\/product_cat?post=36659"},{"taxonomy":"product_tag","embeddable":true,"href":"https:\/\/nordicmart.andreevmaster.com\/fi\/wp-json\/wp\/v2\/product_tag?post=36659"}],"curies":[{"name":"wp","href":"https:\/\/api.w.org\/{rel}","templated":true}]}}