{"id":36658,"date":"2026-02-27T00:35:23","date_gmt":"2026-02-27T00:35:23","guid":{"rendered":"https:\/\/nordicmart.andreevmaster.com\/product\/maapallon-muotoinen-avaimenpera-krt14\/"},"modified":"2026-02-27T09:52:57","modified_gmt":"2026-02-27T09:52:57","slug":"maapallon-muotoinen-avaimenpera-krt14","status":"publish","type":"product","link":"https:\/\/nordicmart.andreevmaster.com\/fi\/tuote\/maapallon-muotoinen-avaimenpera-krt14\/","title":{"rendered":"Maapallon muotoinen avaimenper\u00e4 &#8211; KRT14"},"content":{"rendered":"<p>Maapallo-avaimenper\u00e4 KRT14&nbsp;&nbsp;Maapallon muotoinen avaimenper\u00e4 sopii lahjaksi matkailijalle tai maailmanmatkaajalle. Sit\u00e4 voi k\u00e4ytt\u00e4\u00e4 palkintona maantietokilpailussa tai lahjana maantieteen opettajalle. &nbsp;Maapallo on valmistettu muovista, kun taas ketju ja karabiinikoukku ovat messinki\u00e4. Kartta on musta, ja mantereet on merkitty kultaisella v\u00e4rill\u00e4. Kiinnitet\u00e4\u00e4n avaimiin irrotettavalla karabiinilla. &nbsp;Tiedot:&nbsp;Materiaali: muovi, messinkiV\u00e4ri: musta, kullankeltainenMitat: halkaisija 3 cm, avaimenper\u00e4n kokonaispituus 10 cm<\/p>\n","protected":false},"excerpt":{"rendered":"<p>Maapallo-avaimenper\u00e4 KRT14&nbsp;&nbsp;Maapallon muotoinen avaimenper\u00e4 sopii lahjaksi matkailijalle tai maailmanmatkaajalle. Sit\u00e4 voi k\u00e4ytt\u00e4\u00e4 palkintona maantietokilpailussa tai lahjana maantieteen opettajalle. &nbsp;Maapallo on valmistettu muovista, kun taas ketju ja karabiinikoukku ovat messinki\u00e4. Kartta on musta, ja mantereet on merkitty kultaisella v\u00e4rill\u00e4. Kiinnitet\u00e4\u00e4n avaimiin irrotettavalla karabiinilla. &nbsp;Tiedot:&nbsp;Materiaali: muovi, messinkiV\u00e4ri: musta, kullankeltainenMitat: halkaisija 3 cm, avaimenper\u00e4n kokonaispituus 10 cm<\/p>\n","protected":false},"featured_media":44872,"comment_status":"open","ping_status":"closed","template":"","meta":[],"product_brand":[],"product_cat":[32],"product_tag":[],"class_list":{"0":"post-36658","1":"product","2":"type-product","3":"status-publish","4":"has-post-thumbnail","6":"product_cat-uncategorized-fi","8":"first","9":"instock","10":"shipping-taxable","11":"purchasable","12":"product-type-simple"},"_links":{"self":[{"href":"https:\/\/nordicmart.andreevmaster.com\/fi\/wp-json\/wp\/v2\/product\/36658","targetHints":{"allow":["GET"]}}],"collection":[{"href":"https:\/\/nordicmart.andreevmaster.com\/fi\/wp-json\/wp\/v2\/product"}],"about":[{"href":"https:\/\/nordicmart.andreevmaster.com\/fi\/wp-json\/wp\/v2\/types\/product"}],"replies":[{"embeddable":true,"href":"https:\/\/nordicmart.andreevmaster.com\/fi\/wp-json\/wp\/v2\/comments?post=36658"}],"wp:featuredmedia":[{"embeddable":true,"href":"https:\/\/nordicmart.andreevmaster.com\/fi\/wp-json\/wp\/v2\/media\/44872"}],"wp:attachment":[{"href":"https:\/\/nordicmart.andreevmaster.com\/fi\/wp-json\/wp\/v2\/media?parent=36658"}],"wp:term":[{"taxonomy":"product_brand","embeddable":true,"href":"https:\/\/nordicmart.andreevmaster.com\/fi\/wp-json\/wp\/v2\/product_brand?post=36658"},{"taxonomy":"product_cat","embeddable":true,"href":"https:\/\/nordicmart.andreevmaster.com\/fi\/wp-json\/wp\/v2\/product_cat?post=36658"},{"taxonomy":"product_tag","embeddable":true,"href":"https:\/\/nordicmart.andreevmaster.com\/fi\/wp-json\/wp\/v2\/product_tag?post=36658"}],"curies":[{"name":"wp","href":"https:\/\/api.w.org\/{rel}","templated":true}]}}