{"id":36657,"date":"2026-02-27T00:35:23","date_gmt":"2026-02-27T00:35:23","guid":{"rendered":"https:\/\/nordicmart.andreevmaster.com\/product\/avaimenpera-kasilaukku-krt10\/"},"modified":"2026-02-27T09:52:57","modified_gmt":"2026-02-27T09:52:57","slug":"avaimenpera-kasilaukku-krt10","status":"publish","type":"product","link":"https:\/\/nordicmart.andreevmaster.com\/fi\/tuote\/avaimenpera-kasilaukku-krt10\/","title":{"rendered":"Avaimenper\u00e4 K\u00e4silaukku &#8211; KRT10"},"content":{"rendered":"<p>Avaimenper\u00e4 K\u00e4silaukku &#8211; KRT10&nbsp;&nbsp;Avaimenper\u00e4 Naisten k\u00e4silaukku on idea pieneksi lahjaksi \u00e4idille, t\u00e4dille tai iso\u00e4idille. Naisten k\u00e4silaukku sis\u00e4lt\u00e4\u00e4 aina kaiken, joten siin\u00e4 ei saisi puuttua avaimia, joissa on t\u00e4llainen k\u00e4silaukun muotoinen avaimenper\u00e4. Avaimenper\u00e4n ansiosta avainten l\u00f6yt\u00e4minen on helpompaa. Valmistettu kest\u00e4v\u00e4st\u00e4 messingist\u00e4. Kiinnitet\u00e4\u00e4n avaimiin irrotettavalla karabiinikoukulla.&nbsp;&nbsp;Tiedot:&nbsp;Materiaali: messinkiV\u00e4ri: messinkiMitat: 3 x 3,6 cm, avaimenper\u00e4n kokonaispituus: 9 cm &nbsp;<\/p>\n","protected":false},"excerpt":{"rendered":"<p>Avaimenper\u00e4 K\u00e4silaukku &#8211; KRT10&nbsp;&nbsp;Avaimenper\u00e4 Naisten k\u00e4silaukku on idea pieneksi lahjaksi \u00e4idille, t\u00e4dille tai iso\u00e4idille. Naisten k\u00e4silaukku sis\u00e4lt\u00e4\u00e4 aina kaiken, joten siin\u00e4 ei saisi puuttua avaimia, joissa on t\u00e4llainen k\u00e4silaukun muotoinen avaimenper\u00e4. Avaimenper\u00e4n ansiosta avainten l\u00f6yt\u00e4minen on helpompaa. Valmistettu kest\u00e4v\u00e4st\u00e4 messingist\u00e4. Kiinnitet\u00e4\u00e4n avaimiin irrotettavalla karabiinikoukulla.&nbsp;&nbsp;Tiedot:&nbsp;Materiaali: messinkiV\u00e4ri: messinkiMitat: 3 x 3,6 cm, avaimenper\u00e4n kokonaispituus: 9 cm &nbsp;<\/p>\n","protected":false},"featured_media":44871,"comment_status":"open","ping_status":"closed","template":"","meta":[],"product_brand":[],"product_cat":[32],"product_tag":[],"class_list":{"0":"post-36657","1":"product","2":"type-product","3":"status-publish","4":"has-post-thumbnail","6":"product_cat-uncategorized-fi","8":"first","9":"instock","10":"shipping-taxable","11":"purchasable","12":"product-type-simple"},"_links":{"self":[{"href":"https:\/\/nordicmart.andreevmaster.com\/fi\/wp-json\/wp\/v2\/product\/36657","targetHints":{"allow":["GET"]}}],"collection":[{"href":"https:\/\/nordicmart.andreevmaster.com\/fi\/wp-json\/wp\/v2\/product"}],"about":[{"href":"https:\/\/nordicmart.andreevmaster.com\/fi\/wp-json\/wp\/v2\/types\/product"}],"replies":[{"embeddable":true,"href":"https:\/\/nordicmart.andreevmaster.com\/fi\/wp-json\/wp\/v2\/comments?post=36657"}],"wp:featuredmedia":[{"embeddable":true,"href":"https:\/\/nordicmart.andreevmaster.com\/fi\/wp-json\/wp\/v2\/media\/44871"}],"wp:attachment":[{"href":"https:\/\/nordicmart.andreevmaster.com\/fi\/wp-json\/wp\/v2\/media?parent=36657"}],"wp:term":[{"taxonomy":"product_brand","embeddable":true,"href":"https:\/\/nordicmart.andreevmaster.com\/fi\/wp-json\/wp\/v2\/product_brand?post=36657"},{"taxonomy":"product_cat","embeddable":true,"href":"https:\/\/nordicmart.andreevmaster.com\/fi\/wp-json\/wp\/v2\/product_cat?post=36657"},{"taxonomy":"product_tag","embeddable":true,"href":"https:\/\/nordicmart.andreevmaster.com\/fi\/wp-json\/wp\/v2\/product_tag?post=36657"}],"curies":[{"name":"wp","href":"https:\/\/api.w.org\/{rel}","templated":true}]}}