{"id":36656,"date":"2026-02-27T00:35:23","date_gmt":"2026-02-27T00:35:23","guid":{"rendered":"https:\/\/nordicmart.andreevmaster.com\/product\/avaimenpera-sakset-krt7\/"},"modified":"2026-02-27T09:52:56","modified_gmt":"2026-02-27T09:52:56","slug":"avaimenpera-sakset-krt7","status":"publish","type":"product","link":"https:\/\/nordicmart.andreevmaster.com\/fi\/tuote\/avaimenpera-sakset-krt7\/","title":{"rendered":"Avaimenper\u00e4 Sakset &#8211; KRT7"},"content":{"rendered":"<p>Avaimenper\u00e4 Sakset &#8211; KRT7&nbsp;&nbsp;Sakset-avaimenper\u00e4 sopii pieneksi lahjaksi kampaajalle tai niille, jotka k\u00e4ytt\u00e4v\u00e4t t\u00e4t\u00e4 ty\u00f6kalua p\u00e4ivitt\u00e4in uskomattoman taidokkaasti. Aksakset-avaimenper\u00e4 on valmistettu kest\u00e4v\u00e4st\u00e4 messingist\u00e4. Se voidaan kiinnitt\u00e4\u00e4 avaimiin kiert\u00e4m\u00e4ll\u00e4 avattavalla karabiinikoukulla. &nbsp;&nbsp;Tiedot&nbsp;Materiaali: messinkiV\u00e4ri: messinkiMitat: 5 x 3,5 cm, avaimenper\u00e4n kokonaispituus 12,5 cm<\/p>\n","protected":false},"excerpt":{"rendered":"<p>Avaimenper\u00e4 Sakset &#8211; KRT7&nbsp;&nbsp;Sakset-avaimenper\u00e4 sopii pieneksi lahjaksi kampaajalle tai niille, jotka k\u00e4ytt\u00e4v\u00e4t t\u00e4t\u00e4 ty\u00f6kalua p\u00e4ivitt\u00e4in uskomattoman taidokkaasti. Aksakset-avaimenper\u00e4 on valmistettu kest\u00e4v\u00e4st\u00e4 messingist\u00e4. Se voidaan kiinnitt\u00e4\u00e4 avaimiin kiert\u00e4m\u00e4ll\u00e4 avattavalla karabiinikoukulla. &nbsp;&nbsp;Tiedot&nbsp;Materiaali: messinkiV\u00e4ri: messinkiMitat: 5 x 3,5 cm, avaimenper\u00e4n kokonaispituus 12,5 cm<\/p>\n","protected":false},"featured_media":44870,"comment_status":"open","ping_status":"closed","template":"","meta":[],"product_brand":[],"product_cat":[32],"product_tag":[],"class_list":{"0":"post-36656","1":"product","2":"type-product","3":"status-publish","4":"has-post-thumbnail","6":"product_cat-uncategorized-fi","8":"first","9":"instock","10":"shipping-taxable","11":"purchasable","12":"product-type-simple"},"_links":{"self":[{"href":"https:\/\/nordicmart.andreevmaster.com\/fi\/wp-json\/wp\/v2\/product\/36656","targetHints":{"allow":["GET"]}}],"collection":[{"href":"https:\/\/nordicmart.andreevmaster.com\/fi\/wp-json\/wp\/v2\/product"}],"about":[{"href":"https:\/\/nordicmart.andreevmaster.com\/fi\/wp-json\/wp\/v2\/types\/product"}],"replies":[{"embeddable":true,"href":"https:\/\/nordicmart.andreevmaster.com\/fi\/wp-json\/wp\/v2\/comments?post=36656"}],"wp:featuredmedia":[{"embeddable":true,"href":"https:\/\/nordicmart.andreevmaster.com\/fi\/wp-json\/wp\/v2\/media\/44870"}],"wp:attachment":[{"href":"https:\/\/nordicmart.andreevmaster.com\/fi\/wp-json\/wp\/v2\/media?parent=36656"}],"wp:term":[{"taxonomy":"product_brand","embeddable":true,"href":"https:\/\/nordicmart.andreevmaster.com\/fi\/wp-json\/wp\/v2\/product_brand?post=36656"},{"taxonomy":"product_cat","embeddable":true,"href":"https:\/\/nordicmart.andreevmaster.com\/fi\/wp-json\/wp\/v2\/product_cat?post=36656"},{"taxonomy":"product_tag","embeddable":true,"href":"https:\/\/nordicmart.andreevmaster.com\/fi\/wp-json\/wp\/v2\/product_tag?post=36656"}],"curies":[{"name":"wp","href":"https:\/\/api.w.org\/{rel}","templated":true}]}}