{"id":36654,"date":"2026-02-27T00:35:22","date_gmt":"2026-02-27T00:35:22","guid":{"rendered":"https:\/\/nordicmart.andreevmaster.com\/product\/kitten-keyring-krt4-2\/"},"modified":"2026-02-27T09:52:56","modified_gmt":"2026-02-27T09:52:56","slug":"kitten-keyring-krt4-2","status":"publish","type":"product","link":"https:\/\/nordicmart.andreevmaster.com\/fi\/tuote\/kitten-keyring-krt4-2\/","title":{"rendered":"Kitten Keyring &#8211; KRT4"},"content":{"rendered":"<p>Kitten-avaimenper\u00e4 &#8211; KRT4&nbsp;&nbsp;Kitten-avaimenper\u00e4 on t\u00e4ydellinen lahja kissanrakkaalle naiselle, jolle kissanpennut ovat aina syd\u00e4nt\u00e4 l\u00e4mmitt\u00e4v\u00e4 n\u00e4ky. Avaimenper\u00e4 Kitten on my\u00f6s hienovarainen tapa ilmaista rakkautta rakkaalle, jota kutsut hell\u00e4sti kissanpennuksi. &nbsp;&nbsp;Tiedot:&nbsp;Valmistusmateriaali: messinkiV\u00e4ri: messinki, mustaMitat: 5 x 4 cm, riipuksen kokonaispituus 11,5 cm<\/p>\n","protected":false},"excerpt":{"rendered":"<p>Kitten-avaimenper\u00e4 &#8211; KRT4&nbsp;&nbsp;Kitten-avaimenper\u00e4 on t\u00e4ydellinen lahja kissanrakkaalle naiselle, jolle kissanpennut ovat aina syd\u00e4nt\u00e4 l\u00e4mmitt\u00e4v\u00e4 n\u00e4ky. Avaimenper\u00e4 Kitten on my\u00f6s hienovarainen tapa ilmaista rakkautta rakkaalle, jota kutsut hell\u00e4sti kissanpennuksi. &nbsp;&nbsp;Tiedot:&nbsp;Valmistusmateriaali: messinkiV\u00e4ri: messinki, mustaMitat: 5 x 4 cm, riipuksen kokonaispituus 11,5 cm<\/p>\n","protected":false},"featured_media":44868,"comment_status":"open","ping_status":"closed","template":"","meta":[],"product_brand":[],"product_cat":[32],"product_tag":[],"class_list":{"0":"post-36654","1":"product","2":"type-product","3":"status-publish","4":"has-post-thumbnail","6":"product_cat-uncategorized-fi","8":"first","9":"instock","10":"shipping-taxable","11":"purchasable","12":"product-type-simple"},"_links":{"self":[{"href":"https:\/\/nordicmart.andreevmaster.com\/fi\/wp-json\/wp\/v2\/product\/36654","targetHints":{"allow":["GET"]}}],"collection":[{"href":"https:\/\/nordicmart.andreevmaster.com\/fi\/wp-json\/wp\/v2\/product"}],"about":[{"href":"https:\/\/nordicmart.andreevmaster.com\/fi\/wp-json\/wp\/v2\/types\/product"}],"replies":[{"embeddable":true,"href":"https:\/\/nordicmart.andreevmaster.com\/fi\/wp-json\/wp\/v2\/comments?post=36654"}],"wp:featuredmedia":[{"embeddable":true,"href":"https:\/\/nordicmart.andreevmaster.com\/fi\/wp-json\/wp\/v2\/media\/44868"}],"wp:attachment":[{"href":"https:\/\/nordicmart.andreevmaster.com\/fi\/wp-json\/wp\/v2\/media?parent=36654"}],"wp:term":[{"taxonomy":"product_brand","embeddable":true,"href":"https:\/\/nordicmart.andreevmaster.com\/fi\/wp-json\/wp\/v2\/product_brand?post=36654"},{"taxonomy":"product_cat","embeddable":true,"href":"https:\/\/nordicmart.andreevmaster.com\/fi\/wp-json\/wp\/v2\/product_cat?post=36654"},{"taxonomy":"product_tag","embeddable":true,"href":"https:\/\/nordicmart.andreevmaster.com\/fi\/wp-json\/wp\/v2\/product_tag?post=36654"}],"curies":[{"name":"wp","href":"https:\/\/api.w.org\/{rel}","templated":true}]}}