{"id":36653,"date":"2026-02-27T00:35:22","date_gmt":"2026-02-27T00:35:22","guid":{"rendered":"https:\/\/nordicmart.andreevmaster.com\/product\/kupari-terasmuki-mm7012\/"},"modified":"2026-02-27T09:52:56","modified_gmt":"2026-02-27T09:52:56","slug":"kupari-terasmuki-mm7012","status":"publish","type":"product","link":"https:\/\/nordicmart.andreevmaster.com\/fi\/tuote\/kupari-terasmuki-mm7012\/","title":{"rendered":"Kupari-ter\u00e4smuki &#8211; MM7012"},"content":{"rendered":"<p>Kupariter\u00e4ksinen muki &#8211; MM7012&nbsp;&nbsp;Kupariter\u00e4ksinen muki on tyylik\u00e4s ja hyv\u00e4nmakuinen astia kuumien ja kylmien juomien tarjoiluun. Kuparin v\u00e4ri on hallinnut olohuoneita jo useita vuosia, joten se ei saisi puuttua my\u00f6sk\u00e4\u00e4n sinun kodistasi. T\u00e4m\u00e4 muki on ihanteellinen vodkasta, inkiv\u00e4\u00e4rioluesta ja limemehusta koostuvan Moscow Mule -cocktailin tarjoiluun. &nbsp;T\u00e4m\u00e4 muki on valmistettu korkealaatuisesta 304-ruostumattomasta ter\u00e4ksest\u00e4, joten se ei muuta juomien makua. Lis\u00e4ksi se on eritt\u00e4in korroosionkest\u00e4v\u00e4. Muki on p\u00e4\u00e4llystetty kuparikerroksella. Tuotetiedot: Materiaali: 304 ruostumaton ter\u00e4s V\u00e4ri: kupari Tilavuus: 16 unssia (noin 0,5 litraa) Mitat: 9 x 11 x 8,5 cm Tiedot ja sertifikaatit: Valmistettu 304 ruostumattomasta ter\u00e4ksest\u00e4. Muki on p\u00e4\u00e4llystetty kuparikerroksella. Lis\u00e4varusteet ovat elintarviketurvallisuussertifioituja \u2013 hyv\u00e4ksyttyj\u00e4 elintarvikek\u00e4ytt\u00f6\u00f6n.&nbsp;<\/p>\n","protected":false},"excerpt":{"rendered":"<p>Kupariter\u00e4ksinen muki &#8211; MM7012&nbsp;&nbsp;Kupariter\u00e4ksinen muki on tyylik\u00e4s ja hyv\u00e4nmakuinen astia kuumien ja kylmien juomien tarjoiluun. Kuparin v\u00e4ri on hallinnut olohuoneita jo useita vuosia, joten se ei saisi puuttua my\u00f6sk\u00e4\u00e4n sinun kodistasi. T\u00e4m\u00e4 muki on ihanteellinen vodkasta, inkiv\u00e4\u00e4rioluesta ja limemehusta koostuvan Moscow Mule -cocktailin tarjoiluun. &nbsp;T\u00e4m\u00e4 muki on valmistettu korkealaatuisesta 304-ruostumattomasta ter\u00e4ksest\u00e4, joten se ei muuta [&hellip;]<\/p>\n","protected":false},"featured_media":44867,"comment_status":"open","ping_status":"closed","template":"","meta":[],"product_brand":[],"product_cat":[32],"product_tag":[],"class_list":{"0":"post-36653","1":"product","2":"type-product","3":"status-publish","4":"has-post-thumbnail","6":"product_cat-uncategorized-fi","8":"first","9":"instock","10":"shipping-taxable","11":"purchasable","12":"product-type-simple"},"_links":{"self":[{"href":"https:\/\/nordicmart.andreevmaster.com\/fi\/wp-json\/wp\/v2\/product\/36653","targetHints":{"allow":["GET"]}}],"collection":[{"href":"https:\/\/nordicmart.andreevmaster.com\/fi\/wp-json\/wp\/v2\/product"}],"about":[{"href":"https:\/\/nordicmart.andreevmaster.com\/fi\/wp-json\/wp\/v2\/types\/product"}],"replies":[{"embeddable":true,"href":"https:\/\/nordicmart.andreevmaster.com\/fi\/wp-json\/wp\/v2\/comments?post=36653"}],"wp:featuredmedia":[{"embeddable":true,"href":"https:\/\/nordicmart.andreevmaster.com\/fi\/wp-json\/wp\/v2\/media\/44867"}],"wp:attachment":[{"href":"https:\/\/nordicmart.andreevmaster.com\/fi\/wp-json\/wp\/v2\/media?parent=36653"}],"wp:term":[{"taxonomy":"product_brand","embeddable":true,"href":"https:\/\/nordicmart.andreevmaster.com\/fi\/wp-json\/wp\/v2\/product_brand?post=36653"},{"taxonomy":"product_cat","embeddable":true,"href":"https:\/\/nordicmart.andreevmaster.com\/fi\/wp-json\/wp\/v2\/product_cat?post=36653"},{"taxonomy":"product_tag","embeddable":true,"href":"https:\/\/nordicmart.andreevmaster.com\/fi\/wp-json\/wp\/v2\/product_tag?post=36653"}],"curies":[{"name":"wp","href":"https:\/\/api.w.org\/{rel}","templated":true}]}}