{"id":36652,"date":"2026-02-27T00:35:22","date_gmt":"2026-02-27T00:35:22","guid":{"rendered":"https:\/\/nordicmart.andreevmaster.com\/product\/teraksinen-3-osainen-baarimikkosetti-bs48171\/"},"modified":"2026-02-27T09:52:56","modified_gmt":"2026-02-27T09:52:56","slug":"teraksinen-3-osainen-baarimikkosetti-bs48171","status":"publish","type":"product","link":"https:\/\/nordicmart.andreevmaster.com\/fi\/tuote\/teraksinen-3-osainen-baarimikkosetti-bs48171\/","title":{"rendered":"Ter\u00e4ksinen 3-osainen baarimikkosetti &#8211; BS48171"},"content":{"rendered":"<p>Ter\u00e4ksinen 3-osainen baarimikkosetti &#8211; BS48171&nbsp;&nbsp;Ter\u00e4ksinen baarimikkosetti on t\u00e4ydellinen lahjaidea aloittelevalle baarimikolle ja alkoholijuomien kokeilusta pit\u00e4v\u00e4lle. T\u00e4m\u00e4 sarja sis\u00e4lt\u00e4\u00e4 3 peruselementti\u00e4, jotka helpottavat suosittujen juomien valmistusta: shakerin, mittakupin ja baarimikon suodattimen. Tarvikkeet on valmistettu ruostumattomasta ter\u00e4ksest\u00e4. Kaikki elementit ovat hopeanv\u00e4risi\u00e4, mik\u00e4 tekee niist\u00e4 eritt\u00e4in tyylikk\u00e4it\u00e4. &nbsp;T\u00e4m\u00e4 3-osainen baarimikkosetti on ihanteellinen sarja, jolla varustat kotibaarisi. Setin avulla voit tehd\u00e4 vaikutuksen juhlavieraisiisi tarjoilemalla heille herkullisia juomia. &nbsp;Baarimikon tarvikkeet on pakattu valkoiseen pahvilaatikkoon. &nbsp;Mitat:&nbsp;Shaker: Korkeus 21 cm, halkaisija 8,5 cmJigger: Korkeus 9,5 cm, halkaisija 4,5 cmSuodatin: Pituus 18,5 cm, halkaisija 7 cm&nbsp;Sarja sis\u00e4lt\u00e4\u00e4: &#8211; Kolmiosainen shaker &#8211; 750 ml &#8211; Kaksinkertainen baarimikon mitta (jigger) &#8211; 15\/30 ml &#8211; Baarimikon suodatin (siivil\u00e4) Tiedot ja sertifikaatit: &#8211; Valmistettu 201 ruostumattomasta ter\u00e4ksest\u00e4. &#8211; Tarvikkeet ovat elintarviketurvallisuussertifioituja &#8211; hyv\u00e4ksyttyj\u00e4 elintarvikek\u00e4ytt\u00f6\u00f6n.<\/p>\n","protected":false},"excerpt":{"rendered":"<p>Ter\u00e4ksinen 3-osainen baarimikkosetti &#8211; BS48171&nbsp;&nbsp;Ter\u00e4ksinen baarimikkosetti on t\u00e4ydellinen lahjaidea aloittelevalle baarimikolle ja alkoholijuomien kokeilusta pit\u00e4v\u00e4lle. T\u00e4m\u00e4 sarja sis\u00e4lt\u00e4\u00e4 3 peruselementti\u00e4, jotka helpottavat suosittujen juomien valmistusta: shakerin, mittakupin ja baarimikon suodattimen. Tarvikkeet on valmistettu ruostumattomasta ter\u00e4ksest\u00e4. Kaikki elementit ovat hopeanv\u00e4risi\u00e4, mik\u00e4 tekee niist\u00e4 eritt\u00e4in tyylikk\u00e4it\u00e4. &nbsp;T\u00e4m\u00e4 3-osainen baarimikkosetti on ihanteellinen sarja, jolla varustat kotibaarisi. Setin avulla [&hellip;]<\/p>\n","protected":false},"featured_media":44866,"comment_status":"open","ping_status":"closed","template":"","meta":[],"product_brand":[],"product_cat":[32],"product_tag":[],"class_list":{"0":"post-36652","1":"product","2":"type-product","3":"status-publish","4":"has-post-thumbnail","6":"product_cat-uncategorized-fi","8":"first","9":"instock","10":"shipping-taxable","11":"purchasable","12":"product-type-simple"},"_links":{"self":[{"href":"https:\/\/nordicmart.andreevmaster.com\/fi\/wp-json\/wp\/v2\/product\/36652","targetHints":{"allow":["GET"]}}],"collection":[{"href":"https:\/\/nordicmart.andreevmaster.com\/fi\/wp-json\/wp\/v2\/product"}],"about":[{"href":"https:\/\/nordicmart.andreevmaster.com\/fi\/wp-json\/wp\/v2\/types\/product"}],"replies":[{"embeddable":true,"href":"https:\/\/nordicmart.andreevmaster.com\/fi\/wp-json\/wp\/v2\/comments?post=36652"}],"wp:featuredmedia":[{"embeddable":true,"href":"https:\/\/nordicmart.andreevmaster.com\/fi\/wp-json\/wp\/v2\/media\/44866"}],"wp:attachment":[{"href":"https:\/\/nordicmart.andreevmaster.com\/fi\/wp-json\/wp\/v2\/media?parent=36652"}],"wp:term":[{"taxonomy":"product_brand","embeddable":true,"href":"https:\/\/nordicmart.andreevmaster.com\/fi\/wp-json\/wp\/v2\/product_brand?post=36652"},{"taxonomy":"product_cat","embeddable":true,"href":"https:\/\/nordicmart.andreevmaster.com\/fi\/wp-json\/wp\/v2\/product_cat?post=36652"},{"taxonomy":"product_tag","embeddable":true,"href":"https:\/\/nordicmart.andreevmaster.com\/fi\/wp-json\/wp\/v2\/product_tag?post=36652"}],"curies":[{"name":"wp","href":"https:\/\/api.w.org\/{rel}","templated":true}]}}