{"id":36651,"date":"2026-02-27T00:35:22","date_gmt":"2026-02-27T00:35:22","guid":{"rendered":"https:\/\/nordicmart.andreevmaster.com\/product\/ainutlaatuiset-bysanttilaiset-metalliset-shakkipalat\/"},"modified":"2026-02-27T09:52:56","modified_gmt":"2026-02-27T09:52:56","slug":"ainutlaatuiset-bysanttilaiset-metalliset-shakkipalat","status":"publish","type":"product","link":"https:\/\/nordicmart.andreevmaster.com\/fi\/tuote\/ainutlaatuiset-bysanttilaiset-metalliset-shakkipalat\/","title":{"rendered":"Ainutlaatuiset bysanttilaiset metalliset shakkipalat"},"content":{"rendered":"<p>Ainutlaatuiset metalliset shakkipelit Byzantium &#8211; S1CBRO&nbsp;&nbsp;Shakkipelimme perustuu Bysantin valtakunnan perinteisiin, joka hallitsi Kaakkois-Eurooppaa ja V\u00e4h\u00e4-Aasiaa l\u00e4hes 1000 vuoden ajan. Shakkipalat ovat saaneet inspiraationsa kuuluisasta Makedonian dynastiasta, jonka j\u00e4senet istuivat keisarillisella valtaistuimella vuosina 867\u20131056.&nbsp;Makedonian dynastian aikana Bysantti astui kehityksen ja kukoistuksen vaiheeseen, jota kutsutaan Bysantin renessanssiksi. Bysanttilaiset kunnioittivat klassista kautta ja laajensivat sit\u00e4 kristillisill\u00e4 elementeill\u00e4, jotka inspiroivat my\u00f6hempien aikakausien taidetta. Se oli imperiumin vaurauden, arvovallan ja sotilaallisen voiman aikaa.&nbsp;&nbsp;Mitat:&nbsp;Shakkilauta 20 x 20 cmKuningaskorkeus 4 cmSarjan paino: 2 kg&nbsp;Shakkipalat:&nbsp;Metalliset shakkipalat ja sotilaat on valmistettu sinkkiseoksesta.V\u00e4rit: ruskea \/ kultainen&nbsp;Shakkilauta:&nbsp;Valmistettu messingist\u00e4 V\u00e4rit: kelta-ruskea; K\u00e4sinmaalattu Pakkaus: Shakkipalat on pakattu kauniiseen, ylelliseen puulaatikkoon. Laatikon sis\u00e4ll\u00e4 on huolellisesti valmistettu muotti nappuloiden j\u00e4rjestely\u00e4 ja turvallista s\u00e4ilytt\u00e4mist\u00e4 varten.<\/p>\n","protected":false},"excerpt":{"rendered":"<p>Ainutlaatuiset metalliset shakkipelit Byzantium &#8211; S1CBRO&nbsp;&nbsp;Shakkipelimme perustuu Bysantin valtakunnan perinteisiin, joka hallitsi Kaakkois-Eurooppaa ja V\u00e4h\u00e4-Aasiaa l\u00e4hes 1000 vuoden ajan. Shakkipalat ovat saaneet inspiraationsa kuuluisasta Makedonian dynastiasta, jonka j\u00e4senet istuivat keisarillisella valtaistuimella vuosina 867\u20131056.&nbsp;Makedonian dynastian aikana Bysantti astui kehityksen ja kukoistuksen vaiheeseen, jota kutsutaan Bysantin renessanssiksi. Bysanttilaiset kunnioittivat klassista kautta ja laajensivat sit\u00e4 kristillisill\u00e4 elementeill\u00e4, jotka [&hellip;]<\/p>\n","protected":false},"featured_media":44865,"comment_status":"open","ping_status":"closed","template":"","meta":[],"product_brand":[],"product_cat":[32],"product_tag":[],"class_list":{"0":"post-36651","1":"product","2":"type-product","3":"status-publish","4":"has-post-thumbnail","6":"product_cat-uncategorized-fi","8":"first","9":"instock","10":"shipping-taxable","11":"purchasable","12":"product-type-simple"},"_links":{"self":[{"href":"https:\/\/nordicmart.andreevmaster.com\/fi\/wp-json\/wp\/v2\/product\/36651","targetHints":{"allow":["GET"]}}],"collection":[{"href":"https:\/\/nordicmart.andreevmaster.com\/fi\/wp-json\/wp\/v2\/product"}],"about":[{"href":"https:\/\/nordicmart.andreevmaster.com\/fi\/wp-json\/wp\/v2\/types\/product"}],"replies":[{"embeddable":true,"href":"https:\/\/nordicmart.andreevmaster.com\/fi\/wp-json\/wp\/v2\/comments?post=36651"}],"wp:featuredmedia":[{"embeddable":true,"href":"https:\/\/nordicmart.andreevmaster.com\/fi\/wp-json\/wp\/v2\/media\/44865"}],"wp:attachment":[{"href":"https:\/\/nordicmart.andreevmaster.com\/fi\/wp-json\/wp\/v2\/media?parent=36651"}],"wp:term":[{"taxonomy":"product_brand","embeddable":true,"href":"https:\/\/nordicmart.andreevmaster.com\/fi\/wp-json\/wp\/v2\/product_brand?post=36651"},{"taxonomy":"product_cat","embeddable":true,"href":"https:\/\/nordicmart.andreevmaster.com\/fi\/wp-json\/wp\/v2\/product_cat?post=36651"},{"taxonomy":"product_tag","embeddable":true,"href":"https:\/\/nordicmart.andreevmaster.com\/fi\/wp-json\/wp\/v2\/product_tag?post=36651"}],"curies":[{"name":"wp","href":"https:\/\/api.w.org\/{rel}","templated":true}]}}