{"id":36650,"date":"2026-02-27T00:35:21","date_gmt":"2026-02-27T00:35:21","guid":{"rendered":"https:\/\/nordicmart.andreevmaster.com\/product\/astrolabe-avaimenpera-kr105\/"},"modified":"2026-02-27T09:52:55","modified_gmt":"2026-02-27T09:52:55","slug":"astrolabe-avaimenpera-kr105","status":"publish","type":"product","link":"https:\/\/nordicmart.andreevmaster.com\/fi\/tuote\/astrolabe-avaimenpera-kr105\/","title":{"rendered":"Astrolabe-avaimenper\u00e4 \u2013 KR105"},"content":{"rendered":"<p>Astrolabe-avaimenper\u00e4 \u2013 KR105&nbsp;&nbsp;&nbsp;Messinkinen Astrolabe-avaimenper\u00e4 on loistava lahjaidea t\u00e4htitieteilij\u00e4lle, avaruuden yst\u00e4v\u00e4lle ja purjehdusfaneille. Astrolabeja k\u00e4yttiv\u00e4t merimiehet astronavigointiin ja suuret tiedemiehet ekliptikan ja p\u00e4iv\u00e4ntasaajan koordinaattien m\u00e4\u00e4ritt\u00e4miseen. Niiden avulla oli mahdollista tehd\u00e4 matemaattisia laskelmia, m\u00e4\u00e4ritt\u00e4\u00e4 auringonnousun ja -laskun ajankohta, p\u00e4iv\u00e4n pituus tai m\u00e4\u00e4ritt\u00e4\u00e4 auringon ja t\u00e4htien astronominen korkeus. &nbsp;&nbsp;&nbsp;Tuotetiedot:&nbsp;Materiaali: messinki V\u00e4ri: messinki Mitat: halkaisija 5,5 cm, kokonaispituus 7,5 cm&nbsp;&nbsp;Astrolabi-avaimenper\u00e4 sopii hyvin: Lahjaksi t\u00e4htitieteilij\u00e4lle Lahjaksi avaruuden yst\u00e4v\u00e4lle Gadget purjehdusfaneille<\/p>\n","protected":false},"excerpt":{"rendered":"<p>Astrolabe-avaimenper\u00e4 \u2013 KR105&nbsp;&nbsp;&nbsp;Messinkinen Astrolabe-avaimenper\u00e4 on loistava lahjaidea t\u00e4htitieteilij\u00e4lle, avaruuden yst\u00e4v\u00e4lle ja purjehdusfaneille. Astrolabeja k\u00e4yttiv\u00e4t merimiehet astronavigointiin ja suuret tiedemiehet ekliptikan ja p\u00e4iv\u00e4ntasaajan koordinaattien m\u00e4\u00e4ritt\u00e4miseen. Niiden avulla oli mahdollista tehd\u00e4 matemaattisia laskelmia, m\u00e4\u00e4ritt\u00e4\u00e4 auringonnousun ja -laskun ajankohta, p\u00e4iv\u00e4n pituus tai m\u00e4\u00e4ritt\u00e4\u00e4 auringon ja t\u00e4htien astronominen korkeus. &nbsp;&nbsp;&nbsp;Tuotetiedot:&nbsp;Materiaali: messinki V\u00e4ri: messinki Mitat: halkaisija 5,5 cm, kokonaispituus 7,5 [&hellip;]<\/p>\n","protected":false},"featured_media":44864,"comment_status":"open","ping_status":"closed","template":"","meta":[],"product_brand":[],"product_cat":[32],"product_tag":[],"class_list":{"0":"post-36650","1":"product","2":"type-product","3":"status-publish","4":"has-post-thumbnail","6":"product_cat-uncategorized-fi","8":"first","9":"instock","10":"shipping-taxable","11":"purchasable","12":"product-type-simple"},"_links":{"self":[{"href":"https:\/\/nordicmart.andreevmaster.com\/fi\/wp-json\/wp\/v2\/product\/36650","targetHints":{"allow":["GET"]}}],"collection":[{"href":"https:\/\/nordicmart.andreevmaster.com\/fi\/wp-json\/wp\/v2\/product"}],"about":[{"href":"https:\/\/nordicmart.andreevmaster.com\/fi\/wp-json\/wp\/v2\/types\/product"}],"replies":[{"embeddable":true,"href":"https:\/\/nordicmart.andreevmaster.com\/fi\/wp-json\/wp\/v2\/comments?post=36650"}],"wp:featuredmedia":[{"embeddable":true,"href":"https:\/\/nordicmart.andreevmaster.com\/fi\/wp-json\/wp\/v2\/media\/44864"}],"wp:attachment":[{"href":"https:\/\/nordicmart.andreevmaster.com\/fi\/wp-json\/wp\/v2\/media?parent=36650"}],"wp:term":[{"taxonomy":"product_brand","embeddable":true,"href":"https:\/\/nordicmart.andreevmaster.com\/fi\/wp-json\/wp\/v2\/product_brand?post=36650"},{"taxonomy":"product_cat","embeddable":true,"href":"https:\/\/nordicmart.andreevmaster.com\/fi\/wp-json\/wp\/v2\/product_cat?post=36650"},{"taxonomy":"product_tag","embeddable":true,"href":"https:\/\/nordicmart.andreevmaster.com\/fi\/wp-json\/wp\/v2\/product_tag?post=36650"}],"curies":[{"name":"wp","href":"https:\/\/api.w.org\/{rel}","templated":true}]}}