{"id":36649,"date":"2026-02-27T00:35:21","date_gmt":"2026-02-27T00:35:21","guid":{"rendered":"https:\/\/nordicmart.andreevmaster.com\/product\/retro-automalli-n796\/"},"modified":"2026-02-27T09:52:55","modified_gmt":"2026-02-27T09:52:55","slug":"retro-automalli-n796","status":"publish","type":"product","link":"https:\/\/nordicmart.andreevmaster.com\/fi\/tuote\/retro-automalli-n796\/","title":{"rendered":"Retro-automalli \u2013 N796"},"content":{"rendered":"<p>Retro-automalli \u2013 N796&nbsp;&nbsp;Retro-metalli-automalli ilahduttaa autoilun ja vintage-autojen yst\u00e4vi\u00e4. Malli perustuu ensimm\u00e4iseen sarjatuotantoon tulleeseen BMW-autoon, joka tunnetaan yleisesti nimell\u00e4 Dixi. Automalli on valmistettu metallista ja viimeistelty antiikkimessingill\u00e4, mik\u00e4 lis\u00e4\u00e4 sen sotienv\u00e4lisen luonteen. Se on t\u00e4ydellinen lahja autoilun ja vintage-autojen yst\u00e4ville. &nbsp;&nbsp;Tekniset tiedot: &nbsp;Materiaali: metalliV\u00e4ri: antiikkimessinki.Mitat: 13,5 x 6,5 x 9 cm&nbsp;<\/p>\n","protected":false},"excerpt":{"rendered":"<p>Retro-automalli \u2013 N796&nbsp;&nbsp;Retro-metalli-automalli ilahduttaa autoilun ja vintage-autojen yst\u00e4vi\u00e4. Malli perustuu ensimm\u00e4iseen sarjatuotantoon tulleeseen BMW-autoon, joka tunnetaan yleisesti nimell\u00e4 Dixi. Automalli on valmistettu metallista ja viimeistelty antiikkimessingill\u00e4, mik\u00e4 lis\u00e4\u00e4 sen sotienv\u00e4lisen luonteen. Se on t\u00e4ydellinen lahja autoilun ja vintage-autojen yst\u00e4ville. &nbsp;&nbsp;Tekniset tiedot: &nbsp;Materiaali: metalliV\u00e4ri: antiikkimessinki.Mitat: 13,5 x 6,5 x 9 cm&nbsp;<\/p>\n","protected":false},"featured_media":44863,"comment_status":"open","ping_status":"closed","template":"","meta":[],"product_brand":[],"product_cat":[32],"product_tag":[],"class_list":{"0":"post-36649","1":"product","2":"type-product","3":"status-publish","4":"has-post-thumbnail","6":"product_cat-uncategorized-fi","8":"first","9":"instock","10":"shipping-taxable","11":"purchasable","12":"product-type-simple"},"_links":{"self":[{"href":"https:\/\/nordicmart.andreevmaster.com\/fi\/wp-json\/wp\/v2\/product\/36649","targetHints":{"allow":["GET"]}}],"collection":[{"href":"https:\/\/nordicmart.andreevmaster.com\/fi\/wp-json\/wp\/v2\/product"}],"about":[{"href":"https:\/\/nordicmart.andreevmaster.com\/fi\/wp-json\/wp\/v2\/types\/product"}],"replies":[{"embeddable":true,"href":"https:\/\/nordicmart.andreevmaster.com\/fi\/wp-json\/wp\/v2\/comments?post=36649"}],"wp:featuredmedia":[{"embeddable":true,"href":"https:\/\/nordicmart.andreevmaster.com\/fi\/wp-json\/wp\/v2\/media\/44863"}],"wp:attachment":[{"href":"https:\/\/nordicmart.andreevmaster.com\/fi\/wp-json\/wp\/v2\/media?parent=36649"}],"wp:term":[{"taxonomy":"product_brand","embeddable":true,"href":"https:\/\/nordicmart.andreevmaster.com\/fi\/wp-json\/wp\/v2\/product_brand?post=36649"},{"taxonomy":"product_cat","embeddable":true,"href":"https:\/\/nordicmart.andreevmaster.com\/fi\/wp-json\/wp\/v2\/product_cat?post=36649"},{"taxonomy":"product_tag","embeddable":true,"href":"https:\/\/nordicmart.andreevmaster.com\/fi\/wp-json\/wp\/v2\/product_tag?post=36649"}],"curies":[{"name":"wp","href":"https:\/\/api.w.org\/{rel}","templated":true}]}}