{"id":36648,"date":"2026-02-27T00:35:21","date_gmt":"2026-02-27T00:35:21","guid":{"rendered":"https:\/\/nordicmart.andreevmaster.com\/product\/suurennuslasi-kolmijalalla-mag-0015\/"},"modified":"2026-02-27T09:52:55","modified_gmt":"2026-02-27T09:52:55","slug":"suurennuslasi-kolmijalalla-mag-0015","status":"publish","type":"product","link":"https:\/\/nordicmart.andreevmaster.com\/fi\/tuote\/suurennuslasi-kolmijalalla-mag-0015\/","title":{"rendered":"Suurennuslasi kolmijalalla &#8211; MAG-0015"},"content":{"rendered":"<p>Kolmijalkaiset suurennuslasit &#8211; MAG-0015&nbsp;&nbsp;Kolmijalkaiset suurennuslasit ovat k\u00e4tevi\u00e4 niille, jotka tarvitsevat k\u00e4det vapaiksi ty\u00f6skentely\u00e4 ja suurentamista varten. Retrotyylinen suurennuslasimme koristaa koru- tai kellosepp\u00e4n liikkeen tai postimerkkien tai kolikoiden ker\u00e4ilij\u00e4n ty\u00f6p\u00f6yd\u00e4n. Se on tyylik\u00e4s ja k\u00e4yt\u00e4nn\u00f6llinen koriste toimistoon, kaappiin, englantilaiseen tai retrotyyliseen sisustukseen.&nbsp;Messinkikotelossa oleva suurennuslasi on kiinnitetty kolmijalkaan, joten suurennuslasia voi k\u00e4ytt\u00e4\u00e4 k\u00e4det vapaana. Py\u00f6rill\u00e4 varustettu muotoilu tekee k\u00e4yt\u00f6st\u00e4 viel\u00e4kin mielenkiintoisempaa!&nbsp;&nbsp;Tuotetiedot:&nbsp;Materiaali: lasi, messinkiV\u00e4ri: kulta, messinkiKolmijalka py\u00f6rill\u00e4Mitat: 5 x 5 x 7 cm&nbsp;<\/p>\n","protected":false},"excerpt":{"rendered":"<p>Kolmijalkaiset suurennuslasit &#8211; MAG-0015&nbsp;&nbsp;Kolmijalkaiset suurennuslasit ovat k\u00e4tevi\u00e4 niille, jotka tarvitsevat k\u00e4det vapaiksi ty\u00f6skentely\u00e4 ja suurentamista varten. Retrotyylinen suurennuslasimme koristaa koru- tai kellosepp\u00e4n liikkeen tai postimerkkien tai kolikoiden ker\u00e4ilij\u00e4n ty\u00f6p\u00f6yd\u00e4n. Se on tyylik\u00e4s ja k\u00e4yt\u00e4nn\u00f6llinen koriste toimistoon, kaappiin, englantilaiseen tai retrotyyliseen sisustukseen.&nbsp;Messinkikotelossa oleva suurennuslasi on kiinnitetty kolmijalkaan, joten suurennuslasia voi k\u00e4ytt\u00e4\u00e4 k\u00e4det vapaana. Py\u00f6rill\u00e4 varustettu muotoilu [&hellip;]<\/p>\n","protected":false},"featured_media":44862,"comment_status":"open","ping_status":"closed","template":"","meta":[],"product_brand":[],"product_cat":[32],"product_tag":[],"class_list":{"0":"post-36648","1":"product","2":"type-product","3":"status-publish","4":"has-post-thumbnail","6":"product_cat-uncategorized-fi","8":"first","9":"instock","10":"shipping-taxable","11":"purchasable","12":"product-type-simple"},"_links":{"self":[{"href":"https:\/\/nordicmart.andreevmaster.com\/fi\/wp-json\/wp\/v2\/product\/36648","targetHints":{"allow":["GET"]}}],"collection":[{"href":"https:\/\/nordicmart.andreevmaster.com\/fi\/wp-json\/wp\/v2\/product"}],"about":[{"href":"https:\/\/nordicmart.andreevmaster.com\/fi\/wp-json\/wp\/v2\/types\/product"}],"replies":[{"embeddable":true,"href":"https:\/\/nordicmart.andreevmaster.com\/fi\/wp-json\/wp\/v2\/comments?post=36648"}],"wp:featuredmedia":[{"embeddable":true,"href":"https:\/\/nordicmart.andreevmaster.com\/fi\/wp-json\/wp\/v2\/media\/44862"}],"wp:attachment":[{"href":"https:\/\/nordicmart.andreevmaster.com\/fi\/wp-json\/wp\/v2\/media?parent=36648"}],"wp:term":[{"taxonomy":"product_brand","embeddable":true,"href":"https:\/\/nordicmart.andreevmaster.com\/fi\/wp-json\/wp\/v2\/product_brand?post=36648"},{"taxonomy":"product_cat","embeddable":true,"href":"https:\/\/nordicmart.andreevmaster.com\/fi\/wp-json\/wp\/v2\/product_cat?post=36648"},{"taxonomy":"product_tag","embeddable":true,"href":"https:\/\/nordicmart.andreevmaster.com\/fi\/wp-json\/wp\/v2\/product_tag?post=36648"}],"curies":[{"name":"wp","href":"https:\/\/api.w.org\/{rel}","templated":true}]}}