{"id":36646,"date":"2026-02-27T00:35:20","date_gmt":"2026-02-27T00:35:20","guid":{"rendered":"https:\/\/nordicmart.andreevmaster.com\/product\/metallinen-poytakello-clk-0212\/"},"modified":"2026-02-27T09:52:54","modified_gmt":"2026-02-27T09:52:54","slug":"metallinen-poytakello-clk-0212","status":"publish","type":"product","link":"https:\/\/nordicmart.andreevmaster.com\/fi\/tuote\/metallinen-poytakello-clk-0212\/","title":{"rendered":"Metallinen p\u00f6yt\u00e4kello \u2013 CLK-0212"},"content":{"rendered":"<p>Metallinen p\u00f6yt\u00e4kello \u2013 CLK-0212&nbsp;&nbsp;&nbsp;Metallinen p\u00f6yt\u00e4kello CLK-0212 n\u00e4ytt\u00e4\u00e4 kuin se olisi otettu vanhan lentokoneen ohjaamosta. Ep\u00e4tavallisen muotoinen, katkaistu sylinteri on hy\u00f6dyllinen ja omaper\u00e4inen p\u00f6yt\u00e4koriste. Se sopii hyvin my\u00f6s makuuhuoneen kelloksi, jonka voi sijoittaa y\u00f6p\u00f6yd\u00e4lle. Valkoinen kellotaulu, jossa on mustat roomalaiset ja arabialaiset numerot, luo upean kontrastin ja helpottaa ajan lukemista. Roomalaiset numerot osoittavat tunnit, arabialaiset numerot minuutit. Kellon muotoilu on selke\u00e4 ja siisti, mik\u00e4 sopii hyvin moderniin sisustukseen. Tuotetiedot: Materiaali: puu, metalli Numerot: roomalaiset (tunnit), arabialaiset (minuutit) Viisarit: klassiset, mustat V\u00e4rit: hopea, valkoinen, musta Kellotaulun muoto: py\u00f6re\u00e4 Kellon muoto: vinosti leikattu sylinteri Paristok\u00e4ytt\u00f6inen Tyyli: moderni Mitat: 13 x 13 x 19 cm<\/p>\n","protected":false},"excerpt":{"rendered":"<p>Metallinen p\u00f6yt\u00e4kello \u2013 CLK-0212&nbsp;&nbsp;&nbsp;Metallinen p\u00f6yt\u00e4kello CLK-0212 n\u00e4ytt\u00e4\u00e4 kuin se olisi otettu vanhan lentokoneen ohjaamosta. Ep\u00e4tavallisen muotoinen, katkaistu sylinteri on hy\u00f6dyllinen ja omaper\u00e4inen p\u00f6yt\u00e4koriste. Se sopii hyvin my\u00f6s makuuhuoneen kelloksi, jonka voi sijoittaa y\u00f6p\u00f6yd\u00e4lle. Valkoinen kellotaulu, jossa on mustat roomalaiset ja arabialaiset numerot, luo upean kontrastin ja helpottaa ajan lukemista. Roomalaiset numerot osoittavat tunnit, arabialaiset numerot [&hellip;]<\/p>\n","protected":false},"featured_media":44860,"comment_status":"open","ping_status":"closed","template":"","meta":[],"product_brand":[],"product_cat":[32],"product_tag":[],"class_list":{"0":"post-36646","1":"product","2":"type-product","3":"status-publish","4":"has-post-thumbnail","6":"product_cat-uncategorized-fi","8":"first","9":"instock","10":"shipping-taxable","11":"purchasable","12":"product-type-simple"},"_links":{"self":[{"href":"https:\/\/nordicmart.andreevmaster.com\/fi\/wp-json\/wp\/v2\/product\/36646","targetHints":{"allow":["GET"]}}],"collection":[{"href":"https:\/\/nordicmart.andreevmaster.com\/fi\/wp-json\/wp\/v2\/product"}],"about":[{"href":"https:\/\/nordicmart.andreevmaster.com\/fi\/wp-json\/wp\/v2\/types\/product"}],"replies":[{"embeddable":true,"href":"https:\/\/nordicmart.andreevmaster.com\/fi\/wp-json\/wp\/v2\/comments?post=36646"}],"wp:featuredmedia":[{"embeddable":true,"href":"https:\/\/nordicmart.andreevmaster.com\/fi\/wp-json\/wp\/v2\/media\/44860"}],"wp:attachment":[{"href":"https:\/\/nordicmart.andreevmaster.com\/fi\/wp-json\/wp\/v2\/media?parent=36646"}],"wp:term":[{"taxonomy":"product_brand","embeddable":true,"href":"https:\/\/nordicmart.andreevmaster.com\/fi\/wp-json\/wp\/v2\/product_brand?post=36646"},{"taxonomy":"product_cat","embeddable":true,"href":"https:\/\/nordicmart.andreevmaster.com\/fi\/wp-json\/wp\/v2\/product_cat?post=36646"},{"taxonomy":"product_tag","embeddable":true,"href":"https:\/\/nordicmart.andreevmaster.com\/fi\/wp-json\/wp\/v2\/product_tag?post=36646"}],"curies":[{"name":"wp","href":"https:\/\/api.w.org\/{rel}","templated":true}]}}