{"id":36645,"date":"2026-02-27T00:35:20","date_gmt":"2026-02-27T00:35:20","guid":{"rendered":"https:\/\/nordicmart.andreevmaster.com\/product\/retro-keittiovaaka-wsb7\/"},"modified":"2026-02-27T09:52:54","modified_gmt":"2026-02-27T09:52:54","slug":"retro-keittiovaaka-wsb7","status":"publish","type":"product","link":"https:\/\/nordicmart.andreevmaster.com\/fi\/tuote\/retro-keittiovaaka-wsb7\/","title":{"rendered":"Retro-keitti\u00f6vaaka \u2013 WSB7"},"content":{"rendered":"<p>Retro-keitti\u00f6vaaka \u2013 WSB7Retro-keitti\u00f6vaaka on upea lis\u00e4 rustiikkiseen tai eklektiseen keitti\u00f6\u00f6n. Messingin ja puun universaali yhdistelm\u00e4 ja tyylitelty muotoilu antavat vaa&#8217;alle ik\u00e4\u00e4n kuin ajan henkien koskettaman ilmeen. Vaaka vieh\u00e4tt\u00e4\u00e4 lapsia, jotka voivat leikki\u00e4 sill\u00e4 kaupassa. &nbsp;Sarja sis\u00e4lt\u00e4\u00e4 8 painoa vaa&#8217;alle. Vaaka on valmistettu messingist\u00e4 ja se on asetettu puualustalle. Jalustassa on paikka painoille. &nbsp;Tuotetiedot:&nbsp;Materiaali: messinki Jalusta: puu Mitat: pituus 25,5 cm, korkeus 10 cm&nbsp;8 painon sarja:&nbsp;1 g 2 g x 25 g 10 g x 220 g 50 g&nbsp;&nbsp;Vaakaa ei ole sertifioitu ammattik\u00e4ytt\u00f6\u00f6n. Se on koriste-esine.<\/p>\n","protected":false},"excerpt":{"rendered":"<p>Retro-keitti\u00f6vaaka \u2013 WSB7Retro-keitti\u00f6vaaka on upea lis\u00e4 rustiikkiseen tai eklektiseen keitti\u00f6\u00f6n. Messingin ja puun universaali yhdistelm\u00e4 ja tyylitelty muotoilu antavat vaa&#8217;alle ik\u00e4\u00e4n kuin ajan henkien koskettaman ilmeen. Vaaka vieh\u00e4tt\u00e4\u00e4 lapsia, jotka voivat leikki\u00e4 sill\u00e4 kaupassa. &nbsp;Sarja sis\u00e4lt\u00e4\u00e4 8 painoa vaa&#8217;alle. Vaaka on valmistettu messingist\u00e4 ja se on asetettu puualustalle. Jalustassa on paikka painoille. &nbsp;Tuotetiedot:&nbsp;Materiaali: messinki Jalusta: [&hellip;]<\/p>\n","protected":false},"featured_media":44859,"comment_status":"open","ping_status":"closed","template":"","meta":[],"product_brand":[],"product_cat":[32],"product_tag":[],"class_list":{"0":"post-36645","1":"product","2":"type-product","3":"status-publish","4":"has-post-thumbnail","6":"product_cat-uncategorized-fi","8":"first","9":"instock","10":"shipping-taxable","11":"purchasable","12":"product-type-simple"},"_links":{"self":[{"href":"https:\/\/nordicmart.andreevmaster.com\/fi\/wp-json\/wp\/v2\/product\/36645","targetHints":{"allow":["GET"]}}],"collection":[{"href":"https:\/\/nordicmart.andreevmaster.com\/fi\/wp-json\/wp\/v2\/product"}],"about":[{"href":"https:\/\/nordicmart.andreevmaster.com\/fi\/wp-json\/wp\/v2\/types\/product"}],"replies":[{"embeddable":true,"href":"https:\/\/nordicmart.andreevmaster.com\/fi\/wp-json\/wp\/v2\/comments?post=36645"}],"wp:featuredmedia":[{"embeddable":true,"href":"https:\/\/nordicmart.andreevmaster.com\/fi\/wp-json\/wp\/v2\/media\/44859"}],"wp:attachment":[{"href":"https:\/\/nordicmart.andreevmaster.com\/fi\/wp-json\/wp\/v2\/media?parent=36645"}],"wp:term":[{"taxonomy":"product_brand","embeddable":true,"href":"https:\/\/nordicmart.andreevmaster.com\/fi\/wp-json\/wp\/v2\/product_brand?post=36645"},{"taxonomy":"product_cat","embeddable":true,"href":"https:\/\/nordicmart.andreevmaster.com\/fi\/wp-json\/wp\/v2\/product_cat?post=36645"},{"taxonomy":"product_tag","embeddable":true,"href":"https:\/\/nordicmart.andreevmaster.com\/fi\/wp-json\/wp\/v2\/product_tag?post=36645"}],"curies":[{"name":"wp","href":"https:\/\/api.w.org\/{rel}","templated":true}]}}