{"id":36644,"date":"2026-02-27T00:35:20","date_gmt":"2026-02-27T00:35:20","guid":{"rendered":"https:\/\/nordicmart.andreevmaster.com\/product\/koristeellinen-baarivaaka-wsb8\/"},"modified":"2026-02-27T09:52:54","modified_gmt":"2026-02-27T09:52:54","slug":"koristeellinen-baarivaaka-wsb8","status":"publish","type":"product","link":"https:\/\/nordicmart.andreevmaster.com\/fi\/tuote\/koristeellinen-baarivaaka-wsb8\/","title":{"rendered":"Koristeellinen baarivaaka &#8211; WSB8"},"content":{"rendered":"<p>Koristeellinen baarivaaka &#8211; WSB8&nbsp;&nbsp;Koristeellinen baarivaaka on vieh\u00e4tt\u00e4v\u00e4 lis\u00e4 vintage-tyyliseen huoneeseen. Se sopii apteekkiin tai tyylikk\u00e4\u00e4seen, intiimiin myym\u00e4l\u00e4\u00e4n. Se on mukava lahja apteekkarille ja symbolinen lahja lakimiehelle. &nbsp;Vaaka on yksi kreikkalaisen lain ja laillisuuden jumalattaren Themisin tunnusmerkkej\u00e4. Se symboloi oikeudenmukaisuutta, varovaisuutta ja tasapainoa. &nbsp;Vaaka on valmistettu messingist\u00e4 ja se seisoo puualustalla. Sarjaan kuuluu my\u00f6s 8 painoa. &nbsp;&nbsp;&nbsp;&nbsp;&nbsp;&nbsp;Baarivaa&#8217;an tekniset tiedot:&nbsp;Materiaali: messinkiJalusta: puu &nbsp;Sis\u00e4lt\u00e4\u00e4 8 painoa:&nbsp;1 g2 g x 25 g10 g x 220 g50 g&nbsp;Koristeellinen vaakapunnitus sopii hyvin: Apteekin sisustukseen Asianajajan toimiston sisustukseen Maalaismaisen keitti\u00f6n sisustukseen Lahjaksi apteekkarille Lahjaksi asianajajalle Lahjaksi tuomarille Vaakaa ei ole sertifioitu ammattik\u00e4ytt\u00f6\u00f6n. Se on koriste-esine.<\/p>\n","protected":false},"excerpt":{"rendered":"<p>Koristeellinen baarivaaka &#8211; WSB8&nbsp;&nbsp;Koristeellinen baarivaaka on vieh\u00e4tt\u00e4v\u00e4 lis\u00e4 vintage-tyyliseen huoneeseen. Se sopii apteekkiin tai tyylikk\u00e4\u00e4seen, intiimiin myym\u00e4l\u00e4\u00e4n. Se on mukava lahja apteekkarille ja symbolinen lahja lakimiehelle. &nbsp;Vaaka on yksi kreikkalaisen lain ja laillisuuden jumalattaren Themisin tunnusmerkkej\u00e4. Se symboloi oikeudenmukaisuutta, varovaisuutta ja tasapainoa. &nbsp;Vaaka on valmistettu messingist\u00e4 ja se seisoo puualustalla. Sarjaan kuuluu my\u00f6s 8 painoa. [&hellip;]<\/p>\n","protected":false},"featured_media":44858,"comment_status":"open","ping_status":"closed","template":"","meta":[],"product_brand":[],"product_cat":[32],"product_tag":[],"class_list":{"0":"post-36644","1":"product","2":"type-product","3":"status-publish","4":"has-post-thumbnail","6":"product_cat-uncategorized-fi","8":"first","9":"instock","10":"shipping-taxable","11":"purchasable","12":"product-type-simple"},"_links":{"self":[{"href":"https:\/\/nordicmart.andreevmaster.com\/fi\/wp-json\/wp\/v2\/product\/36644","targetHints":{"allow":["GET"]}}],"collection":[{"href":"https:\/\/nordicmart.andreevmaster.com\/fi\/wp-json\/wp\/v2\/product"}],"about":[{"href":"https:\/\/nordicmart.andreevmaster.com\/fi\/wp-json\/wp\/v2\/types\/product"}],"replies":[{"embeddable":true,"href":"https:\/\/nordicmart.andreevmaster.com\/fi\/wp-json\/wp\/v2\/comments?post=36644"}],"wp:featuredmedia":[{"embeddable":true,"href":"https:\/\/nordicmart.andreevmaster.com\/fi\/wp-json\/wp\/v2\/media\/44858"}],"wp:attachment":[{"href":"https:\/\/nordicmart.andreevmaster.com\/fi\/wp-json\/wp\/v2\/media?parent=36644"}],"wp:term":[{"taxonomy":"product_brand","embeddable":true,"href":"https:\/\/nordicmart.andreevmaster.com\/fi\/wp-json\/wp\/v2\/product_brand?post=36644"},{"taxonomy":"product_cat","embeddable":true,"href":"https:\/\/nordicmart.andreevmaster.com\/fi\/wp-json\/wp\/v2\/product_cat?post=36644"},{"taxonomy":"product_tag","embeddable":true,"href":"https:\/\/nordicmart.andreevmaster.com\/fi\/wp-json\/wp\/v2\/product_tag?post=36644"}],"curies":[{"name":"wp","href":"https:\/\/api.w.org\/{rel}","templated":true}]}}