{"id":36643,"date":"2026-02-27T00:35:20","date_gmt":"2026-02-27T00:35:20","guid":{"rendered":"https:\/\/nordicmart.andreevmaster.com\/product\/messinkinen-laivakello-halkaisija-175-cm-hb43-7\/"},"modified":"2026-02-27T09:52:54","modified_gmt":"2026-02-27T09:52:54","slug":"messinkinen-laivakello-halkaisija-175-cm-hb43-7","status":"publish","type":"product","link":"https:\/\/nordicmart.andreevmaster.com\/fi\/tuote\/messinkinen-laivakello-halkaisija-175-cm-hb43-7\/","title":{"rendered":"Messinkinen laivakello &#8211; halkaisija 17,5 cm &#8211; HB43\/7"},"content":{"rendered":"<p>Messinkinen laivakello \u2013 halkaisija 17,5 cm \u2013 HB43\/7&nbsp;&nbsp;Messinkinen laivakello on merihenkinen koriste-elementti, joka sopii erinomaisesti merityylisiin huoneisiin. Kello on purjehdusteemainen koriste m\u00f6kkiin, merimiehen makuuhuoneeseen tai merityyliseen ty\u00f6huoneeseen. Laivakello sopii erinomaisesti hotelleihin ja majataloihin meren rannalla ja Suurten j\u00e4rvien alueella. Se ilmoittaa talon asukkaille lounasaikasta tai kokouksesta, johon on osallistuttava.&nbsp;Purjehduksessa uskotaan, ett\u00e4 kello on laivan sielu. Kellot varoittivat l\u00e4hestyv\u00e4st\u00e4 vaarasta ja merkitsiv\u00e4t vartiovuoron alkua ja loppua. Uskottiin, ett\u00e4 kellolla oli voima h\u00e4lvent\u00e4\u00e4 myrskypilvi\u00e4 ja karkottaa salamoita. Sen uskottiin my\u00f6s suojaavan pahoilta voimilta er\u00e4\u00e4nlaisena talismanina. Laivan kello on siksi hyv\u00e4 lahjaidea merimiehelle.&nbsp;&nbsp;Messinkinen laivakello Tekniset tiedot:&nbsp;Materiaali: messinkiKellon syd\u00e4n: messinkiK\u00f6ysi: koristeellisesti punottu valkoinen k\u00f6ysiV\u00e4ri: kultaMitat: halkaisija &#8211; 17,5 cm&nbsp;<\/p>\n","protected":false},"excerpt":{"rendered":"<p>Messinkinen laivakello \u2013 halkaisija 17,5 cm \u2013 HB43\/7&nbsp;&nbsp;Messinkinen laivakello on merihenkinen koriste-elementti, joka sopii erinomaisesti merityylisiin huoneisiin. Kello on purjehdusteemainen koriste m\u00f6kkiin, merimiehen makuuhuoneeseen tai merityyliseen ty\u00f6huoneeseen. Laivakello sopii erinomaisesti hotelleihin ja majataloihin meren rannalla ja Suurten j\u00e4rvien alueella. Se ilmoittaa talon asukkaille lounasaikasta tai kokouksesta, johon on osallistuttava.&nbsp;Purjehduksessa uskotaan, ett\u00e4 kello on laivan sielu. [&hellip;]<\/p>\n","protected":false},"featured_media":44857,"comment_status":"open","ping_status":"closed","template":"","meta":[],"product_brand":[],"product_cat":[32],"product_tag":[],"class_list":{"0":"post-36643","1":"product","2":"type-product","3":"status-publish","4":"has-post-thumbnail","6":"product_cat-uncategorized-fi","8":"first","9":"instock","10":"shipping-taxable","11":"purchasable","12":"product-type-simple"},"_links":{"self":[{"href":"https:\/\/nordicmart.andreevmaster.com\/fi\/wp-json\/wp\/v2\/product\/36643","targetHints":{"allow":["GET"]}}],"collection":[{"href":"https:\/\/nordicmart.andreevmaster.com\/fi\/wp-json\/wp\/v2\/product"}],"about":[{"href":"https:\/\/nordicmart.andreevmaster.com\/fi\/wp-json\/wp\/v2\/types\/product"}],"replies":[{"embeddable":true,"href":"https:\/\/nordicmart.andreevmaster.com\/fi\/wp-json\/wp\/v2\/comments?post=36643"}],"wp:featuredmedia":[{"embeddable":true,"href":"https:\/\/nordicmart.andreevmaster.com\/fi\/wp-json\/wp\/v2\/media\/44857"}],"wp:attachment":[{"href":"https:\/\/nordicmart.andreevmaster.com\/fi\/wp-json\/wp\/v2\/media?parent=36643"}],"wp:term":[{"taxonomy":"product_brand","embeddable":true,"href":"https:\/\/nordicmart.andreevmaster.com\/fi\/wp-json\/wp\/v2\/product_brand?post=36643"},{"taxonomy":"product_cat","embeddable":true,"href":"https:\/\/nordicmart.andreevmaster.com\/fi\/wp-json\/wp\/v2\/product_cat?post=36643"},{"taxonomy":"product_tag","embeddable":true,"href":"https:\/\/nordicmart.andreevmaster.com\/fi\/wp-json\/wp\/v2\/product_tag?post=36643"}],"curies":[{"name":"wp","href":"https:\/\/api.w.org\/{rel}","templated":true}]}}