{"id":36642,"date":"2026-02-27T00:35:19","date_gmt":"2026-02-27T00:35:19","guid":{"rendered":"https:\/\/nordicmart.andreevmaster.com\/product\/messinkinen-laivakello-halkaisija-75-cm-hb34-3\/"},"modified":"2026-02-27T09:52:54","modified_gmt":"2026-02-27T09:52:54","slug":"messinkinen-laivakello-halkaisija-75-cm-hb34-3","status":"publish","type":"product","link":"https:\/\/nordicmart.andreevmaster.com\/fi\/tuote\/messinkinen-laivakello-halkaisija-75-cm-hb34-3\/","title":{"rendered":"Messinkinen laivakello &#8211; halkaisija 7,5 cm &#8211; HB34\/3"},"content":{"rendered":"<p>Messinkinen laivakello &#8211; HB34\/3 &#8211; halkaisija 7,5 cm&nbsp;&nbsp;Messinkinen laivakello on merihenkinen koriste, joka sopii hyvin merihenkiseen sisustukseen. Kello sopii koristeeksi merihenkiseen hytin, merimiehen makuuhuoneeseen tai toimistoon. &nbsp;&nbsp;Tuotetiedot:&nbsp;Materiaali: messinkiKellon syd\u00e4n: messinkiKoristeellinen punottu valkoinen k\u00f6ysiV\u00e4ri: kultaMitat: halkaisija &#8211; 7,5 cm&nbsp;&nbsp;&nbsp;<\/p>\n","protected":false},"excerpt":{"rendered":"<p>Messinkinen laivakello &#8211; HB34\/3 &#8211; halkaisija 7,5 cm&nbsp;&nbsp;Messinkinen laivakello on merihenkinen koriste, joka sopii hyvin merihenkiseen sisustukseen. Kello sopii koristeeksi merihenkiseen hytin, merimiehen makuuhuoneeseen tai toimistoon. &nbsp;&nbsp;Tuotetiedot:&nbsp;Materiaali: messinkiKellon syd\u00e4n: messinkiKoristeellinen punottu valkoinen k\u00f6ysiV\u00e4ri: kultaMitat: halkaisija &#8211; 7,5 cm&nbsp;&nbsp;&nbsp;<\/p>\n","protected":false},"featured_media":44856,"comment_status":"open","ping_status":"closed","template":"","meta":[],"product_brand":[],"product_cat":[32],"product_tag":[],"class_list":{"0":"post-36642","1":"product","2":"type-product","3":"status-publish","4":"has-post-thumbnail","6":"product_cat-uncategorized-fi","8":"first","9":"instock","10":"shipping-taxable","11":"purchasable","12":"product-type-simple"},"_links":{"self":[{"href":"https:\/\/nordicmart.andreevmaster.com\/fi\/wp-json\/wp\/v2\/product\/36642","targetHints":{"allow":["GET"]}}],"collection":[{"href":"https:\/\/nordicmart.andreevmaster.com\/fi\/wp-json\/wp\/v2\/product"}],"about":[{"href":"https:\/\/nordicmart.andreevmaster.com\/fi\/wp-json\/wp\/v2\/types\/product"}],"replies":[{"embeddable":true,"href":"https:\/\/nordicmart.andreevmaster.com\/fi\/wp-json\/wp\/v2\/comments?post=36642"}],"wp:featuredmedia":[{"embeddable":true,"href":"https:\/\/nordicmart.andreevmaster.com\/fi\/wp-json\/wp\/v2\/media\/44856"}],"wp:attachment":[{"href":"https:\/\/nordicmart.andreevmaster.com\/fi\/wp-json\/wp\/v2\/media?parent=36642"}],"wp:term":[{"taxonomy":"product_brand","embeddable":true,"href":"https:\/\/nordicmart.andreevmaster.com\/fi\/wp-json\/wp\/v2\/product_brand?post=36642"},{"taxonomy":"product_cat","embeddable":true,"href":"https:\/\/nordicmart.andreevmaster.com\/fi\/wp-json\/wp\/v2\/product_cat?post=36642"},{"taxonomy":"product_tag","embeddable":true,"href":"https:\/\/nordicmart.andreevmaster.com\/fi\/wp-json\/wp\/v2\/product_tag?post=36642"}],"curies":[{"name":"wp","href":"https:\/\/api.w.org\/{rel}","templated":true}]}}