{"id":36641,"date":"2026-02-27T00:35:19","date_gmt":"2026-02-27T00:35:19","guid":{"rendered":"https:\/\/nordicmart.andreevmaster.com\/product\/suljettava-puulaatikko-se28\/"},"modified":"2026-02-27T09:52:54","modified_gmt":"2026-02-27T09:52:54","slug":"suljettava-puulaatikko-se28","status":"publish","type":"product","link":"https:\/\/nordicmart.andreevmaster.com\/fi\/tuote\/suljettava-puulaatikko-se28\/","title":{"rendered":"Suljettava puulaatikko \u2013 SE28"},"content":{"rendered":"<p>Suljettava puulaatikko &ndash; SE28&nbsp;&nbsp;Suljettava puulaatikko helpottaa kotitalouden aarteiden s\u00e4ilytt\u00e4mist\u00e4. Laatikkoon mahtuu pieni\u00e4 koruja, avaimia ja kirjeit\u00e4. Sen voi t\u00e4ytt\u00e4\u00e4 kolikoilla, jolloin se muuttuu kadonneiden aarteiden aarrearkuksi, josta lapset nauttivat. Laatikko on valmistettu puusta ja koristeltu runsaasti metallikoristeilla, jotka antavat sille kuninkaallisen aarrekammion ilmeen. Suljettavan kannen ansiosta laatikko suojaa esineit\u00e4 p\u00f6lylt\u00e4 ja katoamiselta.&nbsp;&nbsp;Puinen laatikko:&nbsp;Materiaali: puu, metalli Mitat: 22,85 x 15,2 x 15,2 cmV\u00e4ri: ruskea, kulta6 lokeroaPunainen pehmuste&nbsp;<\/p>\n","protected":false},"excerpt":{"rendered":"<p>Suljettava puulaatikko &ndash; SE28&nbsp;&nbsp;Suljettava puulaatikko helpottaa kotitalouden aarteiden s\u00e4ilytt\u00e4mist\u00e4. Laatikkoon mahtuu pieni\u00e4 koruja, avaimia ja kirjeit\u00e4. Sen voi t\u00e4ytt\u00e4\u00e4 kolikoilla, jolloin se muuttuu kadonneiden aarteiden aarrearkuksi, josta lapset nauttivat. Laatikko on valmistettu puusta ja koristeltu runsaasti metallikoristeilla, jotka antavat sille kuninkaallisen aarrekammion ilmeen. Suljettavan kannen ansiosta laatikko suojaa esineit\u00e4 p\u00f6lylt\u00e4 ja katoamiselta.&nbsp;&nbsp;Puinen laatikko:&nbsp;Materiaali: puu, metalli [&hellip;]<\/p>\n","protected":false},"featured_media":44855,"comment_status":"open","ping_status":"closed","template":"","meta":[],"product_brand":[],"product_cat":[32],"product_tag":[],"class_list":{"0":"post-36641","1":"product","2":"type-product","3":"status-publish","4":"has-post-thumbnail","6":"product_cat-uncategorized-fi","8":"first","9":"instock","10":"shipping-taxable","11":"purchasable","12":"product-type-simple"},"_links":{"self":[{"href":"https:\/\/nordicmart.andreevmaster.com\/fi\/wp-json\/wp\/v2\/product\/36641","targetHints":{"allow":["GET"]}}],"collection":[{"href":"https:\/\/nordicmart.andreevmaster.com\/fi\/wp-json\/wp\/v2\/product"}],"about":[{"href":"https:\/\/nordicmart.andreevmaster.com\/fi\/wp-json\/wp\/v2\/types\/product"}],"replies":[{"embeddable":true,"href":"https:\/\/nordicmart.andreevmaster.com\/fi\/wp-json\/wp\/v2\/comments?post=36641"}],"wp:featuredmedia":[{"embeddable":true,"href":"https:\/\/nordicmart.andreevmaster.com\/fi\/wp-json\/wp\/v2\/media\/44855"}],"wp:attachment":[{"href":"https:\/\/nordicmart.andreevmaster.com\/fi\/wp-json\/wp\/v2\/media?parent=36641"}],"wp:term":[{"taxonomy":"product_brand","embeddable":true,"href":"https:\/\/nordicmart.andreevmaster.com\/fi\/wp-json\/wp\/v2\/product_brand?post=36641"},{"taxonomy":"product_cat","embeddable":true,"href":"https:\/\/nordicmart.andreevmaster.com\/fi\/wp-json\/wp\/v2\/product_cat?post=36641"},{"taxonomy":"product_tag","embeddable":true,"href":"https:\/\/nordicmart.andreevmaster.com\/fi\/wp-json\/wp\/v2\/product_tag?post=36641"}],"curies":[{"name":"wp","href":"https:\/\/api.w.org\/{rel}","templated":true}]}}