{"id":36640,"date":"2026-02-27T00:35:19","date_gmt":"2026-02-27T00:35:19","guid":{"rendered":"https:\/\/nordicmart.andreevmaster.com\/product\/exclusive-kompassi-h44\/"},"modified":"2026-02-27T09:52:53","modified_gmt":"2026-02-27T09:52:53","slug":"exclusive-kompassi-h44","status":"publish","type":"product","link":"https:\/\/nordicmart.andreevmaster.com\/fi\/tuote\/exclusive-kompassi-h44\/","title":{"rendered":"Exclusive kompassi H44"},"content":{"rendered":"<p>Exclusive-kompassi H44 \u2013 kardaanij\u00e4rjestelm\u00e4 &nbsp;&nbsp;Merellinen, exclusive-kompassi H44 \u2013 1600-luvun esineen replica.&nbsp;&nbsp;Tuotetiedot:&nbsp;Mitat: Korkeus: 5,8 cm&nbsp;&nbsp;&nbsp;&nbsp;&nbsp;&nbsp;&nbsp;Halkaisija: 10 cm Paino: 515 g Pakkauksen koko: &nbsp;leveys 12,5 X &nbsp;pituus 12,5 X korkeus 6,5 cm &nbsp;&nbsp;&nbsp;&nbsp;&nbsp;&nbsp;&nbsp;Kompassin ja pakkauksen kokonaispaino = 620 g Materiaali: Py\u00f6kki-\/tammipuu (luonnonvaha ja kiillotettu), zamak-messinki (uunilakattu), polykarbonaatti magneettisen kompassin p\u00e4\u00e4ll\u00e4&nbsp;&nbsp;<\/p>\n","protected":false},"excerpt":{"rendered":"<p>Exclusive-kompassi H44 \u2013 kardaanij\u00e4rjestelm\u00e4 &nbsp;&nbsp;Merellinen, exclusive-kompassi H44 \u2013 1600-luvun esineen replica.&nbsp;&nbsp;Tuotetiedot:&nbsp;Mitat: Korkeus: 5,8 cm&nbsp;&nbsp;&nbsp;&nbsp;&nbsp;&nbsp;&nbsp;Halkaisija: 10 cm Paino: 515 g Pakkauksen koko: &nbsp;leveys 12,5 X &nbsp;pituus 12,5 X korkeus 6,5 cm &nbsp;&nbsp;&nbsp;&nbsp;&nbsp;&nbsp;&nbsp;Kompassin ja pakkauksen kokonaispaino = 620 g Materiaali: Py\u00f6kki-\/tammipuu (luonnonvaha ja kiillotettu), zamak-messinki (uunilakattu), polykarbonaatti magneettisen kompassin p\u00e4\u00e4ll\u00e4&nbsp;&nbsp;<\/p>\n","protected":false},"featured_media":44854,"comment_status":"open","ping_status":"closed","template":"","meta":[],"product_brand":[],"product_cat":[32],"product_tag":[],"class_list":{"0":"post-36640","1":"product","2":"type-product","3":"status-publish","4":"has-post-thumbnail","6":"product_cat-uncategorized-fi","8":"first","9":"instock","10":"shipping-taxable","11":"purchasable","12":"product-type-simple"},"_links":{"self":[{"href":"https:\/\/nordicmart.andreevmaster.com\/fi\/wp-json\/wp\/v2\/product\/36640","targetHints":{"allow":["GET"]}}],"collection":[{"href":"https:\/\/nordicmart.andreevmaster.com\/fi\/wp-json\/wp\/v2\/product"}],"about":[{"href":"https:\/\/nordicmart.andreevmaster.com\/fi\/wp-json\/wp\/v2\/types\/product"}],"replies":[{"embeddable":true,"href":"https:\/\/nordicmart.andreevmaster.com\/fi\/wp-json\/wp\/v2\/comments?post=36640"}],"wp:featuredmedia":[{"embeddable":true,"href":"https:\/\/nordicmart.andreevmaster.com\/fi\/wp-json\/wp\/v2\/media\/44854"}],"wp:attachment":[{"href":"https:\/\/nordicmart.andreevmaster.com\/fi\/wp-json\/wp\/v2\/media?parent=36640"}],"wp:term":[{"taxonomy":"product_brand","embeddable":true,"href":"https:\/\/nordicmart.andreevmaster.com\/fi\/wp-json\/wp\/v2\/product_brand?post=36640"},{"taxonomy":"product_cat","embeddable":true,"href":"https:\/\/nordicmart.andreevmaster.com\/fi\/wp-json\/wp\/v2\/product_cat?post=36640"},{"taxonomy":"product_tag","embeddable":true,"href":"https:\/\/nordicmart.andreevmaster.com\/fi\/wp-json\/wp\/v2\/product_tag?post=36640"}],"curies":[{"name":"wp","href":"https:\/\/api.w.org\/{rel}","templated":true}]}}