{"id":36639,"date":"2026-02-27T00:35:19","date_gmt":"2026-02-27T00:35:19","guid":{"rendered":"https:\/\/nordicmart.andreevmaster.com\/product\/mini-bowling-poytalaite-arcade-peli-se08\/"},"modified":"2026-02-27T09:52:53","modified_gmt":"2026-02-27T09:52:53","slug":"mini-bowling-poytalaite-arcade-peli-se08","status":"publish","type":"product","link":"https:\/\/nordicmart.andreevmaster.com\/fi\/tuote\/mini-bowling-poytalaite-arcade-peli-se08\/","title":{"rendered":"Mini Bowling &#8211; P\u00f6yt\u00e4laite &#8211; Arcade-peli \u2013 SE08"},"content":{"rendered":"<p>Mini Bowling &#8211; SE08&nbsp;&nbsp;Tuo hieman hauskuutta arkeen tyylikk\u00e4\u00e4ll\u00e4 SE08 Mini Bowling -setill\u00e4. Se on tyylik\u00e4s ja kompakti versio klassisesta keilapelist\u00e4, joka sopii erinomaisesti sek\u00e4 stressinpoistoon ty\u00f6p\u00f6yd\u00e4ll\u00e4 ett\u00e4 omaper\u00e4iseksi lahjaksi arcade-pelien yst\u00e4ville. Harjoittele tarkkuutta, kehit\u00e4 koordinaatiota ja rentoudu ty\u00f6tauoilla \u2013 yksin tai ty\u00f6tovereiden kanssa! T\u00e4m\u00e4n version minikeilapallot toimivat hyvin gadgetina, jonka voit asettaa ty\u00f6p\u00f6yd\u00e4llesi. &nbsp;&nbsp;&nbsp;Miksi se on sen arvoista:&nbsp;??Viihdett\u00e4 aina k\u00e4den ulottuvilla \u2013 t\u00e4ydellinen ty\u00f6p\u00f6yd\u00e4llesi t\u00f6iss\u00e4 tai kotona.??Edist\u00e4\u00e4 keskittymist\u00e4 ja k\u00e4den taitoja \u2013 t\u00e4ydellinen haasteiden yst\u00e4ville.??Upea lahjaidea \u2013 tyylik\u00e4s viimeistely ja koristeellinen laatikko ovat silm\u00e4\u00e4npist\u00e4vi\u00e4.??Vintage-tyyli \u2013 luonnonpuu, messinkikoristeet ja lasikansi luovat ainutlaatuisen tunnelman.&nbsp;&nbsp;Sarjassa on:&nbsp;10 minikeilapalloa (korkeus: 5,5 cm, puu).2 puupalloa (halkaisija: 3 cm)Elegantti puu- ja lasilaatikko (15 x 7,5 x 8 cm), lukittava kansi ja messinkikoristeet.&nbsp;&nbsp;Huomaa, ett\u00e4 t\u00e4m\u00e4 tuote ei ole lelu. Tuote on tarkoitettu yli 14-vuotiaille. &nbsp;<\/p>\n","protected":false},"excerpt":{"rendered":"<p>Mini Bowling &#8211; SE08&nbsp;&nbsp;Tuo hieman hauskuutta arkeen tyylikk\u00e4\u00e4ll\u00e4 SE08 Mini Bowling -setill\u00e4. Se on tyylik\u00e4s ja kompakti versio klassisesta keilapelist\u00e4, joka sopii erinomaisesti sek\u00e4 stressinpoistoon ty\u00f6p\u00f6yd\u00e4ll\u00e4 ett\u00e4 omaper\u00e4iseksi lahjaksi arcade-pelien yst\u00e4ville. Harjoittele tarkkuutta, kehit\u00e4 koordinaatiota ja rentoudu ty\u00f6tauoilla \u2013 yksin tai ty\u00f6tovereiden kanssa! T\u00e4m\u00e4n version minikeilapallot toimivat hyvin gadgetina, jonka voit asettaa ty\u00f6p\u00f6yd\u00e4llesi. &nbsp;&nbsp;&nbsp;Miksi se [&hellip;]<\/p>\n","protected":false},"featured_media":44853,"comment_status":"open","ping_status":"closed","template":"","meta":[],"product_brand":[],"product_cat":[32],"product_tag":[],"class_list":{"0":"post-36639","1":"product","2":"type-product","3":"status-publish","4":"has-post-thumbnail","6":"product_cat-uncategorized-fi","8":"first","9":"instock","10":"shipping-taxable","11":"purchasable","12":"product-type-simple"},"_links":{"self":[{"href":"https:\/\/nordicmart.andreevmaster.com\/fi\/wp-json\/wp\/v2\/product\/36639","targetHints":{"allow":["GET"]}}],"collection":[{"href":"https:\/\/nordicmart.andreevmaster.com\/fi\/wp-json\/wp\/v2\/product"}],"about":[{"href":"https:\/\/nordicmart.andreevmaster.com\/fi\/wp-json\/wp\/v2\/types\/product"}],"replies":[{"embeddable":true,"href":"https:\/\/nordicmart.andreevmaster.com\/fi\/wp-json\/wp\/v2\/comments?post=36639"}],"wp:featuredmedia":[{"embeddable":true,"href":"https:\/\/nordicmart.andreevmaster.com\/fi\/wp-json\/wp\/v2\/media\/44853"}],"wp:attachment":[{"href":"https:\/\/nordicmart.andreevmaster.com\/fi\/wp-json\/wp\/v2\/media?parent=36639"}],"wp:term":[{"taxonomy":"product_brand","embeddable":true,"href":"https:\/\/nordicmart.andreevmaster.com\/fi\/wp-json\/wp\/v2\/product_brand?post=36639"},{"taxonomy":"product_cat","embeddable":true,"href":"https:\/\/nordicmart.andreevmaster.com\/fi\/wp-json\/wp\/v2\/product_cat?post=36639"},{"taxonomy":"product_tag","embeddable":true,"href":"https:\/\/nordicmart.andreevmaster.com\/fi\/wp-json\/wp\/v2\/product_tag?post=36639"}],"curies":[{"name":"wp","href":"https:\/\/api.w.org\/{rel}","templated":true}]}}