{"id":36638,"date":"2026-02-27T00:35:18","date_gmt":"2026-02-27T00:35:18","guid":{"rendered":"https:\/\/nordicmart.andreevmaster.com\/product\/kendama-japanilainen-arcade-peli-se06\/"},"modified":"2026-02-27T09:52:53","modified_gmt":"2026-02-27T09:52:53","slug":"kendama-japanilainen-arcade-peli-se06","status":"publish","type":"product","link":"https:\/\/nordicmart.andreevmaster.com\/fi\/tuote\/kendama-japanilainen-arcade-peli-se06\/","title":{"rendered":"Kendama &#8211; japanilainen arcade-peli &#8211; SE06"},"content":{"rendered":"<p>Kendama &#8211; japanilainen arcade-peli &#8211; SE06&nbsp;&nbsp;Kendama on perinteinen japanilainen taitopeli, joka on viime aikoina valloittanut ihmisten syd\u00e4met ymp\u00e4ri maailmaa. &nbsp;Pelin tarkoituksena on ly\u00f6d\u00e4 palloa kuoppiin (kupit). Taitojen kehittyess\u00e4 voi tulla houkutus tehd\u00e4 monimutkaisempia temppuja ja stuntteja.&nbsp;Kendama, jota joskus kutsutaan japanilaiseksi jojoiksi, vaatii refleksej\u00e4, ketteryytt\u00e4 ja paljon k\u00e4rsiv\u00e4llisyytt\u00e4. Se kehitt\u00e4\u00e4 motorista koordinaatiota ja tasapainoa. Monin\u00e4ytt\u00f6isten laitteiden aikakaudella t\u00e4m\u00e4 perinteinen arcade-peli on mukava vaihtoehto vapaa-ajan viettoon. Kendama tarjoaa viihdett\u00e4 sek\u00e4 teini-ik\u00e4isille ett\u00e4 aikuisille. Tekniset tiedot: Materiaali: puu Mitat: 27 x 12 x 4,5 cm Huomio! T\u00e4m\u00e4 tuote ei ole lelu, eik\u00e4 se sovellu alle 14-vuotiaille lapsille. &nbsp;&nbsp;<\/p>\n","protected":false},"excerpt":{"rendered":"<p>Kendama &#8211; japanilainen arcade-peli &#8211; SE06&nbsp;&nbsp;Kendama on perinteinen japanilainen taitopeli, joka on viime aikoina valloittanut ihmisten syd\u00e4met ymp\u00e4ri maailmaa. &nbsp;Pelin tarkoituksena on ly\u00f6d\u00e4 palloa kuoppiin (kupit). Taitojen kehittyess\u00e4 voi tulla houkutus tehd\u00e4 monimutkaisempia temppuja ja stuntteja.&nbsp;Kendama, jota joskus kutsutaan japanilaiseksi jojoiksi, vaatii refleksej\u00e4, ketteryytt\u00e4 ja paljon k\u00e4rsiv\u00e4llisyytt\u00e4. Se kehitt\u00e4\u00e4 motorista koordinaatiota ja tasapainoa. Monin\u00e4ytt\u00f6isten laitteiden [&hellip;]<\/p>\n","protected":false},"featured_media":44852,"comment_status":"open","ping_status":"closed","template":"","meta":[],"product_brand":[],"product_cat":[32],"product_tag":[],"class_list":{"0":"post-36638","1":"product","2":"type-product","3":"status-publish","4":"has-post-thumbnail","6":"product_cat-uncategorized-fi","8":"first","9":"instock","10":"shipping-taxable","11":"purchasable","12":"product-type-simple"},"_links":{"self":[{"href":"https:\/\/nordicmart.andreevmaster.com\/fi\/wp-json\/wp\/v2\/product\/36638","targetHints":{"allow":["GET"]}}],"collection":[{"href":"https:\/\/nordicmart.andreevmaster.com\/fi\/wp-json\/wp\/v2\/product"}],"about":[{"href":"https:\/\/nordicmart.andreevmaster.com\/fi\/wp-json\/wp\/v2\/types\/product"}],"replies":[{"embeddable":true,"href":"https:\/\/nordicmart.andreevmaster.com\/fi\/wp-json\/wp\/v2\/comments?post=36638"}],"wp:featuredmedia":[{"embeddable":true,"href":"https:\/\/nordicmart.andreevmaster.com\/fi\/wp-json\/wp\/v2\/media\/44852"}],"wp:attachment":[{"href":"https:\/\/nordicmart.andreevmaster.com\/fi\/wp-json\/wp\/v2\/media?parent=36638"}],"wp:term":[{"taxonomy":"product_brand","embeddable":true,"href":"https:\/\/nordicmart.andreevmaster.com\/fi\/wp-json\/wp\/v2\/product_brand?post=36638"},{"taxonomy":"product_cat","embeddable":true,"href":"https:\/\/nordicmart.andreevmaster.com\/fi\/wp-json\/wp\/v2\/product_cat?post=36638"},{"taxonomy":"product_tag","embeddable":true,"href":"https:\/\/nordicmart.andreevmaster.com\/fi\/wp-json\/wp\/v2\/product_tag?post=36638"}],"curies":[{"name":"wp","href":"https:\/\/api.w.org\/{rel}","templated":true}]}}