{"id":36637,"date":"2026-02-27T00:35:18","date_gmt":"2026-02-27T00:35:18","guid":{"rendered":"https:\/\/nordicmart.andreevmaster.com\/product\/koristeellinen-maapallo-lahja-maantieteilijalle-nc2142\/"},"modified":"2026-02-27T09:52:53","modified_gmt":"2026-02-27T09:52:53","slug":"koristeellinen-maapallo-lahja-maantieteilijalle-nc2142","status":"publish","type":"product","link":"https:\/\/nordicmart.andreevmaster.com\/fi\/tuote\/koristeellinen-maapallo-lahja-maantieteilijalle-nc2142\/","title":{"rendered":"Koristeellinen maapallo &#8211; Lahja maantieteilij\u00e4lle &#8211; NC2142"},"content":{"rendered":"<p>Koristeellinen maapallo &#8211; Lahja maantieteilij\u00e4lle &#8211; NC2142&nbsp;&nbsp;Etsitk\u00f6 lahjaa maantieteen yst\u00e4v\u00e4lle? T\u00e4m\u00e4 koristeellinen maapallo, johon on kaiverrettu armillaarinen pallo, on omaper\u00e4inen lahja maantieteilij\u00e4lle ja matkailun yst\u00e4v\u00e4lle. Se on kaunis koriste ty\u00f6p\u00f6yd\u00e4lle, kaapille tai ikkunalaudalle. &nbsp;Armillaarinen pallo, eli astrolabi, on t\u00e4htitieteellinen instrumentti, jota k\u00e4ytet\u00e4\u00e4n p\u00e4iv\u00e4ntasaajan ja ekliptikan koordinaattien m\u00e4\u00e4ritt\u00e4miseen. T\u00e4ss\u00e4 taivaankappaleen mallissa on maapallo, johon on kaiverrettu vanhentunut kartta, jossa on k\u00e4ytetty keltaisia ja vihreit\u00e4 s\u00e4vyj\u00e4. Kokonaisuus on tyylik\u00e4s ja kaappimainen. &nbsp;&nbsp;Tuotetiedot:&nbsp;Maapallon materiaali: muoviArmillaarisen pallon materiaali: messinki Jalusta: messinki ja MDFKartta: keltaiset ja vihre\u00e4t s\u00e4vytLaminoitu karttaMitat: 17,5 x 17,5 x 28 cm&nbsp;&nbsp;<\/p>\n","protected":false},"excerpt":{"rendered":"<p>Koristeellinen maapallo &#8211; Lahja maantieteilij\u00e4lle &#8211; NC2142&nbsp;&nbsp;Etsitk\u00f6 lahjaa maantieteen yst\u00e4v\u00e4lle? T\u00e4m\u00e4 koristeellinen maapallo, johon on kaiverrettu armillaarinen pallo, on omaper\u00e4inen lahja maantieteilij\u00e4lle ja matkailun yst\u00e4v\u00e4lle. Se on kaunis koriste ty\u00f6p\u00f6yd\u00e4lle, kaapille tai ikkunalaudalle. &nbsp;Armillaarinen pallo, eli astrolabi, on t\u00e4htitieteellinen instrumentti, jota k\u00e4ytet\u00e4\u00e4n p\u00e4iv\u00e4ntasaajan ja ekliptikan koordinaattien m\u00e4\u00e4ritt\u00e4miseen. T\u00e4ss\u00e4 taivaankappaleen mallissa on maapallo, johon on kaiverrettu [&hellip;]<\/p>\n","protected":false},"featured_media":44851,"comment_status":"open","ping_status":"closed","template":"","meta":[],"product_brand":[],"product_cat":[32],"product_tag":[],"class_list":{"0":"post-36637","1":"product","2":"type-product","3":"status-publish","4":"has-post-thumbnail","6":"product_cat-uncategorized-fi","8":"first","9":"instock","10":"shipping-taxable","11":"purchasable","12":"product-type-simple"},"_links":{"self":[{"href":"https:\/\/nordicmart.andreevmaster.com\/fi\/wp-json\/wp\/v2\/product\/36637","targetHints":{"allow":["GET"]}}],"collection":[{"href":"https:\/\/nordicmart.andreevmaster.com\/fi\/wp-json\/wp\/v2\/product"}],"about":[{"href":"https:\/\/nordicmart.andreevmaster.com\/fi\/wp-json\/wp\/v2\/types\/product"}],"replies":[{"embeddable":true,"href":"https:\/\/nordicmart.andreevmaster.com\/fi\/wp-json\/wp\/v2\/comments?post=36637"}],"wp:featuredmedia":[{"embeddable":true,"href":"https:\/\/nordicmart.andreevmaster.com\/fi\/wp-json\/wp\/v2\/media\/44851"}],"wp:attachment":[{"href":"https:\/\/nordicmart.andreevmaster.com\/fi\/wp-json\/wp\/v2\/media?parent=36637"}],"wp:term":[{"taxonomy":"product_brand","embeddable":true,"href":"https:\/\/nordicmart.andreevmaster.com\/fi\/wp-json\/wp\/v2\/product_brand?post=36637"},{"taxonomy":"product_cat","embeddable":true,"href":"https:\/\/nordicmart.andreevmaster.com\/fi\/wp-json\/wp\/v2\/product_cat?post=36637"},{"taxonomy":"product_tag","embeddable":true,"href":"https:\/\/nordicmart.andreevmaster.com\/fi\/wp-json\/wp\/v2\/product_tag?post=36637"}],"curies":[{"name":"wp","href":"https:\/\/api.w.org\/{rel}","templated":true}]}}